{"id":27408,"date":"2020-10-10T12:27:24","date_gmt":"2020-10-10T10:27:24","guid":{"rendered":"https:\/\/mto.org\/le-soufisme-et-lenvironnement\/"},"modified":"2025-12-10T17:28:54","modified_gmt":"2025-12-10T16:28:54","slug":"le-soufisme-et-lenvironnement","status":"publish","type":"page","link":"https:\/\/mto.org\/fr\/le-soufisme-et-lenvironnement\/","title":{"rendered":"Le soufisme et l&rsquo;environnement"},"content":{"rendered":"[vc_row full_width=\u00a0\u00bbstretch_row\u00a0\u00bb content_placement=\u00a0\u00bbmiddle\u00a0\u00bb remove_bottom_col_margin=\u00a0\u00bbtrue\u00a0\u00bb css=\u00a0\u00bb.vc_custom_1750755169004{padding-top: 8px !important;padding-bottom: 4px !important;}\u00a0\u00bb][vc_column]<div class=\"vcex-module vcex-divider vcex-divider-solid wpex-my-10 wpex-max-w-100 wpex-mx-auto wpex-block wpex-h-0 wpex-border-b wpex-border-solid wpex-border-gray-200\" style=\"border-color:#9fc656;\"><\/div>[vc_row_inner content_placement=\u00a0\u00bbmiddle\u00a0\u00bb css=\u00a0\u00bb.vc_custom_1750755747912{margin-top: 8px !important;margin-bottom: 8px !important;}\u00a0\u00bb][vc_column_inner width=\u00a0\u00bb1\/4&Prime;]<div class=\"vcex-heading vcex-module wpex-text-2xl wpex-font-normal wpex-m-auto wpex-max-w-100 vcex-heading-plain wpex-block wpex-text-center\" data-wpex-rcss='{&quot;font-size&quot;:{&quot;d&quot;:&quot;16px&quot;,&quot;tl&quot;:&quot;14px&quot;,&quot;tp&quot;:&quot;14px&quot;,&quot;pl&quot;:&quot;14px&quot;,&quot;pp&quot;:&quot;12px&quot;}}' style=\"color:#000000;font-family:Chivo;letter-spacing:0px;font-weight:400;text-transform:uppercase;\"><span class=\"vcex-heading-inner wpex-inline-block wpex-clr\">Durabilit\u00e9 Accueil<\/span><\/div>[\/vc_column_inner][vc_column_inner width=\u00a0\u00bb1\/4&Prime;]<div class=\"vcex-heading vcex-module wpex-text-2xl wpex-font-normal wpex-m-auto wpex-max-w-100 vcex-heading-plain wpex-block wpex-text-center\" data-wpex-rcss='{&quot;font-size&quot;:{&quot;d&quot;:&quot;16px&quot;,&quot;tl&quot;:&quot;14px&quot;,&quot;tp&quot;:&quot;14px&quot;,&quot;pl&quot;:&quot;14px&quot;,&quot;pp&quot;:&quot;12px&quot;}}' style=\"color:#000000;font-family:Chivo;letter-spacing:0px;font-weight:400;text-transform:uppercase;\"><span class=\"vcex-heading-inner wpex-inline-block wpex-clr\">Le soufisme et l&apos;environnement<\/span><\/div>[\/vc_column_inner][vc_column_inner width=\u00a0\u00bb1\/4&Prime;]<div class=\"vcex-heading vcex-module wpex-text-2xl wpex-font-normal wpex-m-auto wpex-max-w-100 vcex-heading-plain wpex-block wpex-text-center\" data-wpex-rcss='{&quot;font-size&quot;:{&quot;d&quot;:&quot;16px&quot;,&quot;tl&quot;:&quot;14px&quot;,&quot;tp&quot;:&quot;14px&quot;,&quot;pl&quot;:&quot;14px&quot;,&quot;pp&quot;:&quot;12px&quot;}}' style=\"color:#000000;font-family:Chivo;letter-spacing:0px;font-weight:400;text-transform:uppercase;\"><span class=\"vcex-heading-inner wpex-inline-block wpex-clr\">Nos objectifs en mati\u00e8re de d\u00e9veloppement durable<\/span><\/div>[\/vc_column_inner][vc_column_inner width=\u00a0\u00bb1\/4&Prime;]<div class=\"vcex-heading vcex-module wpex-text-2xl wpex-font-normal wpex-m-auto wpex-max-w-100 vcex-heading-plain wpex-block wpex-text-center\" data-wpex-rcss='{&quot;font-size&quot;:{&quot;d&quot;:&quot;16px&quot;,&quot;tl&quot;:&quot;14px&quot;,&quot;tp&quot;:&quot;14px&quot;,&quot;pl&quot;:&quot;14px&quot;,&quot;pp&quot;:&quot;12px&quot;}}' style=\"color:#000000;font-family:Chivo;letter-spacing:0px;font-weight:400;text-transform:uppercase;\"><span class=\"vcex-heading-inner wpex-inline-block wpex-clr\">\u00c9v\u00e9nements<\/span><\/div>[\/vc_column_inner][\/vc_row_inner][\/vc_column][\/vc_row][vc_row css=\u00a0\u00bb.vc_custom_1714990515321{margin-top: 88px !important;}\u00a0\u00bb][vc_column width=\u00a0\u00bb2\/3&Prime; css=\u00a0\u00bb.vc_custom_1716370756230{border-left-width: 8px !important;padding-left: 10px !important;border-left-color: #9fc656 !important;border-left-style: solid !important;}\u00a0\u00bb]<h1 class=\"vcex-heading vcex-module wpex-text-2xl wpex-font-normal wpex-m-auto wpex-max-w-100 vcex-heading-plain wpex-h1 wpex-block vc_custom_1714990534559\" style=\"font-weight:700;\"><span class=\"vcex-heading-inner wpex-inline-block wpex-clr\">Le soufisme et l&rsquo;environnement<\/span><\/h1>[vc_column_text]<span style=\"font-weight: 400;\">Les enseignements du soufisme offrent des m\u00e9thodes et des opportunit\u00e9s aux individus d\u00e9sireux d\u2019atteindre la paix et le r\u00e9confort spirituel. Le soufisme enseigne comment reconna\u00eetre et maintenir la loi essentielle de l\u2019existence : l\u2019\u00e9quilibre. L\u2019\u00e9quilibre est un \u00e9l\u00e9ment qui englobe tout \u2013 chaque individu ainsi que l\u2019harmonie de la communaut\u00e9 au sens large.   <\/span><\/p>\n<p><span style=\"font-weight: 400;\">L\u2019\u00e9quilibre est \u00e9galement repr\u00e9sent\u00e9 par le verset \u00ab Alif Lam Mim \u00bb dans le Saint Coran, verset al\u2011Baqara (2 :1). Ce verset symbolise l\u2019\u00e9quilibre inh\u00e9rent et n\u00e9cessaire aux aspects terrestres et c\u00e9lestes de la vie. Bien que les pratiques spirituelles telles que la pri\u00e8re quotidienne (  <\/span><i><span style=\"font-weight: 400;\">namaz<\/span><\/i><span style=\"font-weight: 400;\">ou le Tamarkoz\u00ae (la m\u00e9thode Tamarkoz est l\u2019art de la connaissance de soi par la concentration et la m\u00e9ditation<\/span><span style=\"font-weight: 400;\">) jouent un r\u00f4le majeur dans les enseignements du soufisme, la m\u00eame attention et le m\u00eame soin sont accord\u00e9s \u00e0 d\u2019autres aspects de la vie.<br \/>Cela inclut non seulement l\u2019engagement envers la communaut\u00e9 mais aussi le soin apport\u00e9 \u00e0 l\u2019environnement. <\/span><\/p>\n<p><span style=\"font-weight: 400;\">Certaines des fa\u00e7ons dont MTO\u00ae et ses \u00e9tudiants manifestent leur souci pour l\u2019environnement comprennent un engagement \u00e0 r\u00e9duire la quantit\u00e9 de d\u00e9chets g\u00e9n\u00e9r\u00e9s. Dans les b\u00e2timents MTO du monde entier, une attention particuli\u00e8re est port\u00e9e \u00e0 l\u2019approvisionnement en mat\u00e9riaux r\u00e9utilisables tant pour la construction des b\u00e2timents que pour les activit\u00e9s quotidiennes.<br \/>M\u00eame des actions apparemment petites comme mod\u00e9rer l\u2019usage de l\u2019eau et de l\u2019\u00e9nergie visent \u00e0 assurer le bien\u2011\u00eatre \u00e0 long terme de l\u2019environnement. Ces pratiques sont un rappel constant que les ressources fournies \u00e0 l\u2019humanit\u00e9 sur Terre doivent \u00eatre utilis\u00e9es de mani\u00e8re sage. Traiter notre plan\u00e8te de fa\u00e7on responsable est une mani\u00e8re d\u2019exprimer de la gratitude et de cr\u00e9er une prosp\u00e9rit\u00e9 durable pour les g\u00e9n\u00e9rations futures.     <\/span><\/p>\n<p><span style=\"font-weight: 400;\">Un autre principe des enseignements du soufisme est la purification et l\u2019\u00e9ducation continue de soi\u2011m\u00eame afin que le potentiel inh\u00e9rent de chaque individu puisse se manifester dans sa forme la plus absolue. <\/span><span style=\"font-weight: 400;\">Le professeur Nader Angha, ma\u00eetre soufi de MTO, a utilis\u00e9 l\u2019analogie de la graine plant\u00e9e pour symboliser la relation entre l\u2019individu et l\u2019environnement. Dans cet exemple, le professeur Angha d\u00e9crit  <\/span>la graine comme \u00e9tant d\u00e9j\u00e0 en possession de la connaissance n\u00e9cessaire pour venir \u00e0 \u00eatre et exprimer son potentiel inh\u00e9rent dans sa forme la plus belle, pourtant c\u2019est le jardinier qui doit prendre les mesures n\u00e9cessaires pour cr\u00e9er un environnement dans lequel la graine puisse s\u2019\u00e9panouir<span style=\"font-weight: 400;\">. Le jardinier veille \u00e0 ce que le processus puisse avoir lieu sans complications, choisissant l\u2019emplacement appropri\u00e9, appliquant les \u00e9tapes n\u00e9cessaires, et traitant les maladies \u00e9ventuelles.<br \/>Le jardinier ne fait pas cela pour restreindre la graine dans son processus naturel ou pour cr\u00e9er quelque chose d\u2019artificiel, mais pour cr\u00e9er les conditions n\u00e9cessaires \u00e0 ce que la graine manifeste sa connaissance et prosp\u00e8re.  <\/span><\/p>\n<p><span style=\"font-weight: 400;\">Dans notre quotidien, c&rsquo;est aussi la t\u00e2che de nous autres humains.. La plan\u00e8te sur laquelle nous vivons poss\u00e8de d\u00e9j\u00e0 toute la connaissance n\u00e9cessaire pour maintenir le cycle naturel de la vie. L\u2019intervention humaine m\u00e8ne souvent \u00e0 la restriction de ce processus et, en fin de compte, \u00e0 un d\u00e9s\u00e9quilibre de l\u2019\u00e9cosyst\u00e8me tout entier. Ensemble, nous nous engageons dans des actions b\u00e9n\u00e9fiques pour notre plan\u00e8te afin qu\u2019elle puisse prosp\u00e9rer pour des g\u00e9n\u00e9rations aujourd\u2019hui et \u00e0 l\u2019avenir.   <\/span><\/p>\n[\/vc_column_text][\/vc_column][vc_column width=\u00a0\u00bb1\/3&Prime;]<figure class=\"vcex-image vcex-module wpex-clr  wpb_animate_when_almost_visible wpb_fadeInRightBig fadeInRightBig\"><div class=\"vcex-image-inner wpex-inline-block wpex-relative wpex-image-hover shrink\"><img decoding=\"async\" loading=\"lazy\" class=\"wpex-align-middle wpex-shadow-md\" src=\"https:\/\/mto.org\/wp-content\/uploads\/2024\/06\/Dallas_2017_PPT_HD_4-1-scaled-1.jpg\" alt=\"\" width=\"2560\" height=\"1441\" \/><\/div><\/figure>[\/vc_column][\/vc_row][vc_row full_width=\u00a0\u00bbstretch_row\u00a0\u00bb content_placement=\u00a0\u00bbmiddle\u00a0\u00bb wpex_bg_overlay=\u00a0\u00bbcolor\u00a0\u00bb wpex_bg_overlay_color=\u00a0\u00bb#9fc656&Prime; wpex_bg_overlay_opacity=\u00a0\u00bb90%\u00a0\u00bb min_height=\u00a0\u00bb40vh\u00a0\u00bb css=\u00a0\u00bb.vc_custom_1752656113715{margin-top: 40px !important;margin-bottom: 40px !important;background-image: url(https:\/\/mto.org\/wp-content\/uploads\/2022\/05\/Dallas_2017_PPT_HD_1-scaled-1.jpg?id=26033) !important;background-position: center !important;background-repeat: no-repeat !important;background-size: cover !important;}\u00a0\u00bb][vc_column width=\u00a0\u00bb1\/2&Prime;]<h4 class=\"vcex-heading vcex-module wpex-text-2xl wpex-font-normal wpex-m-auto wpex-max-w-100 vcex-heading-plain wpex-h4 wpex-block\" data-wpex-rcss='{&quot;font-size&quot;:{&quot;d&quot;:&quot;17px&quot;,&quot;tl&quot;:&quot;16px&quot;,&quot;tp&quot;:&quot;16px&quot;,&quot;pl&quot;:&quot;15px&quot;,&quot;pp&quot;:&quot;15px&quot;}}' style=\"color:#ffffff;font-weight:200;text-transform:uppercase;\"><span class=\"vcex-heading-inner wpex-inline-block wpex-clr\">Soutien \u00e0 la communaut\u00e9<\/span><\/h4><h1 class=\"vcex-heading vcex-module wpex-text-2xl wpex-font-normal wpex-m-auto wpex-max-w-100 vcex-heading-plain wpex-h1 wpex-block vc_custom_1716370795756\" style=\"color:#ffffff;font-weight:700;\"><span class=\"vcex-heading-inner wpex-inline-block wpex-clr\">Engageons\u2011nous<\/span><\/h1>[vc_column_text color=\u00a0\u00bb#ffffff\u00a0\u00bb css=\u00a0\u00bb.vc_custom_1716370813161{margin-bottom: 8px !important;}\u00a0\u00bb]pour les associations et initiatives \u00e0 vocation environnementale \u00e0 venir, pour la durabilit\u00e9 future et la prosp\u00e9rit\u00e9 de notre plan\u00e8te.[\/vc_column_text][\/vc_column][vc_column width=\u00a0\u00bb1\/2&Prime;]<div class=\"vcex-module wpex-social-btns vcex-social-btns textcenter wpex-last-mr-0\" style=\"font-size:15px;\"><a  href=\"\/contact\/\" class=\"wpex-social-btn wpex-social-btn-no-style wpex-mb-5 wpex-mr-5 wpex-has-custom-color wpex-email\" style=\"color:#ffffff;\" data-wpex-hover=\"{&quot;color&quot;:&quot;accent-alt&quot;}\"><span class=\"ticon ticon-envelope\" aria-hidden=\"true\"><\/span><span class=\"screen-reader-text\">Email<\/span><\/a><a  href=\"https:\/\/www.facebook.com\/mtoshahmaghsoudi\" class=\"wpex-social-btn wpex-social-btn-no-style wpex-mb-5 wpex-mr-5 wpex-has-custom-color wpex-facebook\" style=\"color:#ffffff;\" data-wpex-hover=\"{&quot;color&quot;:&quot;accent-alt&quot;}\"><span class=\"ticon ticon-facebook\" aria-hidden=\"true\"><\/span><span class=\"screen-reader-text\">Facebook<\/span><\/a><a  href=\"https:\/\/www.instagram.com\/mtoshahmaghsoudi\" class=\"wpex-social-btn wpex-social-btn-no-style wpex-mb-5 wpex-mr-5 wpex-has-custom-color wpex-instagram\" style=\"color:#ffffff;\" data-wpex-hover=\"{&quot;color&quot;:&quot;accent-alt&quot;}\"><span class=\"ticon ticon-instagram\" aria-hidden=\"true\"><\/span><span class=\"screen-reader-text\">Instagram<\/span><\/a><a  href=\"https:\/\/www.linkedin.com\/company\/mtoshahmaghsoudi\/\" class=\"wpex-social-btn wpex-social-btn-no-style wpex-mb-5 wpex-mr-5 wpex-has-custom-color wpex-linkedin\" style=\"color:#ffffff;\" data-wpex-hover=\"{&quot;color&quot;:&quot;accent-alt&quot;}\"><span class=\"ticon ticon-linkedin\" aria-hidden=\"true\"><\/span><span class=\"screen-reader-text\">Linkedin<\/span><\/a><a  href=\"https:\/\/twitter.com\/mtoshahmaghsoud\" class=\"wpex-social-btn wpex-social-btn-no-style wpex-mb-5 wpex-mr-5 wpex-has-custom-color wpex-x-twitter\" style=\"color:#ffffff;\" data-wpex-hover=\"{&quot;color&quot;:&quot;accent-alt&quot;}\"><span class=\"\" aria-hidden=\"true\"><\/span><span class=\"screen-reader-text\">X-twitter<\/span><\/a><a  href=\"https:\/\/vimeo.com\/user103184170\" class=\"wpex-social-btn wpex-social-btn-no-style wpex-mb-5 wpex-mr-5 wpex-has-custom-color wpex-vimeo\" style=\"color:#ffffff;\" data-wpex-hover=\"{&quot;color&quot;:&quot;accent-alt&quot;}\"><span class=\"ticon ticon-vimeo\" aria-hidden=\"true\"><\/span><span class=\"screen-reader-text\">Vimeo<\/span><\/a><\/div>[\/vc_column][\/vc_row]\n","protected":false},"excerpt":{"rendered":"<p>[vc_row full_width=\u00a0\u00bbstretch_row\u00a0\u00bb content_placement=\u00a0\u00bbmiddle\u00a0\u00bb remove_bottom_col_margin=\u00a0\u00bbtrue\u00a0\u00bb css=\u00a0\u00bb.vc_custom_1750755169004{padding-top: 8px !important;padding-bottom: 4px !important;}\u00a0\u00bb][vc_column][vc_row_inner content_placement=\u00a0\u00bbmiddle\u00a0\u00bb css=\u00a0\u00bb.vc_custom_1750755747912{margin-top: 8px !important;margin-bottom: 8px !important;}\u00a0\u00bb][vc_column_inner width=\u00a0\u00bb1\/4&Prime;][\/vc_column_inner][vc_column_inner width=\u00a0\u00bb1\/4&Prime;][\/vc_column_inner][vc_column_inner width=\u00a0\u00bb1\/4&Prime;][\/vc_column_inner][vc_column_inner width=\u00a0\u00bb1\/4&Prime;][\/vc_column_inner][\/vc_row_inner][\/vc_column][\/vc_row][vc_row css=\u00a0\u00bb.vc_custom_1714990515321{margin-top: 88px !important;}\u00a0\u00bb][vc_column width=\u00a0\u00bb2\/3&Prime; css=\u00a0\u00bb.vc_custom_1716370756230{border-left-width: 8px !important;padding-left: 10px !important;border-left-color: #9fc656 !important;border-left-style: solid !important;}\u00a0\u00bb][vc_column_text]Les enseignements du soufisme offrent des m\u00e9thodes et des&hellip;<\/p>\n","protected":false},"author":1,"featured_media":27409,"parent":0,"menu_order":0,"comment_status":"closed","ping_status":"closed","template":"","meta":{"_EventAllDay":false,"_EventTimezone":"","_EventStartDate":"","_EventEndDate":"","_EventStartDateUTC":"","_EventEndDateUTC":"","_EventShowMap":false,"_EventShowMapLink":false,"_EventURL":"","_EventCost":"","_EventCostDescription":"","_EventCurrencySymbol":"","_EventCurrencyCode":"","_EventCurrencyPosition":"","_EventDateTimeSeparator":"","_EventTimeRangeSeparator":"","_EventOrganizerID":[],"_EventVenueID":[],"_OrganizerEmail":"","_OrganizerPhone":"","_OrganizerWebsite":"","_VenueAddress":"","_VenueCity":"","_VenueCountry":"","_VenueProvince":"","_VenueState":"","_VenueZip":"","_VenuePhone":"","_VenueURL":"","_VenueStateProvince":"","_VenueLat":"","_VenueLng":"","_VenueShowMap":false,"_VenueShowMapLink":false,"footnotes":""},"class_list":["post-27408","page","type-page","status-publish","has-post-thumbnail","hentry","entry","no-media"],"yoast_head":"<!-- This site is optimized with the Yoast SEO plugin v24.8.1 - https:\/\/yoast.com\/wordpress\/plugins\/seo\/ -->\n<title>Le soufisme et l&#039;environnement - MTO Shahmaghsoudi<\/title>\n<meta name=\"robots\" content=\"index, follow, max-snippet:-1, max-image-preview:large, max-video-preview:-1\" \/>\n<link rel=\"canonical\" href=\"https:\/\/mto.org\/fr\/le-soufisme-et-lenvironnement\/\" \/>\n<meta property=\"og:locale\" content=\"fr_FR\" \/>\n<meta property=\"og:type\" content=\"article\" \/>\n<meta property=\"og:title\" content=\"Le soufisme et l&#039;environnement - MTO Shahmaghsoudi\" \/>\n<meta property=\"og:description\" content=\"[vc_row full_width=\u00a0\u00bbstretch_row\u00a0\u00bb content_placement=\u00a0\u00bbmiddle\u00a0\u00bb remove_bottom_col_margin=\u00a0\u00bbtrue\u00a0\u00bb css=\u00a0\u00bb.vc_custom_1750755169004{padding-top: 8px !important;padding-bottom: 4px !important;}\u00a0\u00bb][vc_column][vc_row_inner content_placement=\u00a0\u00bbmiddle\u00a0\u00bb css=\u00a0\u00bb.vc_custom_1750755747912{margin-top: 8px !important;margin-bottom: 8px !important;}\u00a0\u00bb][vc_column_inner width=\u00a0\u00bb1\/4&Prime;][\/vc_column_inner][vc_column_inner width=\u00a0\u00bb1\/4&Prime;][\/vc_column_inner][vc_column_inner width=\u00a0\u00bb1\/4&Prime;][\/vc_column_inner][vc_column_inner width=\u00a0\u00bb1\/4&Prime;][\/vc_column_inner][\/vc_row_inner][\/vc_column][\/vc_row][vc_row css=\u00a0\u00bb.vc_custom_1714990515321{margin-top: 88px !important;}\u00a0\u00bb][vc_column width=\u00a0\u00bb2\/3&Prime; css=\u00a0\u00bb.vc_custom_1716370756230{border-left-width: 8px !important;padding-left: 10px !important;border-left-color: #9fc656 !important;border-left-style: solid !important;}\u00a0\u00bb][vc_column_text]Les enseignements du soufisme offrent des m\u00e9thodes et des&hellip;\" \/>\n<meta property=\"og:url\" content=\"https:\/\/mto.org\/fr\/le-soufisme-et-lenvironnement\/\" \/>\n<meta property=\"og:site_name\" content=\"MTO Shahmaghsoudi\" \/>\n<meta property=\"article:publisher\" content=\"https:\/\/www.facebook.com\/mtoshahmaghsoudi\" \/>\n<meta property=\"article:modified_time\" content=\"2025-12-10T16:28:54+00:00\" \/>\n<meta property=\"og:image\" content=\"https:\/\/mto.org\/wp-content\/uploads\/2020\/09\/Virginia_2017_PPT_HD_1-scaled-1.jpg\" \/>\n\t<meta property=\"og:image:width\" content=\"2560\" \/>\n\t<meta property=\"og:image:height\" content=\"1441\" \/>\n\t<meta property=\"og:image:type\" content=\"image\/jpeg\" \/>\n<meta name=\"twitter:card\" content=\"summary_large_image\" \/>\n<meta name=\"twitter:site\" content=\"@mtoshahmaghsoud\" \/>\n<meta name=\"twitter:label1\" content=\"Dur\u00e9e de lecture estim\u00e9e\" \/>\n\t<meta name=\"twitter:data1\" content=\"6 minutes\" \/>\n<script type=\"application\/ld+json\" class=\"yoast-schema-graph\">{\"@context\":\"https:\/\/schema.org\",\"@graph\":[{\"@type\":\"WebPage\",\"@id\":\"https:\/\/mto.org\/fr\/le-soufisme-et-lenvironnement\/\",\"url\":\"https:\/\/mto.org\/fr\/le-soufisme-et-lenvironnement\/\",\"name\":\"Le soufisme et l'environnement - MTO Shahmaghsoudi\",\"isPartOf\":{\"@id\":\"https:\/\/mto.org\/#website\"},\"primaryImageOfPage\":{\"@id\":\"https:\/\/mto.org\/fr\/le-soufisme-et-lenvironnement\/#primaryimage\"},\"image\":{\"@id\":\"https:\/\/mto.org\/fr\/le-soufisme-et-lenvironnement\/#primaryimage\"},\"thumbnailUrl\":\"https:\/\/mto.org\/wp-content\/uploads\/2020\/09\/Virginia_2017_PPT_HD_1-scaled-1.jpg\",\"datePublished\":\"2020-10-10T10:27:24+00:00\",\"dateModified\":\"2025-12-10T16:28:54+00:00\",\"breadcrumb\":{\"@id\":\"https:\/\/mto.org\/fr\/le-soufisme-et-lenvironnement\/#breadcrumb\"},\"inLanguage\":\"fr-FR\",\"potentialAction\":[{\"@type\":\"ReadAction\",\"target\":[\"https:\/\/mto.org\/fr\/le-soufisme-et-lenvironnement\/\"]}]},{\"@type\":\"ImageObject\",\"inLanguage\":\"fr-FR\",\"@id\":\"https:\/\/mto.org\/fr\/le-soufisme-et-lenvironnement\/#primaryimage\",\"url\":\"https:\/\/mto.org\/wp-content\/uploads\/2020\/09\/Virginia_2017_PPT_HD_1-scaled-1.jpg\",\"contentUrl\":\"https:\/\/mto.org\/wp-content\/uploads\/2020\/09\/Virginia_2017_PPT_HD_1-scaled-1.jpg\",\"width\":2560,\"height\":1441},{\"@type\":\"BreadcrumbList\",\"@id\":\"https:\/\/mto.org\/fr\/le-soufisme-et-lenvironnement\/#breadcrumb\",\"itemListElement\":[{\"@type\":\"ListItem\",\"position\":1,\"name\":\"Home\",\"item\":\"https:\/\/mto.org\/\"},{\"@type\":\"ListItem\",\"position\":2,\"name\":\"Le soufisme et l&rsquo;environnement\"}]},{\"@type\":\"WebSite\",\"@id\":\"https:\/\/mto.org\/#website\",\"url\":\"https:\/\/mto.org\/\",\"name\":\"MTO Shahmaghsoudi\",\"description\":\"School of Islamic Sufism\",\"publisher\":{\"@id\":\"https:\/\/mto.org\/#organization\"},\"potentialAction\":[{\"@type\":\"SearchAction\",\"target\":{\"@type\":\"EntryPoint\",\"urlTemplate\":\"https:\/\/mto.org\/?s={search_term_string}\"},\"query-input\":{\"@type\":\"PropertyValueSpecification\",\"valueRequired\":true,\"valueName\":\"search_term_string\"}}],\"inLanguage\":\"fr-FR\"},{\"@type\":\"Organization\",\"@id\":\"https:\/\/mto.org\/#organization\",\"name\":\"MTO Shahmaghsoudi\",\"url\":\"https:\/\/mto.org\/\",\"logo\":{\"@type\":\"ImageObject\",\"inLanguage\":\"fr-FR\",\"@id\":\"https:\/\/mto.org\/#\/schema\/logo\/image\/\",\"url\":\"https:\/\/mto.org\/wp-content\/uploads\/2023\/03\/MTO_LOGO_Header.png\",\"contentUrl\":\"https:\/\/mto.org\/wp-content\/uploads\/2023\/03\/MTO_LOGO_Header.png\",\"width\":200,\"height\":200,\"caption\":\"MTO Shahmaghsoudi\"},\"image\":{\"@id\":\"https:\/\/mto.org\/#\/schema\/logo\/image\/\"},\"sameAs\":[\"https:\/\/www.facebook.com\/mtoshahmaghsoudi\",\"https:\/\/x.com\/mtoshahmaghsoud\",\"https:\/\/www.instagram.com\/mtoshahmaghsoudi\/\"]}]}<\/script>\n<!-- \/ Yoast SEO plugin. -->","yoast_head_json":{"title":"Le soufisme et l'environnement - MTO Shahmaghsoudi","robots":{"index":"index","follow":"follow","max-snippet":"max-snippet:-1","max-image-preview":"max-image-preview:large","max-video-preview":"max-video-preview:-1"},"canonical":"https:\/\/mto.org\/fr\/le-soufisme-et-lenvironnement\/","og_locale":"fr_FR","og_type":"article","og_title":"Le soufisme et l'environnement - MTO Shahmaghsoudi","og_description":"[vc_row full_width=\u00a0\u00bbstretch_row\u00a0\u00bb content_placement=\u00a0\u00bbmiddle\u00a0\u00bb remove_bottom_col_margin=\u00a0\u00bbtrue\u00a0\u00bb css=\u00a0\u00bb.vc_custom_1750755169004{padding-top: 8px !important;padding-bottom: 4px !important;}\u00a0\u00bb][vc_column][vc_row_inner content_placement=\u00a0\u00bbmiddle\u00a0\u00bb css=\u00a0\u00bb.vc_custom_1750755747912{margin-top: 8px !important;margin-bottom: 8px !important;}\u00a0\u00bb][vc_column_inner width=\u00a0\u00bb1\/4&Prime;][\/vc_column_inner][vc_column_inner width=\u00a0\u00bb1\/4&Prime;][\/vc_column_inner][vc_column_inner width=\u00a0\u00bb1\/4&Prime;][\/vc_column_inner][vc_column_inner width=\u00a0\u00bb1\/4&Prime;][\/vc_column_inner][\/vc_row_inner][\/vc_column][\/vc_row][vc_row css=\u00a0\u00bb.vc_custom_1714990515321{margin-top: 88px !important;}\u00a0\u00bb][vc_column width=\u00a0\u00bb2\/3&Prime; css=\u00a0\u00bb.vc_custom_1716370756230{border-left-width: 8px !important;padding-left: 10px !important;border-left-color: #9fc656 !important;border-left-style: solid !important;}\u00a0\u00bb][vc_column_text]Les enseignements du soufisme offrent des m\u00e9thodes et des&hellip;","og_url":"https:\/\/mto.org\/fr\/le-soufisme-et-lenvironnement\/","og_site_name":"MTO Shahmaghsoudi","article_publisher":"https:\/\/www.facebook.com\/mtoshahmaghsoudi","article_modified_time":"2025-12-10T16:28:54+00:00","og_image":[{"width":2560,"height":1441,"url":"https:\/\/mto.org\/wp-content\/uploads\/2020\/09\/Virginia_2017_PPT_HD_1-scaled-1.jpg","type":"image\/jpeg"}],"twitter_card":"summary_large_image","twitter_site":"@mtoshahmaghsoud","twitter_misc":{"Dur\u00e9e de lecture estim\u00e9e":"6 minutes"},"schema":{"@context":"https:\/\/schema.org","@graph":[{"@type":"WebPage","@id":"https:\/\/mto.org\/fr\/le-soufisme-et-lenvironnement\/","url":"https:\/\/mto.org\/fr\/le-soufisme-et-lenvironnement\/","name":"Le soufisme et l'environnement - MTO Shahmaghsoudi","isPartOf":{"@id":"https:\/\/mto.org\/#website"},"primaryImageOfPage":{"@id":"https:\/\/mto.org\/fr\/le-soufisme-et-lenvironnement\/#primaryimage"},"image":{"@id":"https:\/\/mto.org\/fr\/le-soufisme-et-lenvironnement\/#primaryimage"},"thumbnailUrl":"https:\/\/mto.org\/wp-content\/uploads\/2020\/09\/Virginia_2017_PPT_HD_1-scaled-1.jpg","datePublished":"2020-10-10T10:27:24+00:00","dateModified":"2025-12-10T16:28:54+00:00","breadcrumb":{"@id":"https:\/\/mto.org\/fr\/le-soufisme-et-lenvironnement\/#breadcrumb"},"inLanguage":"fr-FR","potentialAction":[{"@type":"ReadAction","target":["https:\/\/mto.org\/fr\/le-soufisme-et-lenvironnement\/"]}]},{"@type":"ImageObject","inLanguage":"fr-FR","@id":"https:\/\/mto.org\/fr\/le-soufisme-et-lenvironnement\/#primaryimage","url":"https:\/\/mto.org\/wp-content\/uploads\/2020\/09\/Virginia_2017_PPT_HD_1-scaled-1.jpg","contentUrl":"https:\/\/mto.org\/wp-content\/uploads\/2020\/09\/Virginia_2017_PPT_HD_1-scaled-1.jpg","width":2560,"height":1441},{"@type":"BreadcrumbList","@id":"https:\/\/mto.org\/fr\/le-soufisme-et-lenvironnement\/#breadcrumb","itemListElement":[{"@type":"ListItem","position":1,"name":"Home","item":"https:\/\/mto.org\/"},{"@type":"ListItem","position":2,"name":"Le soufisme et l&rsquo;environnement"}]},{"@type":"WebSite","@id":"https:\/\/mto.org\/#website","url":"https:\/\/mto.org\/","name":"MTO Shahmaghsoudi","description":"School of Islamic Sufism","publisher":{"@id":"https:\/\/mto.org\/#organization"},"potentialAction":[{"@type":"SearchAction","target":{"@type":"EntryPoint","urlTemplate":"https:\/\/mto.org\/?s={search_term_string}"},"query-input":{"@type":"PropertyValueSpecification","valueRequired":true,"valueName":"search_term_string"}}],"inLanguage":"fr-FR"},{"@type":"Organization","@id":"https:\/\/mto.org\/#organization","name":"MTO Shahmaghsoudi","url":"https:\/\/mto.org\/","logo":{"@type":"ImageObject","inLanguage":"fr-FR","@id":"https:\/\/mto.org\/#\/schema\/logo\/image\/","url":"https:\/\/mto.org\/wp-content\/uploads\/2023\/03\/MTO_LOGO_Header.png","contentUrl":"https:\/\/mto.org\/wp-content\/uploads\/2023\/03\/MTO_LOGO_Header.png","width":200,"height":200,"caption":"MTO Shahmaghsoudi"},"image":{"@id":"https:\/\/mto.org\/#\/schema\/logo\/image\/"},"sameAs":["https:\/\/www.facebook.com\/mtoshahmaghsoudi","https:\/\/x.com\/mtoshahmaghsoud","https:\/\/www.instagram.com\/mtoshahmaghsoudi\/"]}]}},"_links":{"self":[{"href":"https:\/\/mto.org\/fr\/wp-json\/wp\/v2\/pages\/27408","targetHints":{"allow":["GET"]}}],"collection":[{"href":"https:\/\/mto.org\/fr\/wp-json\/wp\/v2\/pages"}],"about":[{"href":"https:\/\/mto.org\/fr\/wp-json\/wp\/v2\/types\/page"}],"author":[{"embeddable":true,"href":"https:\/\/mto.org\/fr\/wp-json\/wp\/v2\/users\/1"}],"replies":[{"embeddable":true,"href":"https:\/\/mto.org\/fr\/wp-json\/wp\/v2\/comments?post=27408"}],"version-history":[{"count":2,"href":"https:\/\/mto.org\/fr\/wp-json\/wp\/v2\/pages\/27408\/revisions"}],"predecessor-version":[{"id":27411,"href":"https:\/\/mto.org\/fr\/wp-json\/wp\/v2\/pages\/27408\/revisions\/27411"}],"wp:featuredmedia":[{"embeddable":true,"href":"https:\/\/mto.org\/fr\/wp-json\/wp\/v2\/media\/27409"}],"wp:attachment":[{"href":"https:\/\/mto.org\/fr\/wp-json\/wp\/v2\/media?parent=27408"}],"curies":[{"name":"wp","href":"https:\/\/api.w.org\/{rel}","templated":true}]}}