{"id":17575,"date":"2022-07-27T13:39:48","date_gmt":"2022-07-27T11:39:48","guid":{"rendered":"https:\/\/mto.org\/a-propos-de-mto\/notre-avenir-jeunesse-terre-communaute\/"},"modified":"2023-05-01T21:50:35","modified_gmt":"2023-05-01T19:50:35","slug":"notre-avenir-jeunesse-terre-communaute","status":"publish","type":"page","link":"https:\/\/mto.org\/fr\/a-propos-de-mto\/notre-avenir-jeunesse-terre-communaute\/","title":{"rendered":"Notre Avenir (Terre, Jeunesse et D\u00e9veloppement durable)"},"content":{"rendered":"[vc_row full_width=\u00a0\u00bbstretch_row\u00a0\u00bb content_placement=\u00a0\u00bbmiddle\u00a0\u00bb video_bg=\u00a0\u00bbself_hosted\u00a0\u00bb wpex_shape_divider_bottom=\u00a0\u00bbwaves\u00a0\u00bb wpex_shape_divider_bottom_invert=\u00a0\u00bbtrue\u00a0\u00bb min_height=\u00a0\u00bb44vh\u00a0\u00bb wpex_shape_divider_bottom_height=\u00a0\u00bb55&Prime; css=\u00a0\u00bb.vc_custom_1673866133447{padding-top: 10vh !important;padding-bottom: 10vh !important;background-position: center !important;background-repeat: no-repeat !important;background-size: cover !important;}\u00a0\u00bb video_bg_mp4=\u00a0\u00bbhttps:\/\/mto.org\/wp-content\/uploads\/2022\/08\/Hintergrund_Erde.mp4&Prime;][vc_column width=\u00a0\u00bb1\/2&Prime;]<h4 class=\"vcex-heading vcex-module wpex-text-2xl wpex-font-normal wpex-m-auto wpex-max-w-100 vcex-heading-plain wpex-h4 wpex-block vc_custom_1661776429742\" data-wpex-rcss='{&quot;font-size&quot;:{&quot;d&quot;:&quot;17px&quot;,&quot;tl&quot;:&quot;16px&quot;,&quot;tp&quot;:&quot;16px&quot;,&quot;pl&quot;:&quot;15px&quot;,&quot;pp&quot;:&quot;15px&quot;}}' data-wpex-hover=\"{&quot;color&quot;:&quot;#9fc656&quot;}\" style=\"color:#ffffff;letter-spacing:1px;font-weight:200;text-transform:uppercase;\"><span class=\"vcex-heading-inner wpex-inline-block wpex-clr\">Notre avenir<\/span><\/h4><h1 class=\"vcex-heading vcex-module wpex-text-2xl wpex-font-normal wpex-m-auto wpex-max-w-100 vcex-heading-plain wpex-h1 wpex-block vc_custom_1682882778699\" style=\"color:#ffffff;\"><span class=\"vcex-heading-inner wpex-inline-block wpex-clr\">Terre, jeunesse et d\u00e9veloppement durable<\/span><\/h1>[\/vc_column][vc_column width=\u00a0\u00bb1\/2&Prime;][\/vc_column][\/vc_row][vc_row min_height=\u00a0\u00bb40vh\u00a0\u00bb][vc_column]<h2 class=\"vcex-heading vcex-module wpex-text-2xl wpex-font-normal wpex-m-auto wpex-max-w-100 vcex-heading-plain wpex-h2 wpex-block vc_custom_1661778810799\" data-wpex-rcss='{&quot;font-size&quot;:{&quot;d&quot;:&quot;27px&quot;,&quot;tl&quot;:&quot;25px&quot;,&quot;tp&quot;:&quot;25px&quot;,&quot;pl&quot;:&quot;23px&quot;,&quot;pp&quot;:&quot;23px&quot;}}'><span class=\"vcex-heading-inner wpex-inline-block wpex-clr\">Il n'y a pas de plan\u00e8te B.<\/span><\/h2>[vc_separator color=\u00a0\u00bbblack\u00a0\u00bb]<div class=\"vcex-spacing wpex-w-100 wpex-clear\" style=\"height:40px\"><\/div>[vc_row_inner][vc_column_inner width=\u00a0\u00bb1\/2&Prime;]<h3 class=\"vcex-heading vcex-module wpex-text-2xl wpex-font-normal wpex-m-auto wpex-max-w-100 vcex-heading-plain wpex-h3 wpex-block vc_custom_1682882850541\" data-wpex-rcss='{&quot;font-size&quot;:{&quot;d&quot;:&quot;17px&quot;,&quot;tl&quot;:&quot;16px&quot;,&quot;tp&quot;:&quot;16px&quot;,&quot;pl&quot;:&quot;15px&quot;,&quot;pp&quot;:&quot;15px&quot;}}'><span class=\"vcex-heading-inner wpex-inline-block wpex-clr\">Nos objectifs de d\u00e9veloppement durable<\/span><\/h3>[vc_column_text]Nos initiatives sociales sont au centre des services rendus aux communaut\u00e9s locales, avec un accent particulier port\u00e9 sur l&rsquo;\u00e9ducation et les actions caritatives.[\/vc_column_text]<div class=\"vcex-spacing wpex-w-100 wpex-clear\" style=\"height:40px\"><\/div><a href=\"https:\/\/mto.org\/globalactivities\/sustainabilty\/\" class=\"vcex-icon-box-link-wrap wpex-inherit-color wpex-no-underline\" target=\"_blank\" rel=\"noopener noreferrer\"><div class=\"vcex-module vcex-icon-box vcex-icon-box-one wpex-relative wpex-flex wpex-shadow-xs wpex-hover-shadow-md wpex-p-0 wpex-text-left wpex-hover-white-text hvr hvr-grow vc_custom_1682883038264\" data-wpex-hover=\"{&quot;background&quot;:&quot;#f2a81d&quot;}\" style=\"border-radius:8px;\"><div class=\"vcex-icon-box-symbol wpex-flex-shrink-0 wpex-mr-20\"><img decoding=\"async\" src=\"https:\/\/mto.org\/wp-content\/uploads\/2022\/05\/MTO_Sustain-1.jpg\" alt='' class=\"vcex-icon-box-image wpex-align-middle\" style=\"width:88px;\" \/><\/div><div class=\"vcex-icon-box-text wpex-flex-grow\"><h2 class=\"vcex-icon-box-heading wpex-heading wpex-text-md wpex-mb-10\" style=\"color:#000000;\">Engageons-nous ! <span class=\"wpex-badge\" style=\"background-color:#f2a81d;\">mtosustainability.org<\/span><\/h2><div class=\"vcex-icon-box-content wpex-last-mb-0 wpex-clr\" style=\"color:#000000;font-size:11px;\"><p>Nous reconnaissons l&rsquo;urgence du changement climatique et le niveau de collaboration n\u00e9cessaire pour apporter un changement durable. Nous travaillons r\u00e9guli\u00e8rement en partenariat avec des associations caritatives locales, des municipalit\u00e9s et des organisations environnementales. Chacun de nos centres s&#8217;emploie activement \u00e0 \u00e9tablir des partenariats locaux. Si vous \u00eates int\u00e9ress\u00e9, n&rsquo;h\u00e9sitez pas \u00e0 prendre contact avec nous.<\/p>\n<\/div><\/div><\/div><\/a>[\/vc_column_inner][vc_column_inner width=\u00a0\u00bb1\/2&Prime;]<h4 class=\"vcex-heading vcex-module wpex-text-2xl wpex-font-normal wpex-m-auto wpex-max-w-100 vcex-heading-plain wpex-h4 wpex-block\" data-wpex-rcss='{&quot;font-size&quot;:{&quot;d&quot;:&quot;17px&quot;,&quot;tl&quot;:&quot;16px&quot;,&quot;tp&quot;:&quot;16px&quot;,&quot;pl&quot;:&quot;15px&quot;,&quot;pp&quot;:&quot;15px&quot;}}' style=\"color:#000000;font-weight:200;text-transform:uppercase;line-height:1;\"><span class=\"vcex-heading-inner wpex-inline-block wpex-clr\">Objectifs de d\u00e9veloppement durable de l'Organisation des Nations-Unies<\/span><\/h4><h2 class=\"vcex-heading vcex-module wpex-text-2xl wpex-font-normal wpex-m-auto wpex-max-w-100 vcex-heading-plain wpex-h2 wpex-block vc_custom_1661778512788\" data-wpex-rcss='{&quot;font-size&quot;:{&quot;d&quot;:&quot;27px&quot;,&quot;tl&quot;:&quot;25px&quot;,&quot;tp&quot;:&quot;25px&quot;,&quot;pl&quot;:&quot;23px&quot;,&quot;pp&quot;:&quot;23px&quot;}}' style=\"color:#000000;\"><span class=\"vcex-heading-inner wpex-inline-block wpex-clr\">Un projet de paix !<\/span><\/h2>[vc_column_text color=\u00a0\u00bb#000000&Prime; css=\u00a0\u00bb.vc_custom_1682970504082{margin-right: 16px !important;}\u00a0\u00bb]R\u00e9duire l&rsquo;impact des activit\u00e9s humaines sur l&rsquo;environnement, pour la paix et la prosp\u00e9rit\u00e9 des individus et de la plan\u00e8te, pour aujourd&rsquo;hui et pour demain.[\/vc_column_text]<div class=\"vcex-spacing wpex-w-100 wpex-clear\" style=\"height:40px\"><\/div>[vc_video link=\u00a0\u00bbhttps:\/\/vimeo.com\/518934783&Prime;][\/vc_column_inner][\/vc_row_inner][\/vc_column][\/vc_row][vc_row full_width=\u00a0\u00bbstretch_row\u00a0\u00bb content_placement=\u00a0\u00bbmiddle\u00a0\u00bb column_spacing=\u00a0\u00bb5&Prime; parallax=\u00a0\u00bbcontent-moving\u00a0\u00bb parallax_image=\u00a0\u00bb671&Prime; wpex_bg_overlay=\u00a0\u00bbdark\u00a0\u00bb wpex_shape_divider_top=\u00a0\u00bbwaves\u00a0\u00bb wpex_shape_divider_bottom=\u00a0\u00bbwaves\u00a0\u00bb min_height=\u00a0\u00bb50vh\u00a0\u00bb wpex_bg_overlay_color=\u00a0\u00bb#f2a81d\u00a0\u00bb css=\u00a0\u00bb.vc_custom_1673866233540{padding-top: 16vh !important;padding-bottom: 16vh !important;background-color: #f2a81d !important;}\u00a0\u00bb local_scroll_id=\u00a0\u00bbcommunity\u00a0\u00bb el_id=\u00a0\u00bbcommunity\u00a0\u00bb wpex_shape_divider_top_height=\u00a0\u00bb40&Prime; wpex_shape_divider_bottom_height=\u00a0\u00bb120&Prime;][vc_column width=\u00a0\u00bb1\/2&Prime;][\/vc_column][vc_column width=\u00a0\u00bb1\/2&Prime;][\/vc_column][\/vc_row][vc_row full_width=\u00a0\u00bbstretch_row\u00a0\u00bb content_placement=\u00a0\u00bbtop\u00a0\u00bb column_spacing=\u00a0\u00bb5&Prime; min_height=\u00a0\u00bb50vh\u00a0\u00bb css=\u00a0\u00bb.vc_custom_1673359018864{padding-top: 16vh !important;padding-bottom: 16vh !important;}\u00a0\u00bb local_scroll_id=\u00a0\u00bbyouth\u00a0\u00bb el_id=\u00a0\u00bbyouth\u00a0\u00bb][vc_column width=\u00a0\u00bb1\/2&Prime;]<h4 class=\"vcex-heading vcex-module wpex-text-2xl wpex-font-normal wpex-m-auto wpex-max-w-100 vcex-heading-plain wpex-h4 wpex-block\" data-wpex-rcss='{&quot;font-size&quot;:{&quot;d&quot;:&quot;17px&quot;,&quot;tl&quot;:&quot;16px&quot;,&quot;tp&quot;:&quot;16px&quot;,&quot;pl&quot;:&quot;15px&quot;,&quot;pp&quot;:&quot;15px&quot;}}' style=\"color:#000000;font-weight:200;text-transform:uppercase;line-height:1;\"><span class=\"vcex-heading-inner wpex-inline-block wpex-clr\">\u00c9DUCATION<\/span><\/h4><h2 class=\"vcex-heading vcex-module wpex-text-2xl wpex-font-normal wpex-m-auto wpex-max-w-100 vcex-heading-plain wpex-h2 wpex-block vc_custom_1682883326488\" data-wpex-rcss='{&quot;font-size&quot;:{&quot;d&quot;:&quot;27px&quot;,&quot;tl&quot;:&quot;25px&quot;,&quot;tp&quot;:&quot;25px&quot;,&quot;pl&quot;:&quot;23px&quot;,&quot;pp&quot;:&quot;23px&quot;}}' style=\"color:#000000;\"><span class=\"vcex-heading-inner wpex-inline-block wpex-clr\">Apprendre pour la vie, gr\u00e2ce aux traditions<\/span><\/h2>[vc_column_text color=\u00a0\u00bb#000000&Prime; css=\u00a0\u00bb.vc_custom_1682970572200{margin-right: 16px !important;}\u00a0\u00bb]Nos jeunes exp\u00e9rimentent de nombreuses choses positives dans leur vie priv\u00e9e et professionnelle, gr\u00e2ce aux enseignements de notre \u00e9cole. Il ne s&rsquo;agit pas tant des enseignements th\u00e9oriques de l&rsquo;Islam, que de leur interpr\u00e9tation pour r\u00e9pondre aux d\u00e9fis de notre \u00e9poque, ici en France. Les jeunes apprennent la concentration, la volont\u00e9, et la confiance en soi, mais aussi l&rsquo;\u00e9quilibre et le bien-\u00eatre.[\/vc_column_text][\/vc_column][vc_column width=\u00a0\u00bb1\/2&Prime;][vc_row_inner gap=\u00a0\u00bb5&Prime; remove_bottom_col_margin=\u00a0\u00bbtrue\u00a0\u00bb][vc_column_inner width=\u00a0\u00bb1\/2&Prime;]<a href=\"https:\/\/mto.org\/globalactivities\/sufi-youth-conference\/\" class=\"vcex-icon-box-link-wrap wpex-inherit-color wpex-no-underline\" target=\"_blank\" rel=\"noopener noreferrer\"><div class=\"vcex-module vcex-icon-box vcex-icon-box-one wpex-relative wpex-flex wpex-shadow-xs wpex-hover-shadow-md wpex-p-0 wpex-text-left wpex-hover-white-text hvr hvr-grow vc_custom_1682970602319\" data-wpex-hover=\"{&quot;background&quot;:&quot;#7451a6&quot;}\" style=\"border-radius:8px;\"><div class=\"vcex-icon-box-symbol wpex-flex-shrink-0 wpex-mr-20\"><img decoding=\"async\" src=\"https:\/\/mto.org\/wp-content\/uploads\/2022\/05\/MTO_SufiYouthConference.jpg\" alt='' class=\"vcex-icon-box-image wpex-align-middle\" style=\"width:88px;\" \/><\/div><div class=\"vcex-icon-box-text wpex-flex-grow\"><h2 class=\"vcex-icon-box-heading wpex-heading wpex-text-md wpex-mb-10\" style=\"color:#000000;\">Conf\u00e9rence de la Jeunesse Soufie <span class=\"wpex-badge\" style=\"background-color:#000000;\">sufiyouthconference.org<\/span><\/h2><div class=\"vcex-icon-box-content wpex-last-mb-0 wpex-clr\" style=\"color:#000000;font-size:11px;\"><p>Rejoignez des participants \u00e2g\u00e9s de 18 \u00e0 35 ans venus du monde entier pour une conf\u00e9rence multidisciplinaire et immersive d&rsquo;une semaine, sp\u00e9cialement con\u00e7ue pour permettre d&rsquo;explorer plus en profondeur les concepts du soufisme.<\/p>\n<\/div><\/div><\/div><\/a><a href=\"https:\/\/mto.org\/globalactivities\/persian-school\/\" class=\"vcex-icon-box-link-wrap wpex-inherit-color wpex-no-underline\" target=\"_blank\" rel=\"noopener noreferrer\"><div class=\"vcex-module vcex-icon-box vcex-icon-box-one wpex-relative wpex-flex wpex-shadow-xs wpex-hover-shadow-md wpex-p-0 wpex-text-left wpex-hover-white-text hvr hvr-grow vc_custom_1682883462474\" data-wpex-hover=\"{&quot;background&quot;:&quot;rgba(52,191,166,0.87)&quot;}\" style=\"border-radius:8px;\"><div class=\"vcex-icon-box-symbol wpex-flex-shrink-0 wpex-mr-20\"><img decoding=\"async\" src=\"https:\/\/mto.org\/wp-content\/uploads\/2022\/07\/MTO_PersianSchool.jpg\" alt='' class=\"vcex-icon-box-image wpex-align-middle\" style=\"width:88px;\" \/><\/div><div class=\"vcex-icon-box-text wpex-flex-grow\"><h2 class=\"vcex-icon-box-heading wpex-heading wpex-text-md wpex-mb-10\" style=\"color:#000000;\">\u00c9cole de Persan MTO <span class=\"wpex-badge\" style=\"background-color:#34bfa6;\">mtopersianschool.com<\/span><\/h2><div class=\"vcex-icon-box-content wpex-last-mb-0 wpex-clr\" style=\"color:#000000;font-size:11px;\"><p>Apprenez le persan (farsi) \u00e0 l&rsquo;\u00e9cole internationale de persan MTO\u00ae, l&rsquo;une des plus grandes institutions internationales de langue persane en Europe, en Am\u00e9rique et au Canada.<\/p>\n<\/div><\/div><\/div><\/a>[\/vc_column_inner][vc_column_inner width=\u00a0\u00bb1\/2&Prime;]<a href=\"https:\/\/mto.org\/globalactivities\/tamarkoz\/\" class=\"vcex-icon-box-link-wrap wpex-inherit-color wpex-no-underline\" target=\"_blank\" rel=\"noopener noreferrer\"><div class=\"vcex-module vcex-icon-box vcex-icon-box-one wpex-relative wpex-flex wpex-shadow-xs wpex-hover-shadow-md wpex-p-0 wpex-text-left wpex-hover-white-text hvr hvr-grow vc_custom_1682883413751\" data-wpex-hover=\"{&quot;background&quot;:&quot;#9fc656&quot;}\" style=\"border-radius:8px;\"><div class=\"vcex-icon-box-symbol wpex-flex-shrink-0 wpex-mr-20\"><img decoding=\"async\" src=\"https:\/\/mto.org\/wp-content\/uploads\/2022\/05\/MTO_Tamarkoz.jpg\" alt='' class=\"vcex-icon-box-image wpex-align-middle\" style=\"width:88px;\" \/><\/div><div class=\"vcex-icon-box-text wpex-flex-grow\"><h2 class=\"vcex-icon-box-heading wpex-heading wpex-text-md wpex-mb-10\" style=\"color:#000000;\">Tamarkoz <span class=\"wpex-badge\" style=\"background-color:#000000;\">tamarkoz.org<\/span><\/h2><div class=\"vcex-icon-box-content wpex-last-mb-0 wpex-clr\" style=\"color:#000000;font-size:11px;\"><p>La m\u00e9thode Tamarkoz\u00ae est l\u2019art et la science de la connaissance de soi gr\u00e2ce \u00e0 la concentration et la m\u00e9ditation.<\/p>\n<\/div><\/div><\/div><\/a>[\/vc_column_inner][\/vc_row_inner][\/vc_column][\/vc_row]\n","protected":false},"excerpt":{"rendered":"<p>[vc_row full_width=\u00a0\u00bbstretch_row\u00a0\u00bb content_placement=\u00a0\u00bbmiddle\u00a0\u00bb video_bg=\u00a0\u00bbself_hosted\u00a0\u00bb wpex_shape_divider_bottom=\u00a0\u00bbwaves\u00a0\u00bb wpex_shape_divider_bottom_invert=\u00a0\u00bbtrue\u00a0\u00bb min_height=\u00a0\u00bb44vh\u00a0\u00bb wpex_shape_divider_bottom_height=\u00a0\u00bb55&Prime; css=\u00a0\u00bb.vc_custom_1673866133447{padding-top: 10vh !important;padding-bottom: 10vh !important;background-position: center !important;background-repeat: no-repeat !important;background-size: cover !important;}\u00a0\u00bb video_bg_mp4=\u00a0\u00bbhttps:\/\/mto.org\/wp-content\/uploads\/2022\/08\/Hintergrund_Erde.mp4&Prime;][vc_column width=\u00a0\u00bb1\/2&Prime;][\/vc_column][vc_column width=\u00a0\u00bb1\/2&Prime;][\/vc_column][\/vc_row][vc_row min_height=\u00a0\u00bb40vh\u00a0\u00bb][vc_column][vc_separator color=\u00a0\u00bbblack\u00a0\u00bb][vc_row_inner][vc_column_inner width=\u00a0\u00bb1\/2&Prime;][vc_column_text]Nos initiatives sociales sont au centre des services rendus aux communaut\u00e9s locales, avec un accent particulier&hellip;<\/p>\n","protected":false},"author":1,"featured_media":0,"parent":17556,"menu_order":0,"comment_status":"closed","ping_status":"closed","template":"","meta":{"_EventAllDay":false,"_EventTimezone":"","_EventStartDate":"","_EventEndDate":"","_EventStartDateUTC":"","_EventEndDateUTC":"","_EventShowMap":false,"_EventShowMapLink":false,"_EventURL":"","_EventCost":"","_EventCostDescription":"","_EventCurrencySymbol":"","_EventCurrencyCode":"","_EventCurrencyPosition":"","_EventDateTimeSeparator":"","_EventTimeRangeSeparator":"","_EventOrganizerID":[],"_EventVenueID":[],"_OrganizerEmail":"","_OrganizerPhone":"","_OrganizerWebsite":"","_VenueAddress":"","_VenueCity":"","_VenueCountry":"","_VenueProvince":"","_VenueState":"","_VenueZip":"","_VenuePhone":"","_VenueURL":"","_VenueStateProvince":"","_VenueLat":"","_VenueLng":"","_VenueShowMap":false,"_VenueShowMapLink":false,"footnotes":""},"class_list":["post-17575","page","type-page","status-publish","hentry","entry","no-media"],"yoast_head":"<!-- This site is optimized with the Yoast SEO plugin v24.8.1 - https:\/\/yoast.com\/wordpress\/plugins\/seo\/ -->\n<title>Notre Avenir (Terre, Jeunesse et D\u00e9veloppement durable) - MTO Shahmaghsoudi<\/title>\n<meta name=\"robots\" content=\"index, follow, max-snippet:-1, max-image-preview:large, max-video-preview:-1\" \/>\n<link rel=\"canonical\" href=\"https:\/\/mto.org\/fr\/a-propos-de-mto\/notre-avenir-jeunesse-terre-communaute\/\" \/>\n<meta property=\"og:locale\" content=\"fr_FR\" \/>\n<meta property=\"og:type\" content=\"article\" \/>\n<meta property=\"og:title\" content=\"Notre Avenir (Terre, Jeunesse et D\u00e9veloppement durable) - MTO Shahmaghsoudi\" \/>\n<meta property=\"og:description\" content=\"[vc_row full_width=\u00a0\u00bbstretch_row\u00a0\u00bb content_placement=\u00a0\u00bbmiddle\u00a0\u00bb video_bg=\u00a0\u00bbself_hosted\u00a0\u00bb wpex_shape_divider_bottom=\u00a0\u00bbwaves\u00a0\u00bb wpex_shape_divider_bottom_invert=\u00a0\u00bbtrue\u00a0\u00bb min_height=\u00a0\u00bb44vh\u00a0\u00bb wpex_shape_divider_bottom_height=\u00a0\u00bb55&Prime; css=\u00a0\u00bb.vc_custom_1673866133447{padding-top: 10vh !important;padding-bottom: 10vh !important;background-position: center !important;background-repeat: no-repeat !important;background-size: cover !important;}\u00a0\u00bb video_bg_mp4=\u00a0\u00bbhttps:\/\/mto.org\/wp-content\/uploads\/2022\/08\/Hintergrund_Erde.mp4&Prime;][vc_column width=\u00a0\u00bb1\/2&Prime;][\/vc_column][vc_column width=\u00a0\u00bb1\/2&Prime;][\/vc_column][\/vc_row][vc_row min_height=\u00a0\u00bb40vh\u00a0\u00bb][vc_column][vc_separator color=\u00a0\u00bbblack\u00a0\u00bb][vc_row_inner][vc_column_inner width=\u00a0\u00bb1\/2&Prime;][vc_column_text]Nos initiatives sociales sont au centre des services rendus aux communaut\u00e9s locales, avec un accent particulier&hellip;\" \/>\n<meta property=\"og:url\" content=\"https:\/\/mto.org\/fr\/a-propos-de-mto\/notre-avenir-jeunesse-terre-communaute\/\" \/>\n<meta property=\"og:site_name\" content=\"MTO Shahmaghsoudi\" \/>\n<meta property=\"article:publisher\" content=\"https:\/\/www.facebook.com\/mtoshahmaghsoudi\" \/>\n<meta property=\"article:modified_time\" content=\"2023-05-01T19:50:35+00:00\" \/>\n<meta name=\"twitter:card\" content=\"summary_large_image\" \/>\n<meta name=\"twitter:site\" content=\"@mtoshahmaghsoud\" \/>\n<meta name=\"twitter:label1\" content=\"Dur\u00e9e de lecture estim\u00e9e\" \/>\n\t<meta name=\"twitter:data1\" content=\"7 minutes\" \/>\n<script type=\"application\/ld+json\" class=\"yoast-schema-graph\">{\"@context\":\"https:\/\/schema.org\",\"@graph\":[{\"@type\":\"WebPage\",\"@id\":\"https:\/\/mto.org\/fr\/a-propos-de-mto\/notre-avenir-jeunesse-terre-communaute\/\",\"url\":\"https:\/\/mto.org\/fr\/a-propos-de-mto\/notre-avenir-jeunesse-terre-communaute\/\",\"name\":\"Notre Avenir (Terre, Jeunesse et D\u00e9veloppement durable) - MTO Shahmaghsoudi\",\"isPartOf\":{\"@id\":\"https:\/\/mto.org\/#website\"},\"datePublished\":\"2022-07-27T11:39:48+00:00\",\"dateModified\":\"2023-05-01T19:50:35+00:00\",\"breadcrumb\":{\"@id\":\"https:\/\/mto.org\/fr\/a-propos-de-mto\/notre-avenir-jeunesse-terre-communaute\/#breadcrumb\"},\"inLanguage\":\"fr-FR\",\"potentialAction\":[{\"@type\":\"ReadAction\",\"target\":[\"https:\/\/mto.org\/fr\/a-propos-de-mto\/notre-avenir-jeunesse-terre-communaute\/\"]}]},{\"@type\":\"BreadcrumbList\",\"@id\":\"https:\/\/mto.org\/fr\/a-propos-de-mto\/notre-avenir-jeunesse-terre-communaute\/#breadcrumb\",\"itemListElement\":[{\"@type\":\"ListItem\",\"position\":1,\"name\":\"Home\",\"item\":\"https:\/\/mto.org\/\"},{\"@type\":\"ListItem\",\"position\":2,\"name\":\"\u00c0 propos de MTO\",\"item\":\"https:\/\/mto.org\/fr\/a-propos-de-mto\/\"},{\"@type\":\"ListItem\",\"position\":3,\"name\":\"Notre Avenir (Terre, Jeunesse et D\u00e9veloppement durable)\"}]},{\"@type\":\"WebSite\",\"@id\":\"https:\/\/mto.org\/#website\",\"url\":\"https:\/\/mto.org\/\",\"name\":\"MTO Shahmaghsoudi\",\"description\":\"School of Islamic Sufism\",\"publisher\":{\"@id\":\"https:\/\/mto.org\/#organization\"},\"potentialAction\":[{\"@type\":\"SearchAction\",\"target\":{\"@type\":\"EntryPoint\",\"urlTemplate\":\"https:\/\/mto.org\/?s={search_term_string}\"},\"query-input\":{\"@type\":\"PropertyValueSpecification\",\"valueRequired\":true,\"valueName\":\"search_term_string\"}}],\"inLanguage\":\"fr-FR\"},{\"@type\":\"Organization\",\"@id\":\"https:\/\/mto.org\/#organization\",\"name\":\"MTO Shahmaghsoudi\",\"url\":\"https:\/\/mto.org\/\",\"logo\":{\"@type\":\"ImageObject\",\"inLanguage\":\"fr-FR\",\"@id\":\"https:\/\/mto.org\/#\/schema\/logo\/image\/\",\"url\":\"https:\/\/mto.org\/wp-content\/uploads\/2023\/03\/MTO_LOGO_Header.png\",\"contentUrl\":\"https:\/\/mto.org\/wp-content\/uploads\/2023\/03\/MTO_LOGO_Header.png\",\"width\":200,\"height\":200,\"caption\":\"MTO Shahmaghsoudi\"},\"image\":{\"@id\":\"https:\/\/mto.org\/#\/schema\/logo\/image\/\"},\"sameAs\":[\"https:\/\/www.facebook.com\/mtoshahmaghsoudi\",\"https:\/\/x.com\/mtoshahmaghsoud\",\"https:\/\/www.instagram.com\/mtoshahmaghsoudi\/\"]}]}<\/script>\n<!-- \/ Yoast SEO plugin. -->","yoast_head_json":{"title":"Notre Avenir (Terre, Jeunesse et D\u00e9veloppement durable) - MTO Shahmaghsoudi","robots":{"index":"index","follow":"follow","max-snippet":"max-snippet:-1","max-image-preview":"max-image-preview:large","max-video-preview":"max-video-preview:-1"},"canonical":"https:\/\/mto.org\/fr\/a-propos-de-mto\/notre-avenir-jeunesse-terre-communaute\/","og_locale":"fr_FR","og_type":"article","og_title":"Notre Avenir (Terre, Jeunesse et D\u00e9veloppement durable) - MTO Shahmaghsoudi","og_description":"[vc_row full_width=\u00a0\u00bbstretch_row\u00a0\u00bb content_placement=\u00a0\u00bbmiddle\u00a0\u00bb video_bg=\u00a0\u00bbself_hosted\u00a0\u00bb wpex_shape_divider_bottom=\u00a0\u00bbwaves\u00a0\u00bb wpex_shape_divider_bottom_invert=\u00a0\u00bbtrue\u00a0\u00bb min_height=\u00a0\u00bb44vh\u00a0\u00bb wpex_shape_divider_bottom_height=\u00a0\u00bb55&Prime; css=\u00a0\u00bb.vc_custom_1673866133447{padding-top: 10vh !important;padding-bottom: 10vh !important;background-position: center !important;background-repeat: no-repeat !important;background-size: cover !important;}\u00a0\u00bb video_bg_mp4=\u00a0\u00bbhttps:\/\/mto.org\/wp-content\/uploads\/2022\/08\/Hintergrund_Erde.mp4&Prime;][vc_column width=\u00a0\u00bb1\/2&Prime;][\/vc_column][vc_column width=\u00a0\u00bb1\/2&Prime;][\/vc_column][\/vc_row][vc_row min_height=\u00a0\u00bb40vh\u00a0\u00bb][vc_column][vc_separator color=\u00a0\u00bbblack\u00a0\u00bb][vc_row_inner][vc_column_inner width=\u00a0\u00bb1\/2&Prime;][vc_column_text]Nos initiatives sociales sont au centre des services rendus aux communaut\u00e9s locales, avec un accent particulier&hellip;","og_url":"https:\/\/mto.org\/fr\/a-propos-de-mto\/notre-avenir-jeunesse-terre-communaute\/","og_site_name":"MTO Shahmaghsoudi","article_publisher":"https:\/\/www.facebook.com\/mtoshahmaghsoudi","article_modified_time":"2023-05-01T19:50:35+00:00","twitter_card":"summary_large_image","twitter_site":"@mtoshahmaghsoud","twitter_misc":{"Dur\u00e9e de lecture estim\u00e9e":"7 minutes"},"schema":{"@context":"https:\/\/schema.org","@graph":[{"@type":"WebPage","@id":"https:\/\/mto.org\/fr\/a-propos-de-mto\/notre-avenir-jeunesse-terre-communaute\/","url":"https:\/\/mto.org\/fr\/a-propos-de-mto\/notre-avenir-jeunesse-terre-communaute\/","name":"Notre Avenir (Terre, Jeunesse et D\u00e9veloppement durable) - MTO Shahmaghsoudi","isPartOf":{"@id":"https:\/\/mto.org\/#website"},"datePublished":"2022-07-27T11:39:48+00:00","dateModified":"2023-05-01T19:50:35+00:00","breadcrumb":{"@id":"https:\/\/mto.org\/fr\/a-propos-de-mto\/notre-avenir-jeunesse-terre-communaute\/#breadcrumb"},"inLanguage":"fr-FR","potentialAction":[{"@type":"ReadAction","target":["https:\/\/mto.org\/fr\/a-propos-de-mto\/notre-avenir-jeunesse-terre-communaute\/"]}]},{"@type":"BreadcrumbList","@id":"https:\/\/mto.org\/fr\/a-propos-de-mto\/notre-avenir-jeunesse-terre-communaute\/#breadcrumb","itemListElement":[{"@type":"ListItem","position":1,"name":"Home","item":"https:\/\/mto.org\/"},{"@type":"ListItem","position":2,"name":"\u00c0 propos de MTO","item":"https:\/\/mto.org\/fr\/a-propos-de-mto\/"},{"@type":"ListItem","position":3,"name":"Notre Avenir (Terre, Jeunesse et D\u00e9veloppement durable)"}]},{"@type":"WebSite","@id":"https:\/\/mto.org\/#website","url":"https:\/\/mto.org\/","name":"MTO Shahmaghsoudi","description":"School of Islamic Sufism","publisher":{"@id":"https:\/\/mto.org\/#organization"},"potentialAction":[{"@type":"SearchAction","target":{"@type":"EntryPoint","urlTemplate":"https:\/\/mto.org\/?s={search_term_string}"},"query-input":{"@type":"PropertyValueSpecification","valueRequired":true,"valueName":"search_term_string"}}],"inLanguage":"fr-FR"},{"@type":"Organization","@id":"https:\/\/mto.org\/#organization","name":"MTO Shahmaghsoudi","url":"https:\/\/mto.org\/","logo":{"@type":"ImageObject","inLanguage":"fr-FR","@id":"https:\/\/mto.org\/#\/schema\/logo\/image\/","url":"https:\/\/mto.org\/wp-content\/uploads\/2023\/03\/MTO_LOGO_Header.png","contentUrl":"https:\/\/mto.org\/wp-content\/uploads\/2023\/03\/MTO_LOGO_Header.png","width":200,"height":200,"caption":"MTO Shahmaghsoudi"},"image":{"@id":"https:\/\/mto.org\/#\/schema\/logo\/image\/"},"sameAs":["https:\/\/www.facebook.com\/mtoshahmaghsoudi","https:\/\/x.com\/mtoshahmaghsoud","https:\/\/www.instagram.com\/mtoshahmaghsoudi\/"]}]}},"_links":{"self":[{"href":"https:\/\/mto.org\/fr\/wp-json\/wp\/v2\/pages\/17575","targetHints":{"allow":["GET"]}}],"collection":[{"href":"https:\/\/mto.org\/fr\/wp-json\/wp\/v2\/pages"}],"about":[{"href":"https:\/\/mto.org\/fr\/wp-json\/wp\/v2\/types\/page"}],"author":[{"embeddable":true,"href":"https:\/\/mto.org\/fr\/wp-json\/wp\/v2\/users\/1"}],"replies":[{"embeddable":true,"href":"https:\/\/mto.org\/fr\/wp-json\/wp\/v2\/comments?post=17575"}],"version-history":[{"count":6,"href":"https:\/\/mto.org\/fr\/wp-json\/wp\/v2\/pages\/17575\/revisions"}],"predecessor-version":[{"id":17690,"href":"https:\/\/mto.org\/fr\/wp-json\/wp\/v2\/pages\/17575\/revisions\/17690"}],"up":[{"embeddable":true,"href":"https:\/\/mto.org\/fr\/wp-json\/wp\/v2\/pages\/17556"}],"wp:attachment":[{"href":"https:\/\/mto.org\/fr\/wp-json\/wp\/v2\/media?parent=17575"}],"curies":[{"name":"wp","href":"https:\/\/api.w.org\/{rel}","templated":true}]}}