{"id":17556,"date":"2022-05-12T21:00:20","date_gmt":"2022-05-12T19:00:20","guid":{"rendered":"https:\/\/mto.org\/a-propos-de-mto\/"},"modified":"2023-05-10T12:58:49","modified_gmt":"2023-05-10T10:58:49","slug":"a-propos-de-mto","status":"publish","type":"page","link":"https:\/\/mto.org\/fr\/a-propos-de-mto\/","title":{"rendered":"\u00c0 propos de MTO"},"content":{"rendered":"[vc_row full_width=\u00a0\u00bbstretch_row\u00a0\u00bb content_placement=\u00a0\u00bbmiddle\u00a0\u00bb wpex_shape_divider_bottom=\u00a0\u00bbwaves\u00a0\u00bb wpex_shape_divider_bottom_invert=\u00a0\u00bbtrue\u00a0\u00bb wpex_post_thumbnail_bg=\u00a0\u00bbtrue\u00a0\u00bb min_height=\u00a0\u00bb60vh\u00a0\u00bb wpex_shape_divider_bottom_height=\u00a0\u00bb55&Prime; css=\u00a0\u00bb.vc_custom_1683120179565{background-position: center !important;background-repeat: no-repeat !important;background-size: cover !important;}\u00a0\u00bb][vc_column][\/vc_column][\/vc_row][vc_row column_spacing=\u00a0\u00bb1&Prime; remove_bottom_col_margin=\u00a0\u00bbtrue\u00a0\u00bb css=\u00a0\u00bb.vc_custom_1663677212581{margin-top: 55px !important;margin-bottom: 55px !important;}\u00a0\u00bb][vc_column width=\u00a0\u00bb1\/2&Prime;]<h2 class=\"vcex-heading vcex-module wpex-text-2xl wpex-font-normal wpex-m-auto wpex-max-w-100 vcex-heading-plain wpex-h2 wpex-block wpex-text-left\" data-wpex-rcss='{&quot;font-size&quot;:{&quot;d&quot;:&quot;66px&quot;,&quot;tl&quot;:&quot;66px&quot;,&quot;tp&quot;:&quot;55px&quot;,&quot;pl&quot;:&quot;48px&quot;,&quot;pp&quot;:&quot;44px&quot;}}'><span class=\"vcex-heading-inner wpex-inline-block wpex-clr\">\u00c0 propos de MTO<\/span><\/h2><div class=\"vcex-spacing wpex-w-100 wpex-clear\" style=\"height:16px\"><\/div>[vc_column_text text_align=\u00a0\u00bbleft\u00a0\u00bb css=\u00a0\u00bb.vc_custom_1683715570505{padding-right: 8% !important;}\u00a0\u00bb]MTO Shahmaghsoudi\u00ae &#8211; School of Islamic Sufism\u00ae est une organisation internationale \u00e0 but non lucratif qui poss\u00e8de des centres sur les six continents, avec plus d&rsquo;un million de membres et plus de 3 millions de participants qui suivent nos sessions hebdomadaires d&rsquo;enseignement en ligne.<\/p>\n<h3><strong>Qu&rsquo;est-ce que MTO ?<\/strong><\/h3>\n<p>MTO est une \u00e9cole qui enseigne la r\u00e9alit\u00e9 du soufisme, avec une longue lign\u00e9e d&rsquo;enseignants soufis. Bien que MTO soit une <strong>\u00e9cole<\/strong> et que <strong>nous soyons des \u00e9tudiants en soufisme<\/strong>, nous nous consid\u00e9rons \u00e9galement comme une <strong>communaut\u00e9<\/strong>, et notre \u00e9cole comme un lieu de <strong>travail actif<\/strong>, de <strong>rencontre<\/strong>, d&rsquo;<strong>\u00e9ducation<\/strong> et d&rsquo;<strong>\u00e9changes culturels<\/strong>.[\/vc_column_text][\/vc_column][vc_column width=\u00a0\u00bb1\/2&Prime; css=\u00a0\u00bb.vc_custom_1682599897427{margin-top: 80px !important;padding-top: 80px !important;padding-bottom: 80px !important;border-radius: 10px !important;}\u00a0\u00bb][\/vc_column][\/vc_row][vc_row equal_height=\u00a0\u00bbyes\u00a0\u00bb remove_bottom_col_margin=\u00a0\u00bbtrue\u00a0\u00bb css=\u00a0\u00bb.vc_custom_1675181730703{margin-top: 55px !important;}\u00a0\u00bb][vc_column width=\u00a0\u00bb1\/4&Prime;]<div class=\"vcex-module vcex-teaser textcenter hvr hvr-grow-shadow vc_custom_1683715486691\"><figure class=\"vcex-teaser-media wpex-mb-20 wpex-image-hover grayscale-invert textcenter\"><a href=\"https:\/\/mto.org\/fr\/a-propos-de-mto\/ce-que-nous-faisons\/\" title=\"Sufi Publications\" class=\"wpex-no-underline\"><img decoding=\"async\" loading=\"lazy\" class=\"wpex-align-middle\" alt=\"Que Faisons-nous ?\" src=\"https:\/\/mto.org\/wp-content\/uploads\/2022\/07\/MTO_everything.jpg\" width=\"1200\" height=\"675\" \/><\/a><\/figure><div class=\"vcex-teaser-content clr\" style=\"padding-top:14px;padding-right:10px;padding-bottom:14px;padding-left:10px;\"><h2 class=\"vcex-teaser-heading wpex-heading wpex-text-lg\"><a href=\"https:\/\/mto.org\/fr\/a-propos-de-mto\/ce-que-nous-faisons\/\" title=\"Sufi Publications\" class=\"wpex-no-underline\">Que faisons-nous ?<\/a><\/h2><div class=\"vcex-teaser-text wpex-mt-10 wpex-last-mb-0 wpex-clr\"><p>MTO est actif dans un grand nombre de domaines &#8211; vous trouverez ici un aper\u00e7u de tout ce que nous faisons.<\/p>\n<\/div><\/div><\/div>[\/vc_column][vc_column width=\u00a0\u00bb1\/4&Prime;]<div class=\"vcex-module vcex-teaser textcenter hvr hvr-grow-shadow vc_custom_1682880670466\"><figure class=\"vcex-teaser-media wpex-mb-20 wpex-image-hover grayscale-invert textcenter\"><a href=\"https:\/\/mto.org\/fr\/a-propos-de-mto\/qui-sommes-nous\/\" title=\"Who we are\" class=\"wpex-no-underline\"><img decoding=\"async\" loading=\"lazy\" class=\"wpex-align-middle\" alt=\"Qui Sommes-nous ?\" src=\"https:\/\/mto.org\/wp-content\/uploads\/2022\/07\/MTO-who.jpg\" width=\"1200\" height=\"675\" \/><\/a><\/figure><div class=\"vcex-teaser-content clr\" style=\"padding-top:14px;padding-right:10px;padding-bottom:14px;padding-left:10px;\"><h2 class=\"vcex-teaser-heading wpex-heading wpex-text-lg\"><a href=\"https:\/\/mto.org\/fr\/a-propos-de-mto\/qui-sommes-nous\/\" title=\"Who we are\" class=\"wpex-no-underline\">Qui sommes-nous ?<\/a><\/h2><div class=\"vcex-teaser-text wpex-mt-10 wpex-last-mb-0 wpex-clr\"><p>Nous sommes des \u00e9tudiants soufis de diff\u00e9rents pays, unis par notre foi.<\/p>\n<\/div><\/div><\/div>[\/vc_column][vc_column width=\u00a0\u00bb1\/4&Prime;]<div class=\"vcex-module vcex-teaser textcenter hvr hvr-grow-shadow vc_custom_1683716294152\"><figure class=\"vcex-teaser-media wpex-mb-20 wpex-image-hover grayscale-invert textcenter\"><a href=\"https:\/\/mto.org\/fr\/a-propos-du-soufisme\/histoire\/\" title=\"History\" class=\"wpex-no-underline\"><img decoding=\"async\" loading=\"lazy\" class=\"wpex-align-middle\" alt=\"Histoire Et Tradition\" src=\"https:\/\/mto.org\/wp-content\/uploads\/2022\/07\/MTO_History.jpg\" width=\"1200\" height=\"675\" \/><\/a><\/figure><div class=\"vcex-teaser-content clr\" style=\"padding-right:5px;padding-left:5px;\"><h2 class=\"vcex-teaser-heading wpex-heading wpex-text-lg\"><a href=\"https:\/\/mto.org\/fr\/a-propos-du-soufisme\/histoire\/\" title=\"History\" class=\"wpex-no-underline\">Histoire et tradition<\/a><\/h2><div class=\"vcex-teaser-text wpex-mt-10 wpex-last-mb-0 wpex-clr\"><p>L&rsquo;histoire de l&rsquo;\u00e9cole MTO remonte \u00e0 1400 ans, \u00e0 l&rsquo;\u00e9poque du Saint Proph\u00e8te Mohammad (que la Paix soit sur Lui) et du fondateur de l&rsquo;\u00e9cole, Hazrat Oveys Gharani.<\/p>\n<p>&nbsp;<\/p>\n<\/div><\/div><\/div>[\/vc_column][vc_column width=\u00a0\u00bb1\/4&Prime;]<div class=\"vcex-module vcex-teaser textcenter hvr hvr-grow-shadow vc_custom_1682881053300\"><figure class=\"vcex-teaser-media wpex-mb-20 wpex-image-hover grayscale-invert textcenter\"><a href=\"https:\/\/mto.org\/about-m-t-o\/our-future-youth-earth-community\/\" title=\"our-future-youth-earth-community\" class=\"wpex-no-underline\"><img decoding=\"async\" loading=\"lazy\" class=\"wpex-align-middle\" alt=\"Notre Avenir\" src=\"https:\/\/mto.org\/wp-content\/uploads\/2022\/07\/MTO_Future.jpg\" width=\"1200\" height=\"675\" \/><\/a><\/figure><div class=\"vcex-teaser-content clr\" style=\"padding-right:10px;padding-left:10px;\"><h2 class=\"vcex-teaser-heading wpex-heading wpex-text-lg\"><a href=\"https:\/\/mto.org\/about-m-t-o\/our-future-youth-earth-community\/\" title=\"our-future-youth-earth-community\" class=\"wpex-no-underline\">Notre avenir<\/a><\/h2><div class=\"vcex-teaser-text wpex-mt-10 wpex-last-mb-0 wpex-clr\"><p>Nos initiatives sociales sont au centre des services rendus aux communaut\u00e9s locales, avec un accent particulier port\u00e9 sur l&rsquo;\u00e9ducation et les actions caritatives.<\/p>\n<\/div><\/div><\/div>[\/vc_column][\/vc_row]\n","protected":false},"excerpt":{"rendered":"<p>[vc_row full_width=\u00a0\u00bbstretch_row\u00a0\u00bb content_placement=\u00a0\u00bbmiddle\u00a0\u00bb wpex_shape_divider_bottom=\u00a0\u00bbwaves\u00a0\u00bb wpex_shape_divider_bottom_invert=\u00a0\u00bbtrue\u00a0\u00bb wpex_post_thumbnail_bg=\u00a0\u00bbtrue\u00a0\u00bb min_height=\u00a0\u00bb60vh\u00a0\u00bb wpex_shape_divider_bottom_height=\u00a0\u00bb55&Prime; css=\u00a0\u00bb.vc_custom_1683120179565{background-position: center !important;background-repeat: no-repeat !important;background-size: cover !important;}\u00a0\u00bb][vc_column][\/vc_column][\/vc_row][vc_row column_spacing=\u00a0\u00bb1&Prime; remove_bottom_col_margin=\u00a0\u00bbtrue\u00a0\u00bb css=\u00a0\u00bb.vc_custom_1663677212581{margin-top: 55px !important;margin-bottom: 55px !important;}\u00a0\u00bb][vc_column width=\u00a0\u00bb1\/2&Prime;][vc_column_text text_align=\u00a0\u00bbleft\u00a0\u00bb css=\u00a0\u00bb.vc_custom_1683715570505{padding-right: 8% !important;}\u00a0\u00bb]MTO Shahmaghsoudi\u00ae &#8211; School of Islamic Sufism\u00ae est une organisation internationale \u00e0 but non&hellip;<\/p>\n","protected":false},"author":1,"featured_media":17841,"parent":0,"menu_order":0,"comment_status":"closed","ping_status":"closed","template":"","meta":{"_EventAllDay":false,"_EventTimezone":"","_EventStartDate":"","_EventEndDate":"","_EventStartDateUTC":"","_EventEndDateUTC":"","_EventShowMap":false,"_EventShowMapLink":false,"_EventURL":"","_EventCost":"","_EventCostDescription":"","_EventCurrencySymbol":"","_EventCurrencyCode":"","_EventCurrencyPosition":"","_EventDateTimeSeparator":"","_EventTimeRangeSeparator":"","_EventOrganizerID":[],"_EventVenueID":[],"_OrganizerEmail":"","_OrganizerPhone":"","_OrganizerWebsite":"","_VenueAddress":"","_VenueCity":"","_VenueCountry":"","_VenueProvince":"","_VenueState":"","_VenueZip":"","_VenuePhone":"","_VenueURL":"","_VenueStateProvince":"","_VenueLat":"","_VenueLng":"","_VenueShowMap":false,"_VenueShowMapLink":false,"footnotes":""},"class_list":["post-17556","page","type-page","status-publish","has-post-thumbnail","hentry","entry","has-media"],"yoast_head":"<!-- This site is optimized with the Yoast SEO plugin v24.8.1 - https:\/\/yoast.com\/wordpress\/plugins\/seo\/ -->\n<title>\u00c0 propos de MTO - MTO Shahmaghsoudi<\/title>\n<meta name=\"robots\" content=\"index, follow, max-snippet:-1, max-image-preview:large, max-video-preview:-1\" \/>\n<link rel=\"canonical\" href=\"https:\/\/mto.org\/fr\/a-propos-de-mto\/\" \/>\n<meta property=\"og:locale\" content=\"fr_FR\" \/>\n<meta property=\"og:type\" content=\"article\" \/>\n<meta property=\"og:title\" content=\"\u00c0 propos de MTO - MTO Shahmaghsoudi\" \/>\n<meta property=\"og:description\" content=\"[vc_row full_width=\u00a0\u00bbstretch_row\u00a0\u00bb content_placement=\u00a0\u00bbmiddle\u00a0\u00bb wpex_shape_divider_bottom=\u00a0\u00bbwaves\u00a0\u00bb wpex_shape_divider_bottom_invert=\u00a0\u00bbtrue\u00a0\u00bb wpex_post_thumbnail_bg=\u00a0\u00bbtrue\u00a0\u00bb min_height=\u00a0\u00bb60vh\u00a0\u00bb wpex_shape_divider_bottom_height=\u00a0\u00bb55&Prime; css=\u00a0\u00bb.vc_custom_1683120179565{background-position: center !important;background-repeat: no-repeat !important;background-size: cover !important;}\u00a0\u00bb][vc_column][\/vc_column][\/vc_row][vc_row column_spacing=\u00a0\u00bb1&Prime; remove_bottom_col_margin=\u00a0\u00bbtrue\u00a0\u00bb css=\u00a0\u00bb.vc_custom_1663677212581{margin-top: 55px !important;margin-bottom: 55px !important;}\u00a0\u00bb][vc_column width=\u00a0\u00bb1\/2&Prime;][vc_column_text text_align=\u00a0\u00bbleft\u00a0\u00bb css=\u00a0\u00bb.vc_custom_1683715570505{padding-right: 8% !important;}\u00a0\u00bb]MTO Shahmaghsoudi\u00ae &#8211; School of Islamic Sufism\u00ae est une organisation internationale \u00e0 but non&hellip;\" \/>\n<meta property=\"og:url\" content=\"https:\/\/mto.org\/fr\/a-propos-de-mto\/\" \/>\n<meta property=\"og:site_name\" content=\"MTO Shahmaghsoudi\" \/>\n<meta property=\"article:publisher\" content=\"https:\/\/www.facebook.com\/mtoshahmaghsoudi\" \/>\n<meta property=\"article:modified_time\" content=\"2023-05-10T10:58:49+00:00\" \/>\n<meta property=\"og:image\" content=\"https:\/\/mto.org\/wp-content\/uploads\/2023\/05\/MTOLA-36WM.jpg\" \/>\n\t<meta property=\"og:image:width\" content=\"1600\" \/>\n\t<meta property=\"og:image:height\" content=\"900\" \/>\n\t<meta property=\"og:image:type\" content=\"image\/jpeg\" \/>\n<meta name=\"twitter:card\" content=\"summary_large_image\" \/>\n<meta name=\"twitter:site\" content=\"@mtoshahmaghsoud\" \/>\n<meta name=\"twitter:label1\" content=\"Dur\u00e9e de lecture estim\u00e9e\" \/>\n\t<meta name=\"twitter:data1\" content=\"2 minutes\" \/>\n<script type=\"application\/ld+json\" class=\"yoast-schema-graph\">{\"@context\":\"https:\/\/schema.org\",\"@graph\":[{\"@type\":\"WebPage\",\"@id\":\"https:\/\/mto.org\/fr\/a-propos-de-mto\/\",\"url\":\"https:\/\/mto.org\/fr\/a-propos-de-mto\/\",\"name\":\"\u00c0 propos de MTO - MTO Shahmaghsoudi\",\"isPartOf\":{\"@id\":\"https:\/\/mto.org\/#website\"},\"primaryImageOfPage\":{\"@id\":\"https:\/\/mto.org\/fr\/a-propos-de-mto\/#primaryimage\"},\"image\":{\"@id\":\"https:\/\/mto.org\/fr\/a-propos-de-mto\/#primaryimage\"},\"thumbnailUrl\":\"https:\/\/mto.org\/wp-content\/uploads\/2023\/05\/MTOLA-36WM.jpg\",\"datePublished\":\"2022-05-12T19:00:20+00:00\",\"dateModified\":\"2023-05-10T10:58:49+00:00\",\"breadcrumb\":{\"@id\":\"https:\/\/mto.org\/fr\/a-propos-de-mto\/#breadcrumb\"},\"inLanguage\":\"fr-FR\",\"potentialAction\":[{\"@type\":\"ReadAction\",\"target\":[\"https:\/\/mto.org\/fr\/a-propos-de-mto\/\"]}]},{\"@type\":\"ImageObject\",\"inLanguage\":\"fr-FR\",\"@id\":\"https:\/\/mto.org\/fr\/a-propos-de-mto\/#primaryimage\",\"url\":\"https:\/\/mto.org\/wp-content\/uploads\/2023\/05\/MTOLA-36WM.jpg\",\"contentUrl\":\"https:\/\/mto.org\/wp-content\/uploads\/2023\/05\/MTOLA-36WM.jpg\",\"width\":1600,\"height\":900},{\"@type\":\"BreadcrumbList\",\"@id\":\"https:\/\/mto.org\/fr\/a-propos-de-mto\/#breadcrumb\",\"itemListElement\":[{\"@type\":\"ListItem\",\"position\":1,\"name\":\"Home\",\"item\":\"https:\/\/mto.org\/\"},{\"@type\":\"ListItem\",\"position\":2,\"name\":\"\u00c0 propos de MTO\"}]},{\"@type\":\"WebSite\",\"@id\":\"https:\/\/mto.org\/#website\",\"url\":\"https:\/\/mto.org\/\",\"name\":\"MTO Shahmaghsoudi\",\"description\":\"School of Islamic Sufism\",\"publisher\":{\"@id\":\"https:\/\/mto.org\/#organization\"},\"potentialAction\":[{\"@type\":\"SearchAction\",\"target\":{\"@type\":\"EntryPoint\",\"urlTemplate\":\"https:\/\/mto.org\/?s={search_term_string}\"},\"query-input\":{\"@type\":\"PropertyValueSpecification\",\"valueRequired\":true,\"valueName\":\"search_term_string\"}}],\"inLanguage\":\"fr-FR\"},{\"@type\":\"Organization\",\"@id\":\"https:\/\/mto.org\/#organization\",\"name\":\"MTO Shahmaghsoudi\",\"url\":\"https:\/\/mto.org\/\",\"logo\":{\"@type\":\"ImageObject\",\"inLanguage\":\"fr-FR\",\"@id\":\"https:\/\/mto.org\/#\/schema\/logo\/image\/\",\"url\":\"https:\/\/mto.org\/wp-content\/uploads\/2023\/03\/MTO_LOGO_Header.png\",\"contentUrl\":\"https:\/\/mto.org\/wp-content\/uploads\/2023\/03\/MTO_LOGO_Header.png\",\"width\":200,\"height\":200,\"caption\":\"MTO Shahmaghsoudi\"},\"image\":{\"@id\":\"https:\/\/mto.org\/#\/schema\/logo\/image\/\"},\"sameAs\":[\"https:\/\/www.facebook.com\/mtoshahmaghsoudi\",\"https:\/\/x.com\/mtoshahmaghsoud\",\"https:\/\/www.instagram.com\/mtoshahmaghsoudi\/\"]}]}<\/script>\n<!-- \/ Yoast SEO plugin. -->","yoast_head_json":{"title":"\u00c0 propos de MTO - MTO Shahmaghsoudi","robots":{"index":"index","follow":"follow","max-snippet":"max-snippet:-1","max-image-preview":"max-image-preview:large","max-video-preview":"max-video-preview:-1"},"canonical":"https:\/\/mto.org\/fr\/a-propos-de-mto\/","og_locale":"fr_FR","og_type":"article","og_title":"\u00c0 propos de MTO - MTO Shahmaghsoudi","og_description":"[vc_row full_width=\u00a0\u00bbstretch_row\u00a0\u00bb content_placement=\u00a0\u00bbmiddle\u00a0\u00bb wpex_shape_divider_bottom=\u00a0\u00bbwaves\u00a0\u00bb wpex_shape_divider_bottom_invert=\u00a0\u00bbtrue\u00a0\u00bb wpex_post_thumbnail_bg=\u00a0\u00bbtrue\u00a0\u00bb min_height=\u00a0\u00bb60vh\u00a0\u00bb wpex_shape_divider_bottom_height=\u00a0\u00bb55&Prime; css=\u00a0\u00bb.vc_custom_1683120179565{background-position: center !important;background-repeat: no-repeat !important;background-size: cover !important;}\u00a0\u00bb][vc_column][\/vc_column][\/vc_row][vc_row column_spacing=\u00a0\u00bb1&Prime; remove_bottom_col_margin=\u00a0\u00bbtrue\u00a0\u00bb css=\u00a0\u00bb.vc_custom_1663677212581{margin-top: 55px !important;margin-bottom: 55px !important;}\u00a0\u00bb][vc_column width=\u00a0\u00bb1\/2&Prime;][vc_column_text text_align=\u00a0\u00bbleft\u00a0\u00bb css=\u00a0\u00bb.vc_custom_1683715570505{padding-right: 8% !important;}\u00a0\u00bb]MTO Shahmaghsoudi\u00ae &#8211; School of Islamic Sufism\u00ae est une organisation internationale \u00e0 but non&hellip;","og_url":"https:\/\/mto.org\/fr\/a-propos-de-mto\/","og_site_name":"MTO Shahmaghsoudi","article_publisher":"https:\/\/www.facebook.com\/mtoshahmaghsoudi","article_modified_time":"2023-05-10T10:58:49+00:00","og_image":[{"width":1600,"height":900,"url":"https:\/\/mto.org\/wp-content\/uploads\/2023\/05\/MTOLA-36WM.jpg","type":"image\/jpeg"}],"twitter_card":"summary_large_image","twitter_site":"@mtoshahmaghsoud","twitter_misc":{"Dur\u00e9e de lecture estim\u00e9e":"2 minutes"},"schema":{"@context":"https:\/\/schema.org","@graph":[{"@type":"WebPage","@id":"https:\/\/mto.org\/fr\/a-propos-de-mto\/","url":"https:\/\/mto.org\/fr\/a-propos-de-mto\/","name":"\u00c0 propos de MTO - MTO Shahmaghsoudi","isPartOf":{"@id":"https:\/\/mto.org\/#website"},"primaryImageOfPage":{"@id":"https:\/\/mto.org\/fr\/a-propos-de-mto\/#primaryimage"},"image":{"@id":"https:\/\/mto.org\/fr\/a-propos-de-mto\/#primaryimage"},"thumbnailUrl":"https:\/\/mto.org\/wp-content\/uploads\/2023\/05\/MTOLA-36WM.jpg","datePublished":"2022-05-12T19:00:20+00:00","dateModified":"2023-05-10T10:58:49+00:00","breadcrumb":{"@id":"https:\/\/mto.org\/fr\/a-propos-de-mto\/#breadcrumb"},"inLanguage":"fr-FR","potentialAction":[{"@type":"ReadAction","target":["https:\/\/mto.org\/fr\/a-propos-de-mto\/"]}]},{"@type":"ImageObject","inLanguage":"fr-FR","@id":"https:\/\/mto.org\/fr\/a-propos-de-mto\/#primaryimage","url":"https:\/\/mto.org\/wp-content\/uploads\/2023\/05\/MTOLA-36WM.jpg","contentUrl":"https:\/\/mto.org\/wp-content\/uploads\/2023\/05\/MTOLA-36WM.jpg","width":1600,"height":900},{"@type":"BreadcrumbList","@id":"https:\/\/mto.org\/fr\/a-propos-de-mto\/#breadcrumb","itemListElement":[{"@type":"ListItem","position":1,"name":"Home","item":"https:\/\/mto.org\/"},{"@type":"ListItem","position":2,"name":"\u00c0 propos de MTO"}]},{"@type":"WebSite","@id":"https:\/\/mto.org\/#website","url":"https:\/\/mto.org\/","name":"MTO Shahmaghsoudi","description":"School of Islamic Sufism","publisher":{"@id":"https:\/\/mto.org\/#organization"},"potentialAction":[{"@type":"SearchAction","target":{"@type":"EntryPoint","urlTemplate":"https:\/\/mto.org\/?s={search_term_string}"},"query-input":{"@type":"PropertyValueSpecification","valueRequired":true,"valueName":"search_term_string"}}],"inLanguage":"fr-FR"},{"@type":"Organization","@id":"https:\/\/mto.org\/#organization","name":"MTO Shahmaghsoudi","url":"https:\/\/mto.org\/","logo":{"@type":"ImageObject","inLanguage":"fr-FR","@id":"https:\/\/mto.org\/#\/schema\/logo\/image\/","url":"https:\/\/mto.org\/wp-content\/uploads\/2023\/03\/MTO_LOGO_Header.png","contentUrl":"https:\/\/mto.org\/wp-content\/uploads\/2023\/03\/MTO_LOGO_Header.png","width":200,"height":200,"caption":"MTO Shahmaghsoudi"},"image":{"@id":"https:\/\/mto.org\/#\/schema\/logo\/image\/"},"sameAs":["https:\/\/www.facebook.com\/mtoshahmaghsoudi","https:\/\/x.com\/mtoshahmaghsoud","https:\/\/www.instagram.com\/mtoshahmaghsoudi\/"]}]}},"_links":{"self":[{"href":"https:\/\/mto.org\/fr\/wp-json\/wp\/v2\/pages\/17556","targetHints":{"allow":["GET"]}}],"collection":[{"href":"https:\/\/mto.org\/fr\/wp-json\/wp\/v2\/pages"}],"about":[{"href":"https:\/\/mto.org\/fr\/wp-json\/wp\/v2\/types\/page"}],"author":[{"embeddable":true,"href":"https:\/\/mto.org\/fr\/wp-json\/wp\/v2\/users\/1"}],"replies":[{"embeddable":true,"href":"https:\/\/mto.org\/fr\/wp-json\/wp\/v2\/comments?post=17556"}],"version-history":[{"count":21,"href":"https:\/\/mto.org\/fr\/wp-json\/wp\/v2\/pages\/17556\/revisions"}],"predecessor-version":[{"id":19143,"href":"https:\/\/mto.org\/fr\/wp-json\/wp\/v2\/pages\/17556\/revisions\/19143"}],"wp:featuredmedia":[{"embeddable":true,"href":"https:\/\/mto.org\/fr\/wp-json\/wp\/v2\/media\/17841"}],"wp:attachment":[{"href":"https:\/\/mto.org\/fr\/wp-json\/wp\/v2\/media?parent=17556"}],"curies":[{"name":"wp","href":"https:\/\/api.w.org\/{rel}","templated":true}]}}