{"id":15051,"date":"2022-03-16T10:55:01","date_gmt":"2022-03-16T09:55:01","guid":{"rendered":"https:\/\/mto.org\/contacts\/"},"modified":"2023-05-10T20:42:35","modified_gmt":"2023-05-10T18:42:35","slug":"contacts","status":"publish","type":"page","link":"https:\/\/mto.org\/fr\/contacts\/","title":{"rendered":"Contacts"},"content":{"rendered":"[vc_row column_spacing=\u00a0\u00bb0px\u00a0\u00bb css=\u00a0\u00bb.vc_custom_1675874474884{margin-bottom: 80px !important;padding-top: 8px !important;}\u00a0\u00bb][vc_column][vc_row_inner css=\u00a0\u00bb.vc_custom_1675893424980{padding-right: 12px !important;padding-left: 12px !important;}\u00a0\u00bb][vc_column_inner width=\u00a0\u00bb1\/2&Prime;]<h4 class=\"vcex-heading vcex-module wpex-text-2xl wpex-font-normal wpex-m-auto wpex-max-w-100 vcex-heading-plain wpex-h4 wpex-block wpex-mb-0\"><span class=\"vcex-heading-inner wpex-inline-block wpex-clr\">M.T.O.<\/span><\/h4><h2 class=\"vcex-heading vcex-module wpex-text-2xl wpex-font-normal wpex-m-auto wpex-max-w-100 vcex-heading-plain wpex-h2 wpex-block\"><span class=\"vcex-heading-inner wpex-inline-block wpex-clr\">Contacts<\/span><\/h2>[\/vc_column_inner][vc_column_inner width=\u00a0\u00bb1\/2&Prime;]<figure class=\"vcex-image vcex-module wpex-clr textright\"><div class=\"vcex-image-inner wpex-inline-block wpex-relative vc_custom_1682601982976\"><img decoding=\"async\" width=\"2998\" height=\"1400\" src=\"https:\/\/mto.org\/wp-content\/uploads\/2022\/07\/MTO_LOGO_EN.png\" class=\"wpex-align-middle\" alt=\"\" loading=\"lazy\" srcset=\"https:\/\/mto.org\/wp-content\/uploads\/2022\/07\/MTO_LOGO_EN.png 2998w, https:\/\/mto.org\/wp-content\/uploads\/2022\/07\/MTO_LOGO_EN-300x140.png 300w, https:\/\/mto.org\/wp-content\/uploads\/2022\/07\/MTO_LOGO_EN-1024x478.png 1024w, https:\/\/mto.org\/wp-content\/uploads\/2022\/07\/MTO_LOGO_EN-768x359.png 768w, https:\/\/mto.org\/wp-content\/uploads\/2022\/07\/MTO_LOGO_EN-1536x717.png 1536w, https:\/\/mto.org\/wp-content\/uploads\/2022\/07\/MTO_LOGO_EN-2048x956.png 2048w\" sizes=\"auto, (max-width: 2998px) 100vw, 2998px\" \/><\/div><\/figure>[\/vc_column_inner][\/vc_row_inner][vc_separator color=\u00a0\u00bbblack\u00a0\u00bb css=\u00a0\u00bb.vc_custom_1663609128836{margin-bottom: 8px !important;}\u00a0\u00bb][vc_row_inner gap=\u00a0\u00bb4&Prime; css=\u00a0\u00bb.vc_custom_1663609203374{padding-right: 8px !important;padding-left: 8px !important;}\u00a0\u00bb][vc_column_inner width=\u00a0\u00bb1\/4&Prime;]<h3 class=\"vcex-heading vcex-module wpex-text-2xl wpex-font-normal wpex-m-auto wpex-max-w-100 vcex-heading-plain wpex-h3 wpex-block vc_custom_1683047764979 transition-all\" data-wpex-hover=\"{&quot;color&quot;:&quot;#ffffff&quot;,&quot;background&quot;:&quot;#34bfa6&quot;}\"><a href=\"https:\/\/mto.org\/fr\/salle-de-presse\/\" title=\"Presseraum\" class=\"wpex-no-underline wpex-inherit-color wpex-block\"\"><span class=\"vcex-heading-inner wpex-inline-block wpex-clr\"><span class=\"vcex-icon-wrap wpex-mr-15\" style=\"color:#34bfa6;\"><span class=\"far fa-address-card\" aria-hidden=\"true\"><\/span><\/span>Coin presse <span class=\"wpex-badge\">M\u00e9dias &amp; contacts<\/span><\/span><\/a><\/h3>[\/vc_column_inner][vc_column_inner width=\u00a0\u00bb1\/4&Prime;][\/vc_column_inner][vc_column_inner width=\u00a0\u00bb1\/4&Prime;][\/vc_column_inner][vc_column_inner width=\u00a0\u00bb1\/4&Prime;]<div class=\"vcex-module wpex-social-btns vcex-social-btns textright wpex-last-mr-0\"><a  href=\"https:\/\/www.instagram.com\/mtoshahmaghsoudi\/\" class=\"wpex-social-btn wpex-social-btn-no-style wpex-mb-5 wpex-mr-5 hvr hvr-grow vc_custom_1663609478444 wpex-instagram\" target=\"_blank\" rel=\"noopener noreferrer\"><span class=\"ticon ticon-instagram\" aria-hidden=\"true\"><\/span><span class=\"screen-reader-text\">Instagram<\/span><\/a><a  href=\"https:\/\/twitter.com\/mtoshahmaghsoud\" class=\"wpex-social-btn wpex-social-btn-no-style wpex-mb-5 wpex-mr-5 hvr hvr-grow vc_custom_1663609478444 wpex-twitter\" target=\"_blank\" rel=\"noopener noreferrer\"><span class=\"ticon ticon-twitter\" aria-hidden=\"true\"><\/span><span class=\"screen-reader-text\">Twitter<\/span><\/a><a  href=\"https:\/\/www.facebook.com\/mtoshahmaghsoudi\" class=\"wpex-social-btn wpex-social-btn-no-style wpex-mb-5 wpex-mr-5 hvr hvr-grow vc_custom_1663609478444 wpex-facebook\" target=\"_blank\" rel=\"noopener noreferrer\"><span class=\"ticon ticon-facebook\" aria-hidden=\"true\"><\/span><span class=\"screen-reader-text\">Facebook<\/span><\/a><a  href=\"https:\/\/vimeo.com\/user103184170\" class=\"wpex-social-btn wpex-social-btn-no-style wpex-mb-5 wpex-mr-5 hvr hvr-grow vc_custom_1663609478444 wpex-vimeo\" target=\"_blank\" rel=\"noopener noreferrer\"><span class=\"ticon ticon-vimeo\" aria-hidden=\"true\"><\/span><span class=\"screen-reader-text\">Vimeo<\/span><\/a><a  href=\"https:\/\/www.linkedin.com\/company\/mtoshahmaghsoudi\/\" class=\"wpex-social-btn wpex-social-btn-no-style wpex-mb-5 wpex-mr-5 hvr hvr-grow vc_custom_1663609478444 wpex-linkedin\" target=\"_blank\" rel=\"noopener noreferrer\"><span class=\"ticon ticon-linkedin\" aria-hidden=\"true\"><\/span><span class=\"screen-reader-text\">Linkedin<\/span><\/a><\/div>[\/vc_column_inner][\/vc_row_inner][\/vc_column][\/vc_row][vc_row css=\u00a0\u00bb.vc_custom_1647424149298{margin-top: 132px !important;margin-bottom: 132px !important;}\u00a0\u00bb][vc_column width=\u00a0\u00bb1\/3&Prime;]<div class=\"vcex-module vcex-icon-box vcex-icon-box-one wpex-relative wpex-flex wpex-p-15 wpex-text-left wpex-hover-white-text vc_custom_1683053844713\" data-wpex-hover=\"{&quot;background&quot;:&quot;#000000&quot;}\"><div class=\"vcex-icon-box-symbol wpex-flex-shrink-0 wpex-mr-20\"><div class=\"vcex-icon-box-icon wpex-inline-flex wpex-items-center wpex-justify-center wpex-child-inherit-color wpex-text-center wpex-leading-none wpex-text-black\" style=\"color:#000000;\"><span class=\"ticon ticon-map-marker\" aria-hidden=\"true\"><\/span><\/div><\/div><div class=\"vcex-icon-box-text wpex-flex-grow\"><h2 class=\"vcex-icon-box-heading wpex-heading wpex-text-md wpex-mb-10\">Adresse postale<\/h2><div class=\"vcex-icon-box-content wpex-last-mb-0 wpex-clr\"><p><strong>MTO Shahmaghsoudi\u00ae\u00a0<\/strong><\/p>\n<p>Public Relations Office<br \/>\nP.O. Box 3620<br \/>\nWashington, D.C. 20027, USA<\/p>\n<\/div><\/div><\/div>[\/vc_column][vc_column width=\u00a0\u00bb1\/3&Prime;]<a href=\"mailto:info@association-soufie.info\" class=\"vcex-icon-box-link-wrap wpex-inherit-color wpex-no-underline\"><div class=\"vcex-module vcex-icon-box vcex-icon-box-one wpex-relative wpex-flex wpex-p-15 wpex-text-left wpex-hover-white-text vc_custom_1683053869519\" data-wpex-hover=\"{&quot;background&quot;:&quot;#000000&quot;}\"><div class=\"vcex-icon-box-symbol wpex-flex-shrink-0 wpex-mr-20\"><div class=\"vcex-icon-box-icon wpex-inline-flex wpex-items-center wpex-justify-center wpex-child-inherit-color wpex-text-center wpex-leading-none wpex-text-black\" style=\"color:#000000;\"><span class=\"ticon ticon-envelope-o\" aria-hidden=\"true\"><\/span><\/div><\/div><div class=\"vcex-icon-box-text wpex-flex-grow\"><h2 class=\"vcex-icon-box-heading wpex-heading wpex-text-md wpex-mb-10\">E-mail<\/h2><div class=\"vcex-icon-box-content wpex-last-mb-0 wpex-clr\"><p>info@mto.org<\/p>\n<\/div><\/div><\/div><\/a><div class=\"vcex-spacing wpex-w-100 wpex-clear\" style=\"height:8px\"><\/div>[\/vc_column][vc_column width=\u00a0\u00bb1\/3&Prime;][\/vc_column][\/vc_row][vc_row][vc_column]<h3 class=\"vcex-heading vcex-module wpex-text-2xl wpex-font-normal wpex-m-auto wpex-max-w-100 vcex-heading-plain wpex-h3 wpex-block\"><span class=\"vcex-heading-inner wpex-inline-block wpex-clr\">Centres soufis en France<\/span><\/h3><div class=\"vcex-spacing wpex-w-100 wpex-clear\" style=\"height:8px\"><\/div>[vc_separator color=\u00a0\u00bbblack\u00a0\u00bb css=\u00a0\u00bb.vc_custom_1663609128836{margin-bottom: 8px !important;}\u00a0\u00bb]<div class=\"vcex-spacing wpex-w-100 wpex-clear\" style=\"height:20px\"><\/div><div class=\"vcex-module vcex-staff-grid-wrap clr\"><div class=\"wpex-row vcex-staff-grid entries wpex-clr gap-20 match-height-grid\"><div class=\"staff-entry vcex-grid-item span_1_of_6 span_1_of_3_tl span_1_of_3_tp span_1_of_2_pl span_1_of_2_pp textleft col col-1 post-18988 entry type-staff has-media cat-77 cat-199 cat-77\"><div class=\"staff-entry-inner entry-inner wpex-first-mt-0 wpex-last-mb-0 wpex-clr wpex-shadow\"><div class=\"staff-entry-media entry-media\"><a href=\"https:\/\/mto.org\/fr\/center\/nice\/\" title=\"Nice\" class=\"staff-entry-media-link\"><img decoding=\"async\" loading=\"lazy\" class=\"staff-entry-media-img staff-entry-img wpex-align-middle wpex-align-middle\" src=\"https:\/\/mto.org\/wp-content\/uploads\/2023\/05\/Photo-Nice-NS.jpg\" alt=\"\" width=\"2160\" height=\"2160\" \/><\/a><\/div><div class=\"staff-entry-details entry-details wpex-boxed wpex-border-solid wpex-border wpex-first-mt-0 wpex-last-mb-0 wpex-clr\" style=\"background-color:#ffffff;border-color:#000000;\"><div class=\"match-height-content\"><h3 class=\"staff-entry-title entry-title wpex-mb-5\"><a href=\"https:\/\/mto.org\/fr\/center\/nice\/\">Nice<\/a><\/h3><div class=\"staff-entry-social-links wpex-clr\"><div class=\"staff-social wpex-social-btns wpex-mt-10 wpex-last-mr-0\"><\/div><\/div><\/div><\/div><\/div><\/div><div class=\"staff-entry vcex-grid-item span_1_of_6 span_1_of_3_tl span_1_of_3_tp span_1_of_2_pl span_1_of_2_pp textleft col col-2 post-15054 entry type-staff has-media cat-77 cat-199 cat-77\"><div class=\"staff-entry-inner entry-inner wpex-first-mt-0 wpex-last-mb-0 wpex-clr wpex-shadow\"><div class=\"staff-entry-media entry-media\"><a href=\"https:\/\/mto.org\/fr\/center\/paris\/\" title=\"Paris\" class=\"staff-entry-media-link\"><img decoding=\"async\" loading=\"lazy\" class=\"staff-entry-media-img staff-entry-img wpex-align-middle wpex-align-middle\" src=\"https:\/\/mto.org\/wp-content\/uploads\/2022\/09\/MTO_France.jpg\" alt=\"\" width=\"1200\" height=\"1200\" \/><\/a><\/div><div class=\"staff-entry-details entry-details wpex-boxed wpex-border-solid wpex-border wpex-first-mt-0 wpex-last-mb-0 wpex-clr\" style=\"background-color:#ffffff;border-color:#000000;\"><div class=\"match-height-content\"><h3 class=\"staff-entry-title entry-title wpex-mb-5\"><a href=\"https:\/\/mto.org\/fr\/center\/paris\/\">Paris<\/a><\/h3><div class=\"staff-entry-social-links wpex-clr\"><div class=\"staff-social wpex-social-btns wpex-mt-10 wpex-last-mr-0\"><a href=\"mailto:angha.par.fr@mto.org\" class=\"wpex-email wpex-social-btn wpex-social-btn-flat wpex-social-color-hover wpex-mr-5 wpex-mt-5\"><span class=\"ticon ticon-envelope\" aria-hidden=\"true\"><\/span><span class=\"screen-reader-text\">Email<\/span><\/a><a href=\"http:\/\/info@association-soufie.info\" class=\"wpex-website wpex-social-btn wpex-social-btn-flat wpex-social-color-hover wpex-mr-5 wpex-mt-5\" target=\"_blank\" rel=\"noopener noreferrer\"><span class=\"ticon ticon-external-link-square\" aria-hidden=\"true\"><\/span><span class=\"screen-reader-text\">Site internet<\/span><\/a><\/div><\/div><\/div><\/div><\/div><\/div><\/div><\/div>[\/vc_column][\/vc_row][vc_row css=\u00a0\u00bb.vc_custom_1647257348896{margin-top: 66px !important;}\u00a0\u00bb][vc_column width=\u00a0\u00bb1\/6&Prime;][\/vc_column][vc_column width=\u00a0\u00bb2\/3&Prime;]<div class=\"vcex-module vcex-divider-multicolor wpex-flex wpex-max-w-100 wpex-m-auto wpex-clr\"><span class=\"wpex-flex-grow\" style=\"background:#0066cc;height:5px;\"><\/span><span class=\"wpex-flex-grow\" style=\"background:#452586;height:5px;\"><\/span><span class=\"wpex-flex-grow\" style=\"background:#301961;height:5px;\"><\/span><span class=\"wpex-flex-grow\" style=\"background:#5f3aae;height:5px;\"><\/span><span class=\"wpex-flex-grow\" style=\"background:#01c1a8;height:5px;\"><\/span><span class=\"wpex-flex-grow\" style=\"background:#11e2c5;height:5px;\"><\/span><\/div>[vc_column_text color=\u00a0\u00bbaccent\u00a0\u00bb font_size=\u00a0\u00bbd:19|tl:18|tp:18|pl:17|pp:17&Prime; font_weight=\u00a0\u00bb600&Prime; text_align=\u00a0\u00bbcenter\u00a0\u00bb width=\u00a0\u00bb1200&Prime;]\n<blockquote>\n<p style=\"text-align: center;\">MTO Shahmaghsoudi\u00ae est une organisation internationale \u00e0 but non lucratif avec des centres sur six continents, une communaut\u00e9 forte de plus d&rsquo;un million de personnes, et plus de 3 millions de personnes participant \u00e0 nos s\u00e9ances d&rsquo;enseignement diffus\u00e9es en ligne. L&rsquo;histoire de l&rsquo;\u00e9cole remonte \u00e0 1.400 ans, \u00e0 l&rsquo;\u00e9poque du Saint Proph\u00e8te Mohammad (que la Paix soit sur Lui) et du fondateur de l&rsquo;\u00e9cole, Oveys Gharani. Les connaissances et les pratiques de l&rsquo;\u00e9cole ont \u00e9t\u00e9 transmises par une succession ininterrompue de ma\u00eetres soufis, de Oveys Gharani \u00e0 Hazrat Salaheddin Ali Nader Angha, ma\u00eetre actuel.<\/p>\n<\/blockquote>\n[\/vc_column_text][\/vc_column][vc_column width=\u00a0\u00bb1\/6&Prime;][\/vc_column][\/vc_row]\n","protected":false},"excerpt":{"rendered":"<p>[vc_row column_spacing=\u00a0\u00bb0px\u00a0\u00bb css=\u00a0\u00bb.vc_custom_1675874474884{margin-bottom: 80px !important;padding-top: 8px !important;}\u00a0\u00bb][vc_column][vc_row_inner css=\u00a0\u00bb.vc_custom_1675893424980{padding-right: 12px !important;padding-left: 12px !important;}\u00a0\u00bb][vc_column_inner width=\u00a0\u00bb1\/2&Prime;][\/vc_column_inner][vc_column_inner width=\u00a0\u00bb1\/2&Prime;][\/vc_column_inner][\/vc_row_inner][vc_separator color=\u00a0\u00bbblack\u00a0\u00bb css=\u00a0\u00bb.vc_custom_1663609128836{margin-bottom: 8px !important;}\u00a0\u00bb][vc_row_inner gap=\u00a0\u00bb4&Prime; css=\u00a0\u00bb.vc_custom_1663609203374{padding-right: 8px !important;padding-left: 8px !important;}\u00a0\u00bb][vc_column_inner width=\u00a0\u00bb1\/4&Prime;][\/vc_column_inner][vc_column_inner width=\u00a0\u00bb1\/4&Prime;][\/vc_column_inner][vc_column_inner width=\u00a0\u00bb1\/4&Prime;][\/vc_column_inner][vc_column_inner width=\u00a0\u00bb1\/4&Prime;][\/vc_column_inner][\/vc_row_inner][\/vc_column][\/vc_row][vc_row css=\u00a0\u00bb.vc_custom_1647424149298{margin-top: 132px !important;margin-bottom: 132px !important;}\u00a0\u00bb][vc_column width=\u00a0\u00bb1\/3&Prime;][\/vc_column][vc_column width=\u00a0\u00bb1\/3&Prime;][\/vc_column][vc_column width=\u00a0\u00bb1\/3&Prime;][\/vc_column][\/vc_row][vc_row][vc_column][vc_separator color=\u00a0\u00bbblack\u00a0\u00bb css=\u00a0\u00bb.vc_custom_1663609128836{margin-bottom: 8px !important;}\u00a0\u00bb][\/vc_column][\/vc_row][vc_row&hellip;<\/p>\n","protected":false},"author":1,"featured_media":0,"parent":0,"menu_order":0,"comment_status":"closed","ping_status":"closed","template":"","meta":{"_EventAllDay":false,"_EventTimezone":"","_EventStartDate":"","_EventEndDate":"","_EventStartDateUTC":"","_EventEndDateUTC":"","_EventShowMap":false,"_EventShowMapLink":false,"_EventURL":"","_EventCost":"","_EventCostDescription":"","_EventCurrencySymbol":"","_EventCurrencyCode":"","_EventCurrencyPosition":"","_EventDateTimeSeparator":"","_EventTimeRangeSeparator":"","_EventOrganizerID":[],"_EventVenueID":[],"_OrganizerEmail":"","_OrganizerPhone":"","_OrganizerWebsite":"","_VenueAddress":"","_VenueCity":"","_VenueCountry":"","_VenueProvince":"","_VenueState":"","_VenueZip":"","_VenuePhone":"","_VenueURL":"","_VenueStateProvince":"","_VenueLat":"","_VenueLng":"","_VenueShowMap":false,"_VenueShowMapLink":false,"footnotes":""},"class_list":["post-15051","page","type-page","status-publish","hentry","entry","has-media"],"yoast_head":"<!-- This site is optimized with the Yoast SEO plugin v24.8.1 - https:\/\/yoast.com\/wordpress\/plugins\/seo\/ -->\n<title>Contacts - MTO Shahmaghsoudi<\/title>\n<meta name=\"robots\" content=\"index, follow, max-snippet:-1, max-image-preview:large, max-video-preview:-1\" \/>\n<link rel=\"canonical\" href=\"https:\/\/mto.org\/fr\/contacts\/\" \/>\n<meta property=\"og:locale\" content=\"fr_FR\" \/>\n<meta property=\"og:type\" content=\"article\" \/>\n<meta property=\"og:title\" content=\"Contacts - MTO Shahmaghsoudi\" \/>\n<meta property=\"og:description\" content=\"[vc_row column_spacing=\u00a0\u00bb0px\u00a0\u00bb css=\u00a0\u00bb.vc_custom_1675874474884{margin-bottom: 80px !important;padding-top: 8px !important;}\u00a0\u00bb][vc_column][vc_row_inner css=\u00a0\u00bb.vc_custom_1675893424980{padding-right: 12px !important;padding-left: 12px !important;}\u00a0\u00bb][vc_column_inner width=\u00a0\u00bb1\/2&Prime;][\/vc_column_inner][vc_column_inner width=\u00a0\u00bb1\/2&Prime;][\/vc_column_inner][\/vc_row_inner][vc_separator color=\u00a0\u00bbblack\u00a0\u00bb css=\u00a0\u00bb.vc_custom_1663609128836{margin-bottom: 8px !important;}\u00a0\u00bb][vc_row_inner gap=\u00a0\u00bb4&Prime; css=\u00a0\u00bb.vc_custom_1663609203374{padding-right: 8px !important;padding-left: 8px !important;}\u00a0\u00bb][vc_column_inner width=\u00a0\u00bb1\/4&Prime;][\/vc_column_inner][vc_column_inner width=\u00a0\u00bb1\/4&Prime;][\/vc_column_inner][vc_column_inner width=\u00a0\u00bb1\/4&Prime;][\/vc_column_inner][vc_column_inner width=\u00a0\u00bb1\/4&Prime;][\/vc_column_inner][\/vc_row_inner][\/vc_column][\/vc_row][vc_row css=\u00a0\u00bb.vc_custom_1647424149298{margin-top: 132px !important;margin-bottom: 132px !important;}\u00a0\u00bb][vc_column width=\u00a0\u00bb1\/3&Prime;][\/vc_column][vc_column width=\u00a0\u00bb1\/3&Prime;][\/vc_column][vc_column width=\u00a0\u00bb1\/3&Prime;][\/vc_column][\/vc_row][vc_row][vc_column][vc_separator color=\u00a0\u00bbblack\u00a0\u00bb css=\u00a0\u00bb.vc_custom_1663609128836{margin-bottom: 8px !important;}\u00a0\u00bb][\/vc_column][\/vc_row][vc_row&hellip;\" \/>\n<meta property=\"og:url\" content=\"https:\/\/mto.org\/fr\/contacts\/\" \/>\n<meta property=\"og:site_name\" content=\"MTO Shahmaghsoudi\" \/>\n<meta property=\"article:publisher\" content=\"https:\/\/www.facebook.com\/mtoshahmaghsoudi\" \/>\n<meta property=\"article:modified_time\" content=\"2023-05-10T18:42:35+00:00\" \/>\n<meta name=\"twitter:card\" content=\"summary_large_image\" \/>\n<meta name=\"twitter:site\" content=\"@mtoshahmaghsoud\" \/>\n<meta name=\"twitter:label1\" content=\"Dur\u00e9e de lecture estim\u00e9e\" \/>\n\t<meta name=\"twitter:data1\" content=\"4 minutes\" \/>\n<script type=\"application\/ld+json\" class=\"yoast-schema-graph\">{\"@context\":\"https:\/\/schema.org\",\"@graph\":[{\"@type\":\"WebPage\",\"@id\":\"https:\/\/mto.org\/fr\/contacts\/\",\"url\":\"https:\/\/mto.org\/fr\/contacts\/\",\"name\":\"Contacts - MTO Shahmaghsoudi\",\"isPartOf\":{\"@id\":\"https:\/\/mto.org\/#website\"},\"datePublished\":\"2022-03-16T09:55:01+00:00\",\"dateModified\":\"2023-05-10T18:42:35+00:00\",\"breadcrumb\":{\"@id\":\"https:\/\/mto.org\/fr\/contacts\/#breadcrumb\"},\"inLanguage\":\"fr-FR\",\"potentialAction\":[{\"@type\":\"ReadAction\",\"target\":[\"https:\/\/mto.org\/fr\/contacts\/\"]}]},{\"@type\":\"BreadcrumbList\",\"@id\":\"https:\/\/mto.org\/fr\/contacts\/#breadcrumb\",\"itemListElement\":[{\"@type\":\"ListItem\",\"position\":1,\"name\":\"Home\",\"item\":\"https:\/\/mto.org\/\"},{\"@type\":\"ListItem\",\"position\":2,\"name\":\"Contacts\"}]},{\"@type\":\"WebSite\",\"@id\":\"https:\/\/mto.org\/#website\",\"url\":\"https:\/\/mto.org\/\",\"name\":\"MTO Shahmaghsoudi\",\"description\":\"School of Islamic Sufism\",\"publisher\":{\"@id\":\"https:\/\/mto.org\/#organization\"},\"potentialAction\":[{\"@type\":\"SearchAction\",\"target\":{\"@type\":\"EntryPoint\",\"urlTemplate\":\"https:\/\/mto.org\/?s={search_term_string}\"},\"query-input\":{\"@type\":\"PropertyValueSpecification\",\"valueRequired\":true,\"valueName\":\"search_term_string\"}}],\"inLanguage\":\"fr-FR\"},{\"@type\":\"Organization\",\"@id\":\"https:\/\/mto.org\/#organization\",\"name\":\"MTO Shahmaghsoudi\",\"url\":\"https:\/\/mto.org\/\",\"logo\":{\"@type\":\"ImageObject\",\"inLanguage\":\"fr-FR\",\"@id\":\"https:\/\/mto.org\/#\/schema\/logo\/image\/\",\"url\":\"https:\/\/mto.org\/wp-content\/uploads\/2023\/03\/MTO_LOGO_Header.png\",\"contentUrl\":\"https:\/\/mto.org\/wp-content\/uploads\/2023\/03\/MTO_LOGO_Header.png\",\"width\":200,\"height\":200,\"caption\":\"MTO Shahmaghsoudi\"},\"image\":{\"@id\":\"https:\/\/mto.org\/#\/schema\/logo\/image\/\"},\"sameAs\":[\"https:\/\/www.facebook.com\/mtoshahmaghsoudi\",\"https:\/\/x.com\/mtoshahmaghsoud\",\"https:\/\/www.instagram.com\/mtoshahmaghsoudi\/\"]}]}<\/script>\n<!-- \/ Yoast SEO plugin. -->","yoast_head_json":{"title":"Contacts - MTO Shahmaghsoudi","robots":{"index":"index","follow":"follow","max-snippet":"max-snippet:-1","max-image-preview":"max-image-preview:large","max-video-preview":"max-video-preview:-1"},"canonical":"https:\/\/mto.org\/fr\/contacts\/","og_locale":"fr_FR","og_type":"article","og_title":"Contacts - MTO Shahmaghsoudi","og_description":"[vc_row column_spacing=\u00a0\u00bb0px\u00a0\u00bb css=\u00a0\u00bb.vc_custom_1675874474884{margin-bottom: 80px !important;padding-top: 8px !important;}\u00a0\u00bb][vc_column][vc_row_inner css=\u00a0\u00bb.vc_custom_1675893424980{padding-right: 12px !important;padding-left: 12px !important;}\u00a0\u00bb][vc_column_inner width=\u00a0\u00bb1\/2&Prime;][\/vc_column_inner][vc_column_inner width=\u00a0\u00bb1\/2&Prime;][\/vc_column_inner][\/vc_row_inner][vc_separator color=\u00a0\u00bbblack\u00a0\u00bb css=\u00a0\u00bb.vc_custom_1663609128836{margin-bottom: 8px !important;}\u00a0\u00bb][vc_row_inner gap=\u00a0\u00bb4&Prime; css=\u00a0\u00bb.vc_custom_1663609203374{padding-right: 8px !important;padding-left: 8px !important;}\u00a0\u00bb][vc_column_inner width=\u00a0\u00bb1\/4&Prime;][\/vc_column_inner][vc_column_inner width=\u00a0\u00bb1\/4&Prime;][\/vc_column_inner][vc_column_inner width=\u00a0\u00bb1\/4&Prime;][\/vc_column_inner][vc_column_inner width=\u00a0\u00bb1\/4&Prime;][\/vc_column_inner][\/vc_row_inner][\/vc_column][\/vc_row][vc_row css=\u00a0\u00bb.vc_custom_1647424149298{margin-top: 132px !important;margin-bottom: 132px !important;}\u00a0\u00bb][vc_column width=\u00a0\u00bb1\/3&Prime;][\/vc_column][vc_column width=\u00a0\u00bb1\/3&Prime;][\/vc_column][vc_column width=\u00a0\u00bb1\/3&Prime;][\/vc_column][\/vc_row][vc_row][vc_column][vc_separator color=\u00a0\u00bbblack\u00a0\u00bb css=\u00a0\u00bb.vc_custom_1663609128836{margin-bottom: 8px !important;}\u00a0\u00bb][\/vc_column][\/vc_row][vc_row&hellip;","og_url":"https:\/\/mto.org\/fr\/contacts\/","og_site_name":"MTO Shahmaghsoudi","article_publisher":"https:\/\/www.facebook.com\/mtoshahmaghsoudi","article_modified_time":"2023-05-10T18:42:35+00:00","twitter_card":"summary_large_image","twitter_site":"@mtoshahmaghsoud","twitter_misc":{"Dur\u00e9e de lecture estim\u00e9e":"4 minutes"},"schema":{"@context":"https:\/\/schema.org","@graph":[{"@type":"WebPage","@id":"https:\/\/mto.org\/fr\/contacts\/","url":"https:\/\/mto.org\/fr\/contacts\/","name":"Contacts - MTO Shahmaghsoudi","isPartOf":{"@id":"https:\/\/mto.org\/#website"},"datePublished":"2022-03-16T09:55:01+00:00","dateModified":"2023-05-10T18:42:35+00:00","breadcrumb":{"@id":"https:\/\/mto.org\/fr\/contacts\/#breadcrumb"},"inLanguage":"fr-FR","potentialAction":[{"@type":"ReadAction","target":["https:\/\/mto.org\/fr\/contacts\/"]}]},{"@type":"BreadcrumbList","@id":"https:\/\/mto.org\/fr\/contacts\/#breadcrumb","itemListElement":[{"@type":"ListItem","position":1,"name":"Home","item":"https:\/\/mto.org\/"},{"@type":"ListItem","position":2,"name":"Contacts"}]},{"@type":"WebSite","@id":"https:\/\/mto.org\/#website","url":"https:\/\/mto.org\/","name":"MTO Shahmaghsoudi","description":"School of Islamic Sufism","publisher":{"@id":"https:\/\/mto.org\/#organization"},"potentialAction":[{"@type":"SearchAction","target":{"@type":"EntryPoint","urlTemplate":"https:\/\/mto.org\/?s={search_term_string}"},"query-input":{"@type":"PropertyValueSpecification","valueRequired":true,"valueName":"search_term_string"}}],"inLanguage":"fr-FR"},{"@type":"Organization","@id":"https:\/\/mto.org\/#organization","name":"MTO Shahmaghsoudi","url":"https:\/\/mto.org\/","logo":{"@type":"ImageObject","inLanguage":"fr-FR","@id":"https:\/\/mto.org\/#\/schema\/logo\/image\/","url":"https:\/\/mto.org\/wp-content\/uploads\/2023\/03\/MTO_LOGO_Header.png","contentUrl":"https:\/\/mto.org\/wp-content\/uploads\/2023\/03\/MTO_LOGO_Header.png","width":200,"height":200,"caption":"MTO Shahmaghsoudi"},"image":{"@id":"https:\/\/mto.org\/#\/schema\/logo\/image\/"},"sameAs":["https:\/\/www.facebook.com\/mtoshahmaghsoudi","https:\/\/x.com\/mtoshahmaghsoud","https:\/\/www.instagram.com\/mtoshahmaghsoudi\/"]}]}},"_links":{"self":[{"href":"https:\/\/mto.org\/fr\/wp-json\/wp\/v2\/pages\/15051","targetHints":{"allow":["GET"]}}],"collection":[{"href":"https:\/\/mto.org\/fr\/wp-json\/wp\/v2\/pages"}],"about":[{"href":"https:\/\/mto.org\/fr\/wp-json\/wp\/v2\/types\/page"}],"author":[{"embeddable":true,"href":"https:\/\/mto.org\/fr\/wp-json\/wp\/v2\/users\/1"}],"replies":[{"embeddable":true,"href":"https:\/\/mto.org\/fr\/wp-json\/wp\/v2\/comments?post=15051"}],"version-history":[{"count":17,"href":"https:\/\/mto.org\/fr\/wp-json\/wp\/v2\/pages\/15051\/revisions"}],"predecessor-version":[{"id":19220,"href":"https:\/\/mto.org\/fr\/wp-json\/wp\/v2\/pages\/15051\/revisions\/19220"}],"wp:attachment":[{"href":"https:\/\/mto.org\/fr\/wp-json\/wp\/v2\/media?parent=15051"}],"curies":[{"name":"wp","href":"https:\/\/api.w.org\/{rel}","templated":true}]}}