{"id":7571,"date":"2023-02-09T10:55:11","date_gmt":"2023-02-09T09:55:11","guid":{"rendered":"https:\/\/mto.org\/impressum\/"},"modified":"2024-08-15T11:53:20","modified_gmt":"2024-08-15T09:53:20","slug":"impressum","status":"publish","type":"page","link":"https:\/\/mto.org\/de\/impressum\/","title":{"rendered":"Impressum"},"content":{"rendered":"[vc_row column_spacing=&#8220;0px&#8220; css=&#8220;.vc_custom_1675874474884{margin-bottom: 80px !important;padding-top: 8px !important;}&#8220;][vc_column]<h4 class=\"vcex-heading vcex-module wpex-text-2xl wpex-font-normal wpex-m-auto wpex-max-w-100 vcex-heading-plain wpex-h4 wpex-block wpex-mb-0\"><span class=\"vcex-heading-inner wpex-inline-block wpex-clr\">LEGAL<\/span><\/h4><h2 class=\"vcex-heading vcex-module wpex-text-2xl wpex-font-normal wpex-m-auto wpex-max-w-100 vcex-heading-plain wpex-h2 wpex-block\"><span class=\"vcex-heading-inner wpex-inline-block wpex-clr\">Impressum<\/span><\/h2>[vc_separator color=&#8220;black&#8220; css=&#8220;.vc_custom_1663609128836{margin-bottom: 8px !important;}&#8220;][vc_row_inner gap=&#8220;4&#8243; css=&#8220;.vc_custom_1663609203374{padding-right: 8px !important;padding-left: 8px !important;}&#8220;][vc_column_inner width=&#8220;1\/4&#8243;][\/vc_column_inner][vc_column_inner width=&#8220;1\/4&#8243;][\/vc_column_inner][vc_column_inner width=&#8220;1\/4&#8243;][\/vc_column_inner][vc_column_inner width=&#8220;1\/4&#8243;]<div class=\"vcex-module wpex-social-btns vcex-social-btns textright wpex-last-mr-0\"><a  href=\"https:\/\/www.instagram.com\/mtoshahmaghsoudi\/\" class=\"wpex-social-btn wpex-social-btn-no-style wpex-mb-5 wpex-mr-5 hvr hvr-grow vc_custom_1663609478444 wpex-instagram\" target=\"_blank\" rel=\"noopener noreferrer\"><span class=\"ticon ticon-instagram\" aria-hidden=\"true\"><\/span><span class=\"screen-reader-text\">Instagram<\/span><\/a><a  href=\"https:\/\/twitter.com\/mtoshahmaghsoud\" class=\"wpex-social-btn wpex-social-btn-no-style wpex-mb-5 wpex-mr-5 hvr hvr-grow vc_custom_1663609478444 wpex-twitter\" target=\"_blank\" rel=\"noopener noreferrer\"><span class=\"ticon ticon-twitter\" aria-hidden=\"true\"><\/span><span class=\"screen-reader-text\">Twitter<\/span><\/a><a  href=\"https:\/\/www.facebook.com\/mtoshahmaghsoudi\" class=\"wpex-social-btn wpex-social-btn-no-style wpex-mb-5 wpex-mr-5 hvr hvr-grow vc_custom_1663609478444 wpex-facebook\" target=\"_blank\" rel=\"noopener noreferrer\"><span class=\"ticon ticon-facebook\" aria-hidden=\"true\"><\/span><span class=\"screen-reader-text\">Facebook<\/span><\/a><a  href=\"https:\/\/vimeo.com\/user103184170\" class=\"wpex-social-btn wpex-social-btn-no-style wpex-mb-5 wpex-mr-5 hvr hvr-grow vc_custom_1663609478444 wpex-vimeo\" target=\"_blank\" rel=\"noopener noreferrer\"><span class=\"ticon ticon-vimeo\" aria-hidden=\"true\"><\/span><span class=\"screen-reader-text\">Vimeo<\/span><\/a><a  href=\"https:\/\/www.linkedin.com\/company\/mtoshahmaghsoudi\/\" class=\"wpex-social-btn wpex-social-btn-no-style wpex-mb-5 wpex-mr-5 hvr hvr-grow vc_custom_1663609478444 wpex-linkedin\" target=\"_blank\" rel=\"noopener noreferrer\"><span class=\"ticon ticon-linkedin\" aria-hidden=\"true\"><\/span><span class=\"screen-reader-text\">Linkedin<\/span><\/a><\/div>[\/vc_column_inner][\/vc_row_inner][\/vc_column][\/vc_row][vc_row][vc_column][vc_column_text text_align=&#8220;center&#8220;]<strong>Verantwortlich:<\/strong><\/p>\n<p>MTO Shahmaghsoudi Schule des islamischen Sufismus K\u00f6rperschaft des \u00f6ffentlichen Rechts (Kd\u00f6R),<\/p>\n<p>gesetzlich vertreten durch den Vorstand<\/p>\n<p>Harffstra\u00dfe 29<br \/>\n40591 D\u00fcsseldorf<\/p>\n<p>Telefon:\u00a0+49 211 7302664<br \/>\nFax:\u00a0+49 211 7302665<\/p>\n<p>E-Mail: info@mto.org<\/p>\n<p><strong>\u00a0<\/strong><\/p>\n<p><strong>Der Maktab Tarighat Oveyssi Shahmaghsoudi (\u201eSchool of Islamic Sufism\u201c) sind die Rechte einer K\u00f6rperschaft des \u00f6ffentlichen Rechts per Verordnung vom 5. April 2022 verliehen worden. <\/strong>Siehe diese Verordnung hier: <a href=\"https:\/\/recht.nrw.de\/lmi\/owa\/br_vbl_detail_text?anw_nr=6&amp;vd_id=20386&amp;vd_back=N500&amp;sg=0&amp;menu=1\" target=\"_blank\" rel=\"noopener\">https:\/\/recht.nrw.de\/lmi\/owa\/br_vbl_detail_text?anw_nr=6&amp;vd_id=20386&amp;vd_back=N500&amp;sg=0&amp;menu=1<\/a><\/p>\n<p>&nbsp;<\/p>\n<p><strong>Umsatzsteuer-Identifikationsnummer:<\/strong><\/p>\n<p>DE341742723[\/vc_column_text][\/vc_column][\/vc_row][vc_row][vc_column][vc_column_text text_align=&#8220;center&#8220; css=&#8220;.vc_custom_1723712935918{padding-right: 5% !important;padding-left: 5% !important;}&#8220;][\/vc_column_text]<div class=\"vcex-spacing wpex-w-100 wpex-clear\" style=\"height:40px\"><\/div>[\/vc_column][\/vc_row]\n","protected":false},"excerpt":{"rendered":"<p>[vc_row column_spacing=&#8220;0px&#8220; css=&#8220;.vc_custom_1675874474884{margin-bottom: 80px !important;padding-top: 8px !important;}&#8220;][vc_column][vc_separator color=&#8220;black&#8220; css=&#8220;.vc_custom_1663609128836{margin-bottom: 8px !important;}&#8220;][vc_row_inner gap=&#8220;4&#8243; css=&#8220;.vc_custom_1663609203374{padding-right: 8px !important;padding-left: 8px !important;}&#8220;][vc_column_inner width=&#8220;1\/4&#8243;][\/vc_column_inner][vc_column_inner width=&#8220;1\/4&#8243;][\/vc_column_inner][vc_column_inner width=&#8220;1\/4&#8243;][\/vc_column_inner][vc_column_inner width=&#8220;1\/4&#8243;][\/vc_column_inner][\/vc_row_inner][\/vc_column][\/vc_row][vc_row][vc_column][vc_column_text text_align=&#8220;center&#8220;]Verantwortlich: MTO Shahmaghsoudi Schule des islamischen Sufismus K\u00f6rperschaft des \u00f6ffentlichen Rechts (Kd\u00f6R), gesetzlich vertreten durch den Vorstand Harffstra\u00dfe 29&hellip;<\/p>\n","protected":false},"author":1,"featured_media":0,"parent":0,"menu_order":0,"comment_status":"closed","ping_status":"closed","template":"","meta":{"_EventAllDay":false,"_EventTimezone":"","_EventStartDate":"","_EventEndDate":"","_EventStartDateUTC":"","_EventEndDateUTC":"","_EventShowMap":false,"_EventShowMapLink":false,"_EventURL":"","_EventCost":"","_EventCostDescription":"","_EventCurrencySymbol":"","_EventCurrencyCode":"","_EventCurrencyPosition":"","_EventDateTimeSeparator":"","_EventTimeRangeSeparator":"","_EventOrganizerID":[],"_EventVenueID":[],"_OrganizerEmail":"","_OrganizerPhone":"","_OrganizerWebsite":"","_VenueAddress":"","_VenueCity":"","_VenueCountry":"","_VenueProvince":"","_VenueState":"","_VenueZip":"","_VenuePhone":"","_VenueURL":"","_VenueStateProvince":"","_VenueLat":"","_VenueLng":"","_VenueShowMap":false,"_VenueShowMapLink":false,"footnotes":""},"class_list":["post-7571","page","type-page","status-publish","hentry","entry","no-media"],"yoast_head":"<!-- This site is optimized with the Yoast SEO plugin v24.8.1 - https:\/\/yoast.com\/wordpress\/plugins\/seo\/ -->\n<title>Impressum - MTO Shahmaghsoudi<\/title>\n<meta name=\"robots\" content=\"index, follow, max-snippet:-1, max-image-preview:large, max-video-preview:-1\" \/>\n<link rel=\"canonical\" href=\"https:\/\/mto.org\/de\/impressum\/\" \/>\n<meta property=\"og:locale\" content=\"de_DE\" \/>\n<meta property=\"og:type\" content=\"article\" \/>\n<meta property=\"og:title\" content=\"Impressum - MTO Shahmaghsoudi\" \/>\n<meta property=\"og:description\" content=\"[vc_row column_spacing=&#8220;0px&#8220; css=&#8220;.vc_custom_1675874474884{margin-bottom: 80px !important;padding-top: 8px !important;}&#8220;][vc_column][vc_separator color=&#8220;black&#8220; css=&#8220;.vc_custom_1663609128836{margin-bottom: 8px !important;}&#8220;][vc_row_inner gap=&#8220;4&#8243; css=&#8220;.vc_custom_1663609203374{padding-right: 8px !important;padding-left: 8px !important;}&#8220;][vc_column_inner width=&#8220;1\/4&#8243;][\/vc_column_inner][vc_column_inner width=&#8220;1\/4&#8243;][\/vc_column_inner][vc_column_inner width=&#8220;1\/4&#8243;][\/vc_column_inner][vc_column_inner width=&#8220;1\/4&#8243;][\/vc_column_inner][\/vc_row_inner][\/vc_column][\/vc_row][vc_row][vc_column][vc_column_text text_align=&#8220;center&#8220;]Verantwortlich: MTO Shahmaghsoudi Schule des islamischen Sufismus K\u00f6rperschaft des \u00f6ffentlichen Rechts (Kd\u00f6R), gesetzlich vertreten durch den Vorstand Harffstra\u00dfe 29&hellip;\" \/>\n<meta property=\"og:url\" content=\"https:\/\/mto.org\/de\/impressum\/\" \/>\n<meta property=\"og:site_name\" content=\"MTO Shahmaghsoudi\" \/>\n<meta property=\"article:publisher\" content=\"https:\/\/www.facebook.com\/mtoshahmaghsoudi\" \/>\n<meta property=\"article:modified_time\" content=\"2024-08-15T09:53:20+00:00\" \/>\n<meta name=\"twitter:card\" content=\"summary_large_image\" \/>\n<meta name=\"twitter:site\" content=\"@mtoshahmaghsoud\" \/>\n<meta name=\"twitter:label1\" content=\"Gesch\u00e4tzte Lesezeit\" \/>\n\t<meta name=\"twitter:data1\" content=\"1\u00a0Minute\" \/>\n<script type=\"application\/ld+json\" class=\"yoast-schema-graph\">{\"@context\":\"https:\/\/schema.org\",\"@graph\":[{\"@type\":\"WebPage\",\"@id\":\"https:\/\/mto.org\/de\/impressum\/\",\"url\":\"https:\/\/mto.org\/de\/impressum\/\",\"name\":\"Impressum - MTO Shahmaghsoudi\",\"isPartOf\":{\"@id\":\"https:\/\/mto.org\/#website\"},\"datePublished\":\"2023-02-09T09:55:11+00:00\",\"dateModified\":\"2024-08-15T09:53:20+00:00\",\"breadcrumb\":{\"@id\":\"https:\/\/mto.org\/de\/impressum\/#breadcrumb\"},\"inLanguage\":\"de\",\"potentialAction\":[{\"@type\":\"ReadAction\",\"target\":[\"https:\/\/mto.org\/de\/impressum\/\"]}]},{\"@type\":\"BreadcrumbList\",\"@id\":\"https:\/\/mto.org\/de\/impressum\/#breadcrumb\",\"itemListElement\":[{\"@type\":\"ListItem\",\"position\":1,\"name\":\"Home\",\"item\":\"https:\/\/mto.org\/de\/\"},{\"@type\":\"ListItem\",\"position\":2,\"name\":\"Impressum\"}]},{\"@type\":\"WebSite\",\"@id\":\"https:\/\/mto.org\/#website\",\"url\":\"https:\/\/mto.org\/\",\"name\":\"MTO Shahmaghsoudi\",\"description\":\"School of Islamic Sufism\",\"publisher\":{\"@id\":\"https:\/\/mto.org\/#organization\"},\"potentialAction\":[{\"@type\":\"SearchAction\",\"target\":{\"@type\":\"EntryPoint\",\"urlTemplate\":\"https:\/\/mto.org\/?s={search_term_string}\"},\"query-input\":{\"@type\":\"PropertyValueSpecification\",\"valueRequired\":true,\"valueName\":\"search_term_string\"}}],\"inLanguage\":\"de\"},{\"@type\":\"Organization\",\"@id\":\"https:\/\/mto.org\/#organization\",\"name\":\"MTO Shahmaghsoudi\",\"url\":\"https:\/\/mto.org\/\",\"logo\":{\"@type\":\"ImageObject\",\"inLanguage\":\"de\",\"@id\":\"https:\/\/mto.org\/#\/schema\/logo\/image\/\",\"url\":\"https:\/\/mto.org\/wp-content\/uploads\/2023\/03\/MTO_LOGO_Header.png\",\"contentUrl\":\"https:\/\/mto.org\/wp-content\/uploads\/2023\/03\/MTO_LOGO_Header.png\",\"width\":200,\"height\":200,\"caption\":\"MTO Shahmaghsoudi\"},\"image\":{\"@id\":\"https:\/\/mto.org\/#\/schema\/logo\/image\/\"},\"sameAs\":[\"https:\/\/www.facebook.com\/mtoshahmaghsoudi\",\"https:\/\/x.com\/mtoshahmaghsoud\",\"https:\/\/www.instagram.com\/mtoshahmaghsoudi\/\"]}]}<\/script>\n<!-- \/ Yoast SEO plugin. -->","yoast_head_json":{"title":"Impressum - MTO Shahmaghsoudi","robots":{"index":"index","follow":"follow","max-snippet":"max-snippet:-1","max-image-preview":"max-image-preview:large","max-video-preview":"max-video-preview:-1"},"canonical":"https:\/\/mto.org\/de\/impressum\/","og_locale":"de_DE","og_type":"article","og_title":"Impressum - MTO Shahmaghsoudi","og_description":"[vc_row column_spacing=&#8220;0px&#8220; css=&#8220;.vc_custom_1675874474884{margin-bottom: 80px !important;padding-top: 8px !important;}&#8220;][vc_column][vc_separator color=&#8220;black&#8220; css=&#8220;.vc_custom_1663609128836{margin-bottom: 8px !important;}&#8220;][vc_row_inner gap=&#8220;4&#8243; css=&#8220;.vc_custom_1663609203374{padding-right: 8px !important;padding-left: 8px !important;}&#8220;][vc_column_inner width=&#8220;1\/4&#8243;][\/vc_column_inner][vc_column_inner width=&#8220;1\/4&#8243;][\/vc_column_inner][vc_column_inner width=&#8220;1\/4&#8243;][\/vc_column_inner][vc_column_inner width=&#8220;1\/4&#8243;][\/vc_column_inner][\/vc_row_inner][\/vc_column][\/vc_row][vc_row][vc_column][vc_column_text text_align=&#8220;center&#8220;]Verantwortlich: MTO Shahmaghsoudi Schule des islamischen Sufismus K\u00f6rperschaft des \u00f6ffentlichen Rechts (Kd\u00f6R), gesetzlich vertreten durch den Vorstand Harffstra\u00dfe 29&hellip;","og_url":"https:\/\/mto.org\/de\/impressum\/","og_site_name":"MTO Shahmaghsoudi","article_publisher":"https:\/\/www.facebook.com\/mtoshahmaghsoudi","article_modified_time":"2024-08-15T09:53:20+00:00","twitter_card":"summary_large_image","twitter_site":"@mtoshahmaghsoud","twitter_misc":{"Gesch\u00e4tzte Lesezeit":"1\u00a0Minute"},"schema":{"@context":"https:\/\/schema.org","@graph":[{"@type":"WebPage","@id":"https:\/\/mto.org\/de\/impressum\/","url":"https:\/\/mto.org\/de\/impressum\/","name":"Impressum - MTO Shahmaghsoudi","isPartOf":{"@id":"https:\/\/mto.org\/#website"},"datePublished":"2023-02-09T09:55:11+00:00","dateModified":"2024-08-15T09:53:20+00:00","breadcrumb":{"@id":"https:\/\/mto.org\/de\/impressum\/#breadcrumb"},"inLanguage":"de","potentialAction":[{"@type":"ReadAction","target":["https:\/\/mto.org\/de\/impressum\/"]}]},{"@type":"BreadcrumbList","@id":"https:\/\/mto.org\/de\/impressum\/#breadcrumb","itemListElement":[{"@type":"ListItem","position":1,"name":"Home","item":"https:\/\/mto.org\/de\/"},{"@type":"ListItem","position":2,"name":"Impressum"}]},{"@type":"WebSite","@id":"https:\/\/mto.org\/#website","url":"https:\/\/mto.org\/","name":"MTO Shahmaghsoudi","description":"School of Islamic Sufism","publisher":{"@id":"https:\/\/mto.org\/#organization"},"potentialAction":[{"@type":"SearchAction","target":{"@type":"EntryPoint","urlTemplate":"https:\/\/mto.org\/?s={search_term_string}"},"query-input":{"@type":"PropertyValueSpecification","valueRequired":true,"valueName":"search_term_string"}}],"inLanguage":"de"},{"@type":"Organization","@id":"https:\/\/mto.org\/#organization","name":"MTO Shahmaghsoudi","url":"https:\/\/mto.org\/","logo":{"@type":"ImageObject","inLanguage":"de","@id":"https:\/\/mto.org\/#\/schema\/logo\/image\/","url":"https:\/\/mto.org\/wp-content\/uploads\/2023\/03\/MTO_LOGO_Header.png","contentUrl":"https:\/\/mto.org\/wp-content\/uploads\/2023\/03\/MTO_LOGO_Header.png","width":200,"height":200,"caption":"MTO Shahmaghsoudi"},"image":{"@id":"https:\/\/mto.org\/#\/schema\/logo\/image\/"},"sameAs":["https:\/\/www.facebook.com\/mtoshahmaghsoudi","https:\/\/x.com\/mtoshahmaghsoud","https:\/\/www.instagram.com\/mtoshahmaghsoudi\/"]}]}},"_links":{"self":[{"href":"https:\/\/mto.org\/de\/wp-json\/wp\/v2\/pages\/7571","targetHints":{"allow":["GET"]}}],"collection":[{"href":"https:\/\/mto.org\/de\/wp-json\/wp\/v2\/pages"}],"about":[{"href":"https:\/\/mto.org\/de\/wp-json\/wp\/v2\/types\/page"}],"author":[{"embeddable":true,"href":"https:\/\/mto.org\/de\/wp-json\/wp\/v2\/users\/1"}],"replies":[{"embeddable":true,"href":"https:\/\/mto.org\/de\/wp-json\/wp\/v2\/comments?post=7571"}],"version-history":[{"count":12,"href":"https:\/\/mto.org\/de\/wp-json\/wp\/v2\/pages\/7571\/revisions"}],"predecessor-version":[{"id":22788,"href":"https:\/\/mto.org\/de\/wp-json\/wp\/v2\/pages\/7571\/revisions\/22788"}],"wp:attachment":[{"href":"https:\/\/mto.org\/de\/wp-json\/wp\/v2\/media?parent=7571"}],"curies":[{"name":"wp","href":"https:\/\/api.w.org\/{rel}","templated":true}]}}