{"id":6655,"date":"2023-02-08T19:47:07","date_gmt":"2023-02-08T18:47:07","guid":{"rendered":"https:\/\/mto.org\/?page_id=6655"},"modified":"2026-03-30T22:19:26","modified_gmt":"2026-03-30T20:19:26","slug":"mitglied-werden","status":"publish","type":"page","link":"https:\/\/mto.org\/de\/mitglied-werden\/","title":{"rendered":"Mitglied werden"},"content":{"rendered":"[vc_row column_spacing=&#8220;0px&#8220; css=&#8220;.vc_custom_1675874474884{margin-bottom: 80px !important;padding-top: 8px !important;}&#8220;][vc_column]<h4 class=\"vcex-heading vcex-module wpex-text-2xl wpex-font-normal wpex-m-auto wpex-max-w-100 vcex-heading-plain wpex-h4 wpex-block wpex-mb-0\"><span class=\"vcex-heading-inner wpex-inline-block wpex-clr\">Kd\u00f6R<\/span><\/h4><h2 class=\"vcex-heading vcex-module wpex-text-2xl wpex-font-normal wpex-m-auto wpex-max-w-100 vcex-heading-plain wpex-h2 wpex-block\"><span class=\"vcex-heading-inner wpex-inline-block wpex-clr\">Mitglied werden<\/span><\/h2>[vc_separator color=&#8220;black&#8220; css=&#8220;.vc_custom_1663609128836{margin-bottom: 8px !important;}&#8220;][vc_row_inner gap=&#8220;4&#8243; css=&#8220;.vc_custom_1663609203374{padding-right: 8px !important;padding-left: 8px !important;}&#8220;][vc_column_inner width=&#8220;1\/4&#8243;][\/vc_column_inner][vc_column_inner width=&#8220;1\/4&#8243;][\/vc_column_inner][vc_column_inner width=&#8220;1\/4&#8243;][\/vc_column_inner][vc_column_inner width=&#8220;1\/4&#8243;]<div class=\"vcex-module wpex-social-btns vcex-social-btns textright wpex-last-mr-0\"><a  href=\"https:\/\/www.instagram.com\/mtoshahmaghsoudi\/\" class=\"wpex-social-btn wpex-social-btn-no-style wpex-mb-5 wpex-mr-5 hvr hvr-grow vc_custom_1663609478444 wpex-instagram\" target=\"_blank\" rel=\"noopener noreferrer\"><span class=\"ticon ticon-instagram\" aria-hidden=\"true\"><\/span><span class=\"screen-reader-text\">Instagram<\/span><\/a><a  href=\"https:\/\/twitter.com\/mtoshahmaghsoud\" class=\"wpex-social-btn wpex-social-btn-no-style wpex-mb-5 wpex-mr-5 hvr hvr-grow vc_custom_1663609478444 wpex-twitter\" target=\"_blank\" rel=\"noopener noreferrer\"><span class=\"ticon ticon-twitter\" aria-hidden=\"true\"><\/span><span class=\"screen-reader-text\">Twitter<\/span><\/a><a  href=\"https:\/\/www.facebook.com\/mtoshahmaghsoudi\" class=\"wpex-social-btn wpex-social-btn-no-style wpex-mb-5 wpex-mr-5 hvr hvr-grow vc_custom_1663609478444 wpex-facebook\" target=\"_blank\" rel=\"noopener noreferrer\"><span class=\"ticon ticon-facebook\" aria-hidden=\"true\"><\/span><span class=\"screen-reader-text\">Facebook<\/span><\/a><a  href=\"https:\/\/vimeo.com\/user103184170\" class=\"wpex-social-btn wpex-social-btn-no-style wpex-mb-5 wpex-mr-5 hvr hvr-grow vc_custom_1663609478444 wpex-vimeo\" target=\"_blank\" rel=\"noopener noreferrer\"><span class=\"ticon ticon-vimeo\" aria-hidden=\"true\"><\/span><span class=\"screen-reader-text\">Vimeo<\/span><\/a><a  href=\"https:\/\/www.linkedin.com\/company\/mtoshahmaghsoudi\/\" class=\"wpex-social-btn wpex-social-btn-no-style wpex-mb-5 wpex-mr-5 hvr hvr-grow vc_custom_1663609478444 wpex-linkedin\" target=\"_blank\" rel=\"noopener noreferrer\"><span class=\"ticon ticon-linkedin\" aria-hidden=\"true\"><\/span><span class=\"screen-reader-text\">Linkedin<\/span><\/a><\/div>[\/vc_column_inner][\/vc_row_inner][\/vc_column][\/vc_row][vc_row css=&#8220;.vc_custom_1675874873560{margin-top: 8px !important;margin-bottom: 20px !important;}&#8220;][vc_column][vc_row_inner][vc_column_inner width=&#8220;1\/2&#8243;]<h3 class=\"vcex-heading vcex-module wpex-text-2xl wpex-font-normal wpex-m-auto wpex-max-w-100 vcex-heading-plain wpex-h3 wpex-block vc_custom_1684227411594\" data-wpex-rcss='{&quot;font-size&quot;:{&quot;d&quot;:&quot;17px&quot;,&quot;tl&quot;:&quot;16px&quot;,&quot;tp&quot;:&quot;16px&quot;,&quot;pl&quot;:&quot;15px&quot;,&quot;pp&quot;:&quot;15px&quot;}}'><span class=\"vcex-heading-inner wpex-inline-block wpex-clr\">MTO Community<\/span><\/h3>[vc_column_text]Hier k\u00f6nnen Sie einen Antrag auf Mitgliedschaft bei der MTO Shahmaghsoudi Kd\u00f6R stellen.<br \/>\nBitte f\u00fcllen Sie das Antragsformular vollst\u00e4ndig aus.<\/p>\n<p>F\u00fcr die Mitgliedschaft bei MTO Shahmaghsoudi Kd\u00f6R m\u00fcssen keine Mitgliederbeitr\u00e4ge geleistet werden.<\/p>\n<p>Die Antragstellung garantiert keine Mitgliedschaft.<br \/>\nDie Mitgliedschaft besteht erst nach Zustimmung des Vorstandes der MTO Shahmaghsoudi Kd\u00f6R.[\/vc_column_text]<div class=\"vcex-spacing wpex-w-100 wpex-clear\" style=\"height:20px\"><\/div><div class=\"vcex-module vcex-newsletter-form wpex-clr\"><div class=\"vcex-newsletter-form-wrap wpex-max-w-100\"><form action=\"https:\/\/mto.us19.list-manage.com\/subscribe?u=4fd829884b135c8a76d4e0e0a&#038;id=777c3c035b\" method=\"post\" class=\"wpex-flex\"><label class=\"vcex-newsletter-form-label wpex-flex-grow\"><span class=\"screen-reader-text\">Ihre E-Mail-Adresse bitte<\/span><input type=\"email\" name=\"EMAIL\" placeholder=\"Ihre E-Mail-Adresse bitte\" autocomplete=\"off\"><\/label><button type=\"submit\" class=\"vcex-newsletter-form-button\">zum Antrag<\/button><\/form><\/div><\/div>[\/vc_column_inner][vc_column_inner width=&#8220;1\/2&#8243;]<figure class=\"vcex-image vcex-module wpex-clr\"><div class=\"vcex-image-inner wpex-inline-block wpex-relative vc_custom_1684324461266\"><img decoding=\"async\" loading=\"lazy\" class=\"wpex-align-middle\" src=\"https:\/\/mto.org\/wp-content\/uploads\/2022\/10\/Logo_2022_horizontal.png\" alt=\"\" width=\"1500\" height=\"500\" \/><\/div><\/figure>[\/vc_column_inner][\/vc_row_inner][\/vc_column][\/vc_row][vc_row][vc_column][\/vc_column][\/vc_row]\n","protected":false},"excerpt":{"rendered":"<p>[vc_row column_spacing=&#8220;0px&#8220; css=&#8220;.vc_custom_1675874474884{margin-bottom: 80px !important;padding-top: 8px !important;}&#8220;][vc_column][vc_separator color=&#8220;black&#8220; css=&#8220;.vc_custom_1663609128836{margin-bottom: 8px !important;}&#8220;][vc_row_inner gap=&#8220;4&#8243; css=&#8220;.vc_custom_1663609203374{padding-right: 8px !important;padding-left: 8px !important;}&#8220;][vc_column_inner width=&#8220;1\/4&#8243;][\/vc_column_inner][vc_column_inner width=&#8220;1\/4&#8243;][\/vc_column_inner][vc_column_inner width=&#8220;1\/4&#8243;][\/vc_column_inner][vc_column_inner width=&#8220;1\/4&#8243;][\/vc_column_inner][\/vc_row_inner][\/vc_column][\/vc_row][vc_row css=&#8220;.vc_custom_1675874873560{margin-top: 8px !important;margin-bottom: 20px !important;}&#8220;][vc_column][vc_row_inner][vc_column_inner width=&#8220;1\/2&#8243;][vc_column_text]Hier k\u00f6nnen Sie einen Antrag auf Mitgliedschaft bei der MTO Shahmaghsoudi Kd\u00f6R stellen. Bitte&hellip;<\/p>\n","protected":false},"author":1,"featured_media":0,"parent":0,"menu_order":0,"comment_status":"closed","ping_status":"closed","template":"","meta":{"_EventAllDay":false,"_EventTimezone":"","_EventStartDate":"","_EventEndDate":"","_EventStartDateUTC":"","_EventEndDateUTC":"","_EventShowMap":false,"_EventShowMapLink":false,"_EventURL":"","_EventCost":"","_EventCostDescription":"","_EventCurrencySymbol":"","_EventCurrencyCode":"","_EventCurrencyPosition":"","_EventDateTimeSeparator":"","_EventTimeRangeSeparator":"","_EventOrganizerID":[],"_EventVenueID":[],"_OrganizerEmail":"","_OrganizerPhone":"","_OrganizerWebsite":"","_VenueAddress":"","_VenueCity":"","_VenueCountry":"","_VenueProvince":"","_VenueState":"","_VenueZip":"","_VenuePhone":"","_VenueURL":"","_VenueStateProvince":"","_VenueLat":"","_VenueLng":"","_VenueShowMap":false,"_VenueShowMapLink":false,"footnotes":""},"class_list":["post-6655","page","type-page","status-publish","hentry","entry","no-media"],"yoast_head":"<!-- This site is optimized with the Yoast SEO plugin v24.8.1 - https:\/\/yoast.com\/wordpress\/plugins\/seo\/ -->\n<title>Mitglied werden - MTO Shahmaghsoudi<\/title>\n<meta name=\"robots\" content=\"index, follow, max-snippet:-1, max-image-preview:large, max-video-preview:-1\" \/>\n<link rel=\"canonical\" href=\"https:\/\/mto.org\/de\/mitglied-werden\/\" \/>\n<meta property=\"og:locale\" content=\"de_DE\" \/>\n<meta property=\"og:type\" content=\"article\" \/>\n<meta property=\"og:title\" content=\"Mitglied werden - MTO Shahmaghsoudi\" \/>\n<meta property=\"og:description\" content=\"[vc_row column_spacing=&#8220;0px&#8220; css=&#8220;.vc_custom_1675874474884{margin-bottom: 80px !important;padding-top: 8px !important;}&#8220;][vc_column][vc_separator color=&#8220;black&#8220; css=&#8220;.vc_custom_1663609128836{margin-bottom: 8px !important;}&#8220;][vc_row_inner gap=&#8220;4&#8243; css=&#8220;.vc_custom_1663609203374{padding-right: 8px !important;padding-left: 8px !important;}&#8220;][vc_column_inner width=&#8220;1\/4&#8243;][\/vc_column_inner][vc_column_inner width=&#8220;1\/4&#8243;][\/vc_column_inner][vc_column_inner width=&#8220;1\/4&#8243;][\/vc_column_inner][vc_column_inner width=&#8220;1\/4&#8243;][\/vc_column_inner][\/vc_row_inner][\/vc_column][\/vc_row][vc_row css=&#8220;.vc_custom_1675874873560{margin-top: 8px !important;margin-bottom: 20px !important;}&#8220;][vc_column][vc_row_inner][vc_column_inner width=&#8220;1\/2&#8243;][vc_column_text]Hier k\u00f6nnen Sie einen Antrag auf Mitgliedschaft bei der MTO Shahmaghsoudi Kd\u00f6R stellen. Bitte&hellip;\" \/>\n<meta property=\"og:url\" content=\"https:\/\/mto.org\/de\/mitglied-werden\/\" \/>\n<meta property=\"og:site_name\" content=\"MTO Shahmaghsoudi\" \/>\n<meta property=\"article:publisher\" content=\"https:\/\/www.facebook.com\/mtoshahmaghsoudi\" \/>\n<meta property=\"article:modified_time\" content=\"2026-03-30T20:19:26+00:00\" \/>\n<meta name=\"twitter:card\" content=\"summary_large_image\" \/>\n<meta name=\"twitter:site\" content=\"@mtoshahmaghsoud\" \/>\n<meta name=\"twitter:label1\" content=\"Gesch\u00e4tzte Lesezeit\" \/>\n\t<meta name=\"twitter:data1\" content=\"1\u00a0Minute\" \/>\n<script type=\"application\/ld+json\" class=\"yoast-schema-graph\">{\"@context\":\"https:\/\/schema.org\",\"@graph\":[{\"@type\":\"WebPage\",\"@id\":\"https:\/\/mto.org\/de\/mitglied-werden\/\",\"url\":\"https:\/\/mto.org\/de\/mitglied-werden\/\",\"name\":\"Mitglied werden - MTO Shahmaghsoudi\",\"isPartOf\":{\"@id\":\"https:\/\/mto.org\/#website\"},\"datePublished\":\"2023-02-08T18:47:07+00:00\",\"dateModified\":\"2026-03-30T20:19:26+00:00\",\"breadcrumb\":{\"@id\":\"https:\/\/mto.org\/de\/mitglied-werden\/#breadcrumb\"},\"inLanguage\":\"de\",\"potentialAction\":[{\"@type\":\"ReadAction\",\"target\":[\"https:\/\/mto.org\/de\/mitglied-werden\/\"]}]},{\"@type\":\"BreadcrumbList\",\"@id\":\"https:\/\/mto.org\/de\/mitglied-werden\/#breadcrumb\",\"itemListElement\":[{\"@type\":\"ListItem\",\"position\":1,\"name\":\"Home\",\"item\":\"https:\/\/mto.org\/de\/\"},{\"@type\":\"ListItem\",\"position\":2,\"name\":\"Mitglied werden\"}]},{\"@type\":\"WebSite\",\"@id\":\"https:\/\/mto.org\/#website\",\"url\":\"https:\/\/mto.org\/\",\"name\":\"MTO Shahmaghsoudi\",\"description\":\"School of Islamic Sufism\",\"publisher\":{\"@id\":\"https:\/\/mto.org\/#organization\"},\"potentialAction\":[{\"@type\":\"SearchAction\",\"target\":{\"@type\":\"EntryPoint\",\"urlTemplate\":\"https:\/\/mto.org\/?s={search_term_string}\"},\"query-input\":{\"@type\":\"PropertyValueSpecification\",\"valueRequired\":true,\"valueName\":\"search_term_string\"}}],\"inLanguage\":\"de\"},{\"@type\":\"Organization\",\"@id\":\"https:\/\/mto.org\/#organization\",\"name\":\"MTO Shahmaghsoudi\",\"url\":\"https:\/\/mto.org\/\",\"logo\":{\"@type\":\"ImageObject\",\"inLanguage\":\"de\",\"@id\":\"https:\/\/mto.org\/#\/schema\/logo\/image\/\",\"url\":\"https:\/\/mto.org\/wp-content\/uploads\/2023\/03\/MTO_LOGO_Header.png\",\"contentUrl\":\"https:\/\/mto.org\/wp-content\/uploads\/2023\/03\/MTO_LOGO_Header.png\",\"width\":200,\"height\":200,\"caption\":\"MTO Shahmaghsoudi\"},\"image\":{\"@id\":\"https:\/\/mto.org\/#\/schema\/logo\/image\/\"},\"sameAs\":[\"https:\/\/www.facebook.com\/mtoshahmaghsoudi\",\"https:\/\/x.com\/mtoshahmaghsoud\",\"https:\/\/www.instagram.com\/mtoshahmaghsoudi\/\"]}]}<\/script>\n<!-- \/ Yoast SEO plugin. -->","yoast_head_json":{"title":"Mitglied werden - MTO Shahmaghsoudi","robots":{"index":"index","follow":"follow","max-snippet":"max-snippet:-1","max-image-preview":"max-image-preview:large","max-video-preview":"max-video-preview:-1"},"canonical":"https:\/\/mto.org\/de\/mitglied-werden\/","og_locale":"de_DE","og_type":"article","og_title":"Mitglied werden - MTO Shahmaghsoudi","og_description":"[vc_row column_spacing=&#8220;0px&#8220; css=&#8220;.vc_custom_1675874474884{margin-bottom: 80px !important;padding-top: 8px !important;}&#8220;][vc_column][vc_separator color=&#8220;black&#8220; css=&#8220;.vc_custom_1663609128836{margin-bottom: 8px !important;}&#8220;][vc_row_inner gap=&#8220;4&#8243; css=&#8220;.vc_custom_1663609203374{padding-right: 8px !important;padding-left: 8px !important;}&#8220;][vc_column_inner width=&#8220;1\/4&#8243;][\/vc_column_inner][vc_column_inner width=&#8220;1\/4&#8243;][\/vc_column_inner][vc_column_inner width=&#8220;1\/4&#8243;][\/vc_column_inner][vc_column_inner width=&#8220;1\/4&#8243;][\/vc_column_inner][\/vc_row_inner][\/vc_column][\/vc_row][vc_row css=&#8220;.vc_custom_1675874873560{margin-top: 8px !important;margin-bottom: 20px !important;}&#8220;][vc_column][vc_row_inner][vc_column_inner width=&#8220;1\/2&#8243;][vc_column_text]Hier k\u00f6nnen Sie einen Antrag auf Mitgliedschaft bei der MTO Shahmaghsoudi Kd\u00f6R stellen. Bitte&hellip;","og_url":"https:\/\/mto.org\/de\/mitglied-werden\/","og_site_name":"MTO Shahmaghsoudi","article_publisher":"https:\/\/www.facebook.com\/mtoshahmaghsoudi","article_modified_time":"2026-03-30T20:19:26+00:00","twitter_card":"summary_large_image","twitter_site":"@mtoshahmaghsoud","twitter_misc":{"Gesch\u00e4tzte Lesezeit":"1\u00a0Minute"},"schema":{"@context":"https:\/\/schema.org","@graph":[{"@type":"WebPage","@id":"https:\/\/mto.org\/de\/mitglied-werden\/","url":"https:\/\/mto.org\/de\/mitglied-werden\/","name":"Mitglied werden - MTO Shahmaghsoudi","isPartOf":{"@id":"https:\/\/mto.org\/#website"},"datePublished":"2023-02-08T18:47:07+00:00","dateModified":"2026-03-30T20:19:26+00:00","breadcrumb":{"@id":"https:\/\/mto.org\/de\/mitglied-werden\/#breadcrumb"},"inLanguage":"de","potentialAction":[{"@type":"ReadAction","target":["https:\/\/mto.org\/de\/mitglied-werden\/"]}]},{"@type":"BreadcrumbList","@id":"https:\/\/mto.org\/de\/mitglied-werden\/#breadcrumb","itemListElement":[{"@type":"ListItem","position":1,"name":"Home","item":"https:\/\/mto.org\/de\/"},{"@type":"ListItem","position":2,"name":"Mitglied werden"}]},{"@type":"WebSite","@id":"https:\/\/mto.org\/#website","url":"https:\/\/mto.org\/","name":"MTO Shahmaghsoudi","description":"School of Islamic Sufism","publisher":{"@id":"https:\/\/mto.org\/#organization"},"potentialAction":[{"@type":"SearchAction","target":{"@type":"EntryPoint","urlTemplate":"https:\/\/mto.org\/?s={search_term_string}"},"query-input":{"@type":"PropertyValueSpecification","valueRequired":true,"valueName":"search_term_string"}}],"inLanguage":"de"},{"@type":"Organization","@id":"https:\/\/mto.org\/#organization","name":"MTO Shahmaghsoudi","url":"https:\/\/mto.org\/","logo":{"@type":"ImageObject","inLanguage":"de","@id":"https:\/\/mto.org\/#\/schema\/logo\/image\/","url":"https:\/\/mto.org\/wp-content\/uploads\/2023\/03\/MTO_LOGO_Header.png","contentUrl":"https:\/\/mto.org\/wp-content\/uploads\/2023\/03\/MTO_LOGO_Header.png","width":200,"height":200,"caption":"MTO Shahmaghsoudi"},"image":{"@id":"https:\/\/mto.org\/#\/schema\/logo\/image\/"},"sameAs":["https:\/\/www.facebook.com\/mtoshahmaghsoudi","https:\/\/x.com\/mtoshahmaghsoud","https:\/\/www.instagram.com\/mtoshahmaghsoudi\/"]}]}},"_links":{"self":[{"href":"https:\/\/mto.org\/de\/wp-json\/wp\/v2\/pages\/6655","targetHints":{"allow":["GET"]}}],"collection":[{"href":"https:\/\/mto.org\/de\/wp-json\/wp\/v2\/pages"}],"about":[{"href":"https:\/\/mto.org\/de\/wp-json\/wp\/v2\/types\/page"}],"author":[{"embeddable":true,"href":"https:\/\/mto.org\/de\/wp-json\/wp\/v2\/users\/1"}],"replies":[{"embeddable":true,"href":"https:\/\/mto.org\/de\/wp-json\/wp\/v2\/comments?post=6655"}],"version-history":[{"count":14,"href":"https:\/\/mto.org\/de\/wp-json\/wp\/v2\/pages\/6655\/revisions"}],"predecessor-version":[{"id":28039,"href":"https:\/\/mto.org\/de\/wp-json\/wp\/v2\/pages\/6655\/revisions\/28039"}],"wp:attachment":[{"href":"https:\/\/mto.org\/de\/wp-json\/wp\/v2\/media?parent=6655"}],"curies":[{"name":"wp","href":"https:\/\/api.w.org\/{rel}","templated":true}]}}