{"id":6269,"date":"2022-07-06T13:28:55","date_gmt":"2022-07-06T11:28:55","guid":{"rendered":"https:\/\/mto.org\/ueber-sufismus\/die-khaneghah\/"},"modified":"2023-05-03T14:13:28","modified_gmt":"2023-05-03T12:13:28","slug":"die-khaneghah","status":"publish","type":"page","link":"https:\/\/mto.org\/de\/ueber-sufismus\/die-khaneghah\/","title":{"rendered":"Khaneghah"},"content":{"rendered":"[vc_row full_width=&#8220;stretch_row&#8220; content_placement=&#8220;middle&#8220; parallax=&#8220;content-moving&#8220; parallax_image=&#8220;705&#8243; wpex_shape_divider_bottom=&#8220;waves&#8220; wpex_shape_divider_bottom_invert=&#8220;true&#8220; min_height=&#8220;44vh&#8220; wpex_shape_divider_bottom_height=&#8220;55&#8243; css=&#8220;.vc_custom_1661792849667{padding-top: 10vh !important;padding-bottom: 10vh !important;background-position: center;background-repeat: no-repeat;background-size:cover !important;}&#8220;][vc_column width=&#8220;1\/2&#8243;]<h4 class=\"vcex-heading vcex-module wpex-text-2xl wpex-font-normal wpex-m-auto wpex-max-w-100 vcex-heading-plain wpex-h4 wpex-block vc_custom_1661792858864\" data-wpex-rcss='{&quot;font-size&quot;:{&quot;d&quot;:&quot;17px&quot;,&quot;tl&quot;:&quot;16px&quot;,&quot;tp&quot;:&quot;16px&quot;,&quot;pl&quot;:&quot;15px&quot;,&quot;pp&quot;:&quot;15px&quot;}}' data-wpex-hover=\"{&quot;color&quot;:&quot;#9fc656&quot;}\" style=\"color:#ffffff;letter-spacing:1px;font-weight:200;text-transform:uppercase;\"><span class=\"vcex-heading-inner wpex-inline-block wpex-clr\">\u00dcber Sufismus<\/span><\/h4><h1 class=\"vcex-heading vcex-module wpex-text-2xl wpex-font-normal wpex-m-auto wpex-max-w-100 vcex-heading-plain wpex-h1 wpex-block vc_custom_1661764434743\" style=\"color:#ffffff;\"><span class=\"vcex-heading-inner wpex-inline-block wpex-clr\">Khaneghah<\/span><\/h1>[\/vc_column][vc_column width=&#8220;1\/2&#8243;][vc_row_inner][vc_column_inner width=&#8220;1\/2&#8243;][\/vc_column_inner][vc_column_inner width=&#8220;1\/2&#8243;][\/vc_column_inner][\/vc_row_inner][\/vc_column][\/vc_row][vc_row][vc_column]<div class=\"vcex-spacing wpex-w-100 wpex-clear\" style=\"height:40px\"><\/div><h2 class=\"vcex-heading vcex-module wpex-text-2xl wpex-font-normal wpex-m-auto wpex-max-w-100 vcex-heading-plain wpex-h2 wpex-block\"><span class=\"vcex-heading-inner wpex-inline-block wpex-clr\">Haus der Gegenwart<\/span><\/h2>[vc_separator color=&#8220;black&#8220;][\/vc_column][\/vc_row][vc_row][vc_column width=&#8220;1\/2&#8243;]<div class=\"vcex-spacing wpex-w-100 wpex-clear\" style=\"height:40px\"><\/div>[vc_column_text text_align=&#8220;left&#8220; css=&#8220;.vc_custom_1683060895255{margin-right: 16px !important;}&#8220;]<strong><i>Khaneghah<\/i> oder <i>Khaneh-gah<\/i> bedeutet w\u00f6rtlich das &#8222;Haus der Gegenwart&#8220;.<\/strong><\/p>\n<p>Um Wissen zu erwerben, ist der Besuch einer Schule notwendig, wo man sich an den Lehrer\/die Lehrerin wendet, welche:r das Wissen besitzt. Im Sufismus wird die Schule <i>Khaneghah<\/i> genannt. Wenn ein Mensch fr\u00fcher auf den Weg machte, nach der eigenen Wahrheit zu suchen und sie nicht allein finden konnte, wandte er sich an die <i>Khaneghah<\/i>, um geistige F\u00fchrung zu erhalten.<\/p>\n<p>Er w\u00fcrde all seinen sozialen Rang und sein erworbenes Wissen beiseite legen und sich in reiner Demut an Khaneghah wenden, um durch die Anwesenheit des Lehrers und die Praxis des &#8222;Khaneghah&#8220; sein eigenes Wissen zu entdecken, das \u00fcber die Grenzen von Zeit und Raum hinausgeht.<i>\u00a0<\/i><i>Gah<\/i> ist der echte oder wahre Moment, in dem ein Mensch in seinem Herzen pr\u00e4sent und zentriert ist. Es ist dieser Moment der Pr\u00e4senz, den man st\u00e4ndig anstreben und verl\u00e4ngern muss, sowohl innerlich als auch \u00e4u\u00dferlich.<\/p>\n<p>Jeder wahre Moment im Leben muss entdeckt und davor bewahrt werden, in den verg\u00e4nglichen und unbest\u00e4ndigen Aspekten des materiellen Lebens vergeudet zu werden. Schlie\u00dflich \u00f6ffnet sich f\u00fcr die wahrhaft Suchenden des Pfades das Tor zu den Reichen des Wissens und der Liebe. Der <i>Salik<\/i> (der\/die Suchende) muss sich st\u00e4ndig in seiner\/ihrer Wahrheit sammeln und darf sich nicht mit der Ablenkung durch andere besch\u00e4ftigen, um in jedem Augenblick des Lebens pr\u00e4sent und eins mit der Existenz zu sein.[\/vc_column_text][\/vc_column][vc_column width=&#8220;1\/2&#8243;]<div class=\"vcex-spacing wpex-w-100 wpex-clear\" style=\"height:40px\"><\/div><a href=\"https:\/\/mto.org\/globalactivities\/sufi-centers\/\" class=\"vcex-icon-box-link-wrap wpex-inherit-color wpex-no-underline\" target=\"_blank\" rel=\"noopener noreferrer\"><div class=\"vcex-module vcex-icon-box vcex-icon-box-one wpex-relative wpex-flex wpex-shadow-xs wpex-hover-shadow-md wpex-p-0 wpex-text-left wpex-hover-white-text hvr hvr-grow vc_custom_1663676685832\" data-wpex-hover=\"{&quot;background&quot;:&quot;#7451a6&quot;}\" style=\"border-radius:8px;\"><div class=\"vcex-icon-box-symbol wpex-flex-shrink-0 wpex-mr-20\"><img decoding=\"async\" src=\"https:\/\/mto.org\/wp-content\/uploads\/2022\/05\/MTO_suficenters.jpg\" alt='' class=\"vcex-icon-box-image wpex-align-middle\" style=\"width:200px;\" \/><\/div><div class=\"vcex-icon-box-text wpex-flex-grow\"><h2 class=\"vcex-icon-box-heading wpex-heading wpex-text-md wpex-mb-10\" style=\"color:#000000;\">Sufi-Zentren <span class=\"wpex-badge\">suficenters.org<\/span><\/h2><div class=\"vcex-icon-box-content wpex-last-mb-0 wpex-clr\" style=\"color:#000000;\" data-wpex-rcss='{&quot;font-size&quot;:{&quot;d&quot;:&quot;13px&quot;,&quot;tl&quot;:&quot;11px&quot;,&quot;tp&quot;:&quot;11px&quot;,&quot;pl&quot;:&quot;10px&quot;,&quot;pp&quot;:&quot;10px&quot;}}'><p>Es gibt rund 50 M.T.O. Shahmaghsoudi\u00ae-Zentren<strong>(khaneghahs<\/strong>) auf allen Kontinenten, die mehr als eine Million Studenten betreuen und \u00fcber 3 Millionen, die online an unseren Live-Webcast-Sitzungen teilnehmen. Die Lehren der Schule bringen die Botschaft von Wissen, Liebe, Frieden, Ruhe und \u00dcberleben in das Leben der wahrhaft Suchenden.<\/p>\n<\/div><\/div><\/div><\/a><a href=\"https:\/\/mto.org\/globalactivities\/sustainabilty\/\" class=\"vcex-icon-box-link-wrap wpex-inherit-color wpex-no-underline\" target=\"_blank\" rel=\"noopener noreferrer\"><div class=\"vcex-module vcex-icon-box vcex-icon-box-one wpex-relative wpex-flex wpex-shadow-xs wpex-hover-shadow-md wpex-p-0 wpex-text-left wpex-hover-white-text hvr hvr-grow vc_custom_1671618255349\" data-wpex-hover=\"{&quot;background&quot;:&quot;#f2a81d&quot;}\" style=\"border-radius:8px;\"><div class=\"vcex-icon-box-symbol wpex-flex-shrink-0 wpex-mr-20\"><img decoding=\"async\" src=\"https:\/\/mto.org\/wp-content\/uploads\/2022\/05\/MTO_Sustain-1.jpg\" alt='' class=\"vcex-icon-box-image wpex-align-middle\" style=\"width:200px;\" \/><\/div><div class=\"vcex-icon-box-text wpex-flex-grow\"><h2 class=\"vcex-icon-box-heading wpex-heading wpex-text-md wpex-mb-10\" style=\"color:#000000;\">Nachhaltigkeit <span class=\"wpex-badge\">mtosustainability.org<\/span><\/h2><div class=\"vcex-icon-box-content wpex-last-mb-0 wpex-clr\" style=\"color:#000000;\" data-wpex-rcss='{&quot;font-size&quot;:{&quot;d&quot;:&quot;13px&quot;,&quot;tl&quot;:&quot;11px&quot;,&quot;tp&quot;:&quot;11px&quot;,&quot;pl&quot;:&quot;10px&quot;,&quot;pp&quot;:&quot;10px&quot;}}'><p>Die MTO Shahmaghsoudi School of Islamic Sufism setzt sich f\u00fcr die zuk\u00fcnftige Nachhaltigkeit und den Wohlstand unseres Planeten ein.<\/p>\n<\/div><\/div><\/div><\/a>[\/vc_column][\/vc_row][vc_row][vc_column]<h3 class=\"vcex-heading vcex-module wpex-text-2xl wpex-font-normal wpex-m-auto wpex-max-w-100 vcex-heading-plain wpex-h3 wpex-block wpex-text-left\"><span class=\"vcex-heading-inner wpex-inline-block wpex-clr\">Die M.T.O. Shahmaghsoudi\u00ae-Zentren (Khaneghahs)<\/span><\/h3>[vc_separator color=&#8220;black&#8220;][\/vc_column][\/vc_row][vc_row][vc_column width=&#8220;1\/2&#8243;][vc_column_text]In den letzten Jahren wurden in Great Falls, Virginia, Dallas, Texas, und Los Angeles, Kalifornien, mehrere pr\u00e4chtige Geb\u00e4ude mit spektakul\u00e4rer Innen- und Au\u00dfengestaltung errichtet.[\/vc_column_text]<div class=\"vcex-spacing wpex-w-100 wpex-clear\" style=\"height:40px\"><\/div><h3 class=\"vcex-heading vcex-module wpex-text-2xl wpex-font-normal wpex-m-auto wpex-max-w-100 vcex-heading-plain wpex-h3 wpex-block wpex-text-left\"><span class=\"vcex-heading-inner wpex-inline-block wpex-clr\">Die Etikette des Khaneghah<\/span><\/h3>[vc_column_text text_align=&#8220;left&#8220;]<i>Khaneghah <\/i>(M.T.O. School of Sufism\u00ae) hat seine eigene Etikette und Bedingungen. Soziale Normen und herrschende gesellschaftliche Regeln treten in Khaneghah in den Hintergrund. Die Farben der Au\u00dfenwelt verlieren ihre Anziehungskraft im Vergleich zur <strong>Reinheit und Anziehungskraft von <\/strong><i><strong>Khaneghah<\/strong>.<\/i><\/p>\n<p>Bei der Ankunft in <i>Khaneghah<\/i> <strong>zieht man seine Schuhe aus<\/strong> und l\u00e4sst sie drau\u00dfen stehen. Dies bedeutet, alle weltlichen Besitzt\u00fcmer und Anhaftungen hinter sich zu lassen. W\u00e4hrend man in <i>Khaneghah<\/i> ist, widmet man sich dem spirituellen Selbst mit voller Konzentration und Pr\u00e4senz.<\/p>\n<p><strong>Disziplin und Ordnung<\/strong> sind die Grundlage f\u00fcr die Reise eines <i>Saliks<\/i>. Deshalb sucht er\/sie Ordnung in allen Aspekten des t\u00e4glichen Lebens, auch im \u00e4u\u00dferen Erscheinungsbild. Die Person tr\u00e4gt bei <i>Khaneghah<\/i> ein einfaches wei\u00dfes Gewand ohne Muster <i>,<\/i> weil sie die verg\u00e4nglichen Muster hinter sich gelassen hat, um eine tiefere Ebene ihres Seins zu entdecken und nicht nur die vorherrschenden Trends der Gesellschaft widerzuspiegeln. Das Outfit ist wei\u00df, denn Ziel ist es, rein zu sein. Die \u00e4u\u00dfere und innere Gelassenheit bewahrt den Salik vor Ablenkungen und f\u00fchrt ihn\/sie <strong>zu Ruhe und innerem Frieden<\/strong>.[\/vc_column_text][vc_column_text text_align=&#8220;left&#8220;]Mit absoluter Pr\u00e4senz konzentriert sich der <i>Salik<\/i> auf seine Reise. <i>Khaneghah<\/i> bietet ihm ein geeignetes Umfeld, um die Prinzipien zu praktizieren, die es ihm erm\u00f6glichen, sich von seinen Instabilit\u00e4ten und Begierden zu befreien. Die wahre Pers\u00f6nlichkeit des <i>Saliks<\/i> wird in <i>Khaneghah<\/i> allm\u00e4hlich entwickelt, so dass er seinen Zustand des Gleichgewichts, des Friedens und der Ruhe in allen Aspekten seines t\u00e4glichen Lebens aufrechterhalten und ausweiten kann. Mit anderen Worten, er erf\u00e4hrt die wahre Bedeutung der Anwesenheit. Auf diese Weise wird er wirklich zum &#8222;Kind seiner Zeit&#8220; und entdeckt die wahre Bedeutung von <i>Khaneghah<\/i> oder dem &#8222;Haus der Gegenwart&#8220;.[\/vc_column_text][\/vc_column][vc_column width=&#8220;1\/2&#8243;]<div class=\"vcex-image-grid-wrap wpex-clr\"><div class=\"vcex-module vcex-image-grid wpex-clr grid-style-default wpex-row gap-5 wpex-lightbox-group\"><div class=\"id-4289 vcex-image-grid-entry vcex-grid-item textcenter span_1_of_3 span_1_of_3_tl span_1_of_3_tp span_1_of_3_pl span_1_of_2_pp col col-1\"><figure class=\"vcex-image-grid-entry-figure wpex-last-mb-0 wpex-clr\"><div class=\"vcex-image-grid-entry-img entry-media wpex-mb-20\"><a href=\"https:\/\/mto.org\/wp-content\/uploads\/2022\/05\/MTO_SufiIslam.jpg\" class=\"vcex-image-grid-entry-img wpex-lightbox-group-item\" ><img decoding=\"async\" loading=\"lazy\" class=\"wpex-align-middle\" src=\"https:\/\/mto.org\/wp-content\/uploads\/2022\/05\/MTO_SufiIslam.jpg\" alt=\"\" width=\"500\" height=\"500\" \/><\/a><\/div><\/figure><\/div><div class=\"id-4283 vcex-image-grid-entry vcex-grid-item textcenter span_1_of_3 span_1_of_3_tl span_1_of_3_tp span_1_of_3_pl span_1_of_2_pp col col-2\"><figure class=\"vcex-image-grid-entry-figure wpex-last-mb-0 wpex-clr\"><div class=\"vcex-image-grid-entry-img entry-media wpex-mb-20\"><a href=\"https:\/\/mto.org\/wp-content\/uploads\/2022\/05\/MTO_Sustain-1.jpg\" class=\"vcex-image-grid-entry-img wpex-lightbox-group-item\" ><img decoding=\"async\" loading=\"lazy\" class=\"wpex-align-middle\" src=\"https:\/\/mto.org\/wp-content\/uploads\/2022\/05\/MTO_Sustain-1.jpg\" alt=\"\" width=\"500\" height=\"500\" \/><\/a><\/div><\/figure><\/div><div class=\"id-4409 vcex-image-grid-entry vcex-grid-item textcenter span_1_of_3 span_1_of_3_tl span_1_of_3_tp span_1_of_3_pl span_1_of_2_pp col col-3\"><figure class=\"vcex-image-grid-entry-figure wpex-last-mb-0 wpex-clr\"><div class=\"vcex-image-grid-entry-img entry-media wpex-mb-20\"><a href=\"https:\/\/mto.org\/wp-content\/uploads\/2022\/08\/MTO_Khaneghah.jpg\" class=\"vcex-image-grid-entry-img wpex-lightbox-group-item\" ><img decoding=\"async\" loading=\"lazy\" class=\"wpex-align-middle\" src=\"https:\/\/mto.org\/wp-content\/uploads\/2022\/08\/MTO_Khaneghah.jpg\" alt=\"\" width=\"1200\" height=\"1201\" \/><\/a><\/div><\/figure><\/div><div class=\"id-4410 vcex-image-grid-entry vcex-grid-item textcenter span_1_of_3 span_1_of_3_tl span_1_of_3_tp span_1_of_3_pl span_1_of_2_pp col col-1\"><figure class=\"vcex-image-grid-entry-figure wpex-last-mb-0 wpex-clr\"><div class=\"vcex-image-grid-entry-img entry-media wpex-mb-20\"><a href=\"https:\/\/mto.org\/wp-content\/uploads\/2022\/08\/MTO_Khaneghah1.jpg\" class=\"vcex-image-grid-entry-img wpex-lightbox-group-item\" ><img decoding=\"async\" loading=\"lazy\" class=\"wpex-align-middle\" src=\"https:\/\/mto.org\/wp-content\/uploads\/2022\/08\/MTO_Khaneghah1.jpg\" alt=\"\" width=\"1200\" height=\"1200\" \/><\/a><\/div><\/figure><\/div><div class=\"id-4411 vcex-image-grid-entry vcex-grid-item textcenter span_1_of_3 span_1_of_3_tl span_1_of_3_tp span_1_of_3_pl span_1_of_2_pp col col-2\"><figure class=\"vcex-image-grid-entry-figure wpex-last-mb-0 wpex-clr\"><div class=\"vcex-image-grid-entry-img entry-media wpex-mb-20\"><a href=\"https:\/\/mto.org\/wp-content\/uploads\/2022\/08\/MTO_Khaneghah2.jpg\" class=\"vcex-image-grid-entry-img wpex-lightbox-group-item\" ><img decoding=\"async\" loading=\"lazy\" class=\"wpex-align-middle\" src=\"https:\/\/mto.org\/wp-content\/uploads\/2022\/08\/MTO_Khaneghah2.jpg\" alt=\"\" width=\"1200\" height=\"1200\" \/><\/a><\/div><\/figure><\/div><div class=\"id-4412 vcex-image-grid-entry vcex-grid-item textcenter span_1_of_3 span_1_of_3_tl span_1_of_3_tp span_1_of_3_pl span_1_of_2_pp col col-3\"><figure class=\"vcex-image-grid-entry-figure wpex-last-mb-0 wpex-clr\"><div class=\"vcex-image-grid-entry-img entry-media wpex-mb-20\"><a href=\"https:\/\/mto.org\/wp-content\/uploads\/2022\/08\/MTO_Khaneghah3.jpg\" class=\"vcex-image-grid-entry-img wpex-lightbox-group-item\" ><img decoding=\"async\" loading=\"lazy\" class=\"wpex-align-middle\" src=\"https:\/\/mto.org\/wp-content\/uploads\/2022\/08\/MTO_Khaneghah3.jpg\" alt=\"\" width=\"1200\" height=\"1200\" \/><\/a><\/div><\/figure><\/div><div class=\"id-4413 vcex-image-grid-entry vcex-grid-item textcenter span_1_of_3 span_1_of_3_tl span_1_of_3_tp span_1_of_3_pl span_1_of_2_pp col col-1\"><figure class=\"vcex-image-grid-entry-figure wpex-last-mb-0 wpex-clr\"><div class=\"vcex-image-grid-entry-img entry-media wpex-mb-20\"><a href=\"https:\/\/mto.org\/wp-content\/uploads\/2022\/08\/MTO_Khaneghah4.jpg\" class=\"vcex-image-grid-entry-img wpex-lightbox-group-item\" ><img decoding=\"async\" loading=\"lazy\" class=\"wpex-align-middle\" src=\"https:\/\/mto.org\/wp-content\/uploads\/2022\/08\/MTO_Khaneghah4.jpg\" alt=\"\" width=\"1200\" height=\"1200\" \/><\/a><\/div><\/figure><\/div><\/div><\/div>[\/vc_column][\/vc_row][vc_row full_width=&#8220;stretch_row_content_no_spaces&#8220;][vc_column][vc_gmaps link=&#8220;#E-8_JTNDaWZyYW1lJTIwc3JjJTNEJTIyaHR0cHMlM0ElMkYlMkZ3d3cuZ29vZ2xlLmNvbSUyRm1hcHMlMkZkJTJGdSUyRjAlMkZlbWJlZCUzRm1pZCUzRDFxMDFJTVU5ZUFQOFBMZVFidkxjMFNnamgyaFIydHJLYSUyNmFtcCUzQmVoYmMlM0QyRTMxMkYlMjIlMjB3aWR0aCUzRCUyMjY0MCUyMiUyMGhlaWdodCUzRCUyMjc4MCUyMiUzRSUzQyUyRmlmcmFtZSUzRQ==&#8220;][\/vc_column][\/vc_row]\n","protected":false},"excerpt":{"rendered":"<p>[vc_row full_width=&#8220;stretch_row&#8220; content_placement=&#8220;middle&#8220; parallax=&#8220;content-moving&#8220; parallax_image=&#8220;705&#8243; wpex_shape_divider_bottom=&#8220;waves&#8220; wpex_shape_divider_bottom_invert=&#8220;true&#8220; min_height=&#8220;44vh&#8220; wpex_shape_divider_bottom_height=&#8220;55&#8243; css=&#8220;.vc_custom_1661792849667{padding-top: 10vh !important;padding-bottom: 10vh !important;background-position: center;background-repeat: no-repeat;background-size:cover !important;}&#8220;][vc_column width=&#8220;1\/2&#8243;][\/vc_column][vc_column width=&#8220;1\/2&#8243;][vc_row_inner][vc_column_inner width=&#8220;1\/2&#8243;][\/vc_column_inner][vc_column_inner width=&#8220;1\/2&#8243;][\/vc_column_inner][\/vc_row_inner][\/vc_column][\/vc_row][vc_row][vc_column][vc_separator color=&#8220;black&#8220;][\/vc_column][\/vc_row][vc_row][vc_column width=&#8220;1\/2&#8243;][vc_column_text text_align=&#8220;left&#8220; css=&#8220;.vc_custom_1683060895255{margin-right: 16px !important;}&#8220;]Khaneghah oder Khaneh-gah bedeutet w\u00f6rtlich das &#8222;Haus der Gegenwart&#8220;. Um Wissen zu erwerben, ist&hellip;<\/p>\n","protected":false},"author":1,"featured_media":0,"parent":6258,"menu_order":0,"comment_status":"closed","ping_status":"closed","template":"","meta":{"_EventAllDay":false,"_EventTimezone":"","_EventStartDate":"","_EventEndDate":"","_EventStartDateUTC":"","_EventEndDateUTC":"","_EventShowMap":false,"_EventShowMapLink":false,"_EventURL":"","_EventCost":"","_EventCostDescription":"","_EventCurrencySymbol":"","_EventCurrencyCode":"","_EventCurrencyPosition":"","_EventDateTimeSeparator":"","_EventTimeRangeSeparator":"","_EventOrganizerID":[],"_EventVenueID":[],"_OrganizerEmail":"","_OrganizerPhone":"","_OrganizerWebsite":"","_VenueAddress":"","_VenueCity":"","_VenueCountry":"","_VenueProvince":"","_VenueState":"","_VenueZip":"","_VenuePhone":"","_VenueURL":"","_VenueStateProvince":"","_VenueLat":"","_VenueLng":"","_VenueShowMap":false,"_VenueShowMapLink":false,"footnotes":""},"class_list":["post-6269","page","type-page","status-publish","hentry","entry","no-media"],"yoast_head":"<!-- This site is optimized with the Yoast SEO plugin v24.8.1 - https:\/\/yoast.com\/wordpress\/plugins\/seo\/ -->\n<title>Khaneghah - MTO Shahmaghsoudi<\/title>\n<meta name=\"robots\" content=\"index, follow, max-snippet:-1, max-image-preview:large, max-video-preview:-1\" \/>\n<link rel=\"canonical\" href=\"https:\/\/mto.org\/de\/ueber-sufismus\/die-khaneghah\/\" \/>\n<meta property=\"og:locale\" content=\"de_DE\" \/>\n<meta property=\"og:type\" content=\"article\" \/>\n<meta property=\"og:title\" content=\"Khaneghah - MTO Shahmaghsoudi\" \/>\n<meta property=\"og:description\" content=\"[vc_row full_width=&#8220;stretch_row&#8220; content_placement=&#8220;middle&#8220; parallax=&#8220;content-moving&#8220; parallax_image=&#8220;705&#8243; wpex_shape_divider_bottom=&#8220;waves&#8220; wpex_shape_divider_bottom_invert=&#8220;true&#8220; min_height=&#8220;44vh&#8220; wpex_shape_divider_bottom_height=&#8220;55&#8243; css=&#8220;.vc_custom_1661792849667{padding-top: 10vh !important;padding-bottom: 10vh !important;background-position: center;background-repeat: no-repeat;background-size:cover !important;}&#8220;][vc_column width=&#8220;1\/2&#8243;][\/vc_column][vc_column width=&#8220;1\/2&#8243;][vc_row_inner][vc_column_inner width=&#8220;1\/2&#8243;][\/vc_column_inner][vc_column_inner width=&#8220;1\/2&#8243;][\/vc_column_inner][\/vc_row_inner][\/vc_column][\/vc_row][vc_row][vc_column][vc_separator color=&#8220;black&#8220;][\/vc_column][\/vc_row][vc_row][vc_column width=&#8220;1\/2&#8243;][vc_column_text text_align=&#8220;left&#8220; css=&#8220;.vc_custom_1683060895255{margin-right: 16px !important;}&#8220;]Khaneghah oder Khaneh-gah bedeutet w\u00f6rtlich das &#8222;Haus der Gegenwart&#8220;. Um Wissen zu erwerben, ist&hellip;\" \/>\n<meta property=\"og:url\" content=\"https:\/\/mto.org\/de\/ueber-sufismus\/die-khaneghah\/\" \/>\n<meta property=\"og:site_name\" content=\"MTO Shahmaghsoudi\" \/>\n<meta property=\"article:publisher\" content=\"https:\/\/www.facebook.com\/mtoshahmaghsoudi\" \/>\n<meta property=\"article:modified_time\" content=\"2023-05-03T12:13:28+00:00\" \/>\n<meta name=\"twitter:card\" content=\"summary_large_image\" \/>\n<meta name=\"twitter:site\" content=\"@mtoshahmaghsoud\" \/>\n<meta name=\"twitter:label1\" content=\"Gesch\u00e4tzte Lesezeit\" \/>\n\t<meta name=\"twitter:data1\" content=\"6\u00a0Minuten\" \/>\n<script type=\"application\/ld+json\" class=\"yoast-schema-graph\">{\"@context\":\"https:\/\/schema.org\",\"@graph\":[{\"@type\":\"WebPage\",\"@id\":\"https:\/\/mto.org\/de\/ueber-sufismus\/die-khaneghah\/\",\"url\":\"https:\/\/mto.org\/de\/ueber-sufismus\/die-khaneghah\/\",\"name\":\"Khaneghah - MTO Shahmaghsoudi\",\"isPartOf\":{\"@id\":\"https:\/\/mto.org\/#website\"},\"datePublished\":\"2022-07-06T11:28:55+00:00\",\"dateModified\":\"2023-05-03T12:13:28+00:00\",\"breadcrumb\":{\"@id\":\"https:\/\/mto.org\/de\/ueber-sufismus\/die-khaneghah\/#breadcrumb\"},\"inLanguage\":\"de\",\"potentialAction\":[{\"@type\":\"ReadAction\",\"target\":[\"https:\/\/mto.org\/de\/ueber-sufismus\/die-khaneghah\/\"]}]},{\"@type\":\"BreadcrumbList\",\"@id\":\"https:\/\/mto.org\/de\/ueber-sufismus\/die-khaneghah\/#breadcrumb\",\"itemListElement\":[{\"@type\":\"ListItem\",\"position\":1,\"name\":\"Home\",\"item\":\"https:\/\/mto.org\/de\/\"},{\"@type\":\"ListItem\",\"position\":2,\"name\":\"\u00dcber Sufismus\",\"item\":\"https:\/\/mto.org\/de\/ueber-sufismus\/\"},{\"@type\":\"ListItem\",\"position\":3,\"name\":\"Khaneghah\"}]},{\"@type\":\"WebSite\",\"@id\":\"https:\/\/mto.org\/#website\",\"url\":\"https:\/\/mto.org\/\",\"name\":\"MTO Shahmaghsoudi\",\"description\":\"School of Islamic Sufism\",\"publisher\":{\"@id\":\"https:\/\/mto.org\/#organization\"},\"potentialAction\":[{\"@type\":\"SearchAction\",\"target\":{\"@type\":\"EntryPoint\",\"urlTemplate\":\"https:\/\/mto.org\/?s={search_term_string}\"},\"query-input\":{\"@type\":\"PropertyValueSpecification\",\"valueRequired\":true,\"valueName\":\"search_term_string\"}}],\"inLanguage\":\"de\"},{\"@type\":\"Organization\",\"@id\":\"https:\/\/mto.org\/#organization\",\"name\":\"MTO Shahmaghsoudi\",\"url\":\"https:\/\/mto.org\/\",\"logo\":{\"@type\":\"ImageObject\",\"inLanguage\":\"de\",\"@id\":\"https:\/\/mto.org\/#\/schema\/logo\/image\/\",\"url\":\"https:\/\/mto.org\/wp-content\/uploads\/2023\/03\/MTO_LOGO_Header.png\",\"contentUrl\":\"https:\/\/mto.org\/wp-content\/uploads\/2023\/03\/MTO_LOGO_Header.png\",\"width\":200,\"height\":200,\"caption\":\"MTO Shahmaghsoudi\"},\"image\":{\"@id\":\"https:\/\/mto.org\/#\/schema\/logo\/image\/\"},\"sameAs\":[\"https:\/\/www.facebook.com\/mtoshahmaghsoudi\",\"https:\/\/x.com\/mtoshahmaghsoud\",\"https:\/\/www.instagram.com\/mtoshahmaghsoudi\/\"]}]}<\/script>\n<!-- \/ Yoast SEO plugin. -->","yoast_head_json":{"title":"Khaneghah - MTO Shahmaghsoudi","robots":{"index":"index","follow":"follow","max-snippet":"max-snippet:-1","max-image-preview":"max-image-preview:large","max-video-preview":"max-video-preview:-1"},"canonical":"https:\/\/mto.org\/de\/ueber-sufismus\/die-khaneghah\/","og_locale":"de_DE","og_type":"article","og_title":"Khaneghah - MTO Shahmaghsoudi","og_description":"[vc_row full_width=&#8220;stretch_row&#8220; content_placement=&#8220;middle&#8220; parallax=&#8220;content-moving&#8220; parallax_image=&#8220;705&#8243; wpex_shape_divider_bottom=&#8220;waves&#8220; wpex_shape_divider_bottom_invert=&#8220;true&#8220; min_height=&#8220;44vh&#8220; wpex_shape_divider_bottom_height=&#8220;55&#8243; css=&#8220;.vc_custom_1661792849667{padding-top: 10vh !important;padding-bottom: 10vh !important;background-position: center;background-repeat: no-repeat;background-size:cover !important;}&#8220;][vc_column width=&#8220;1\/2&#8243;][\/vc_column][vc_column width=&#8220;1\/2&#8243;][vc_row_inner][vc_column_inner width=&#8220;1\/2&#8243;][\/vc_column_inner][vc_column_inner width=&#8220;1\/2&#8243;][\/vc_column_inner][\/vc_row_inner][\/vc_column][\/vc_row][vc_row][vc_column][vc_separator color=&#8220;black&#8220;][\/vc_column][\/vc_row][vc_row][vc_column width=&#8220;1\/2&#8243;][vc_column_text text_align=&#8220;left&#8220; css=&#8220;.vc_custom_1683060895255{margin-right: 16px !important;}&#8220;]Khaneghah oder Khaneh-gah bedeutet w\u00f6rtlich das &#8222;Haus der Gegenwart&#8220;. Um Wissen zu erwerben, ist&hellip;","og_url":"https:\/\/mto.org\/de\/ueber-sufismus\/die-khaneghah\/","og_site_name":"MTO Shahmaghsoudi","article_publisher":"https:\/\/www.facebook.com\/mtoshahmaghsoudi","article_modified_time":"2023-05-03T12:13:28+00:00","twitter_card":"summary_large_image","twitter_site":"@mtoshahmaghsoud","twitter_misc":{"Gesch\u00e4tzte Lesezeit":"6\u00a0Minuten"},"schema":{"@context":"https:\/\/schema.org","@graph":[{"@type":"WebPage","@id":"https:\/\/mto.org\/de\/ueber-sufismus\/die-khaneghah\/","url":"https:\/\/mto.org\/de\/ueber-sufismus\/die-khaneghah\/","name":"Khaneghah - MTO Shahmaghsoudi","isPartOf":{"@id":"https:\/\/mto.org\/#website"},"datePublished":"2022-07-06T11:28:55+00:00","dateModified":"2023-05-03T12:13:28+00:00","breadcrumb":{"@id":"https:\/\/mto.org\/de\/ueber-sufismus\/die-khaneghah\/#breadcrumb"},"inLanguage":"de","potentialAction":[{"@type":"ReadAction","target":["https:\/\/mto.org\/de\/ueber-sufismus\/die-khaneghah\/"]}]},{"@type":"BreadcrumbList","@id":"https:\/\/mto.org\/de\/ueber-sufismus\/die-khaneghah\/#breadcrumb","itemListElement":[{"@type":"ListItem","position":1,"name":"Home","item":"https:\/\/mto.org\/de\/"},{"@type":"ListItem","position":2,"name":"\u00dcber Sufismus","item":"https:\/\/mto.org\/de\/ueber-sufismus\/"},{"@type":"ListItem","position":3,"name":"Khaneghah"}]},{"@type":"WebSite","@id":"https:\/\/mto.org\/#website","url":"https:\/\/mto.org\/","name":"MTO Shahmaghsoudi","description":"School of Islamic Sufism","publisher":{"@id":"https:\/\/mto.org\/#organization"},"potentialAction":[{"@type":"SearchAction","target":{"@type":"EntryPoint","urlTemplate":"https:\/\/mto.org\/?s={search_term_string}"},"query-input":{"@type":"PropertyValueSpecification","valueRequired":true,"valueName":"search_term_string"}}],"inLanguage":"de"},{"@type":"Organization","@id":"https:\/\/mto.org\/#organization","name":"MTO Shahmaghsoudi","url":"https:\/\/mto.org\/","logo":{"@type":"ImageObject","inLanguage":"de","@id":"https:\/\/mto.org\/#\/schema\/logo\/image\/","url":"https:\/\/mto.org\/wp-content\/uploads\/2023\/03\/MTO_LOGO_Header.png","contentUrl":"https:\/\/mto.org\/wp-content\/uploads\/2023\/03\/MTO_LOGO_Header.png","width":200,"height":200,"caption":"MTO Shahmaghsoudi"},"image":{"@id":"https:\/\/mto.org\/#\/schema\/logo\/image\/"},"sameAs":["https:\/\/www.facebook.com\/mtoshahmaghsoudi","https:\/\/x.com\/mtoshahmaghsoud","https:\/\/www.instagram.com\/mtoshahmaghsoudi\/"]}]}},"_links":{"self":[{"href":"https:\/\/mto.org\/de\/wp-json\/wp\/v2\/pages\/6269","targetHints":{"allow":["GET"]}}],"collection":[{"href":"https:\/\/mto.org\/de\/wp-json\/wp\/v2\/pages"}],"about":[{"href":"https:\/\/mto.org\/de\/wp-json\/wp\/v2\/types\/page"}],"author":[{"embeddable":true,"href":"https:\/\/mto.org\/de\/wp-json\/wp\/v2\/users\/1"}],"replies":[{"embeddable":true,"href":"https:\/\/mto.org\/de\/wp-json\/wp\/v2\/comments?post=6269"}],"version-history":[{"count":3,"href":"https:\/\/mto.org\/de\/wp-json\/wp\/v2\/pages\/6269\/revisions"}],"predecessor-version":[{"id":17765,"href":"https:\/\/mto.org\/de\/wp-json\/wp\/v2\/pages\/6269\/revisions\/17765"}],"up":[{"embeddable":true,"href":"https:\/\/mto.org\/de\/wp-json\/wp\/v2\/pages\/6258"}],"wp:attachment":[{"href":"https:\/\/mto.org\/de\/wp-json\/wp\/v2\/media?parent=6269"}],"curies":[{"name":"wp","href":"https:\/\/api.w.org\/{rel}","templated":true}]}}