{"id":6266,"date":"2023-01-10T14:53:09","date_gmt":"2023-01-10T13:53:09","guid":{"rendered":"https:\/\/mto.org\/?page_id=4897"},"modified":"2023-01-10T14:53:09","modified_gmt":"2023-01-10T13:53:09","slug":"sufismus-islam","status":"publish","type":"page","link":"https:\/\/mto.org\/de\/ueber-sufismus\/sufismus-islam\/","title":{"rendered":"Sufismus &#038; Islam"},"content":{"rendered":"[vc_row full_width=&#8220;stretch_row&#8220; content_placement=&#8220;top&#8220; column_spacing=&#8220;5&#8243; min_height=&#8220;50vh&#8220; css=&#8220;.vc_custom_1673358878179{padding-top: 16vh !important;padding-bottom: 16vh !important;}&#8220; local_scroll_id=&#8220;youth&#8220; el_id=&#8220;youth&#8220;][vc_column width=&#8220;1\/2&#8243;]<h4 class=\"vcex-heading vcex-module wpex-text-2xl wpex-font-normal wpex-m-auto wpex-max-w-100 vcex-heading-plain wpex-h4 wpex-block\" data-wpex-rcss='{&quot;font-size&quot;:{&quot;d&quot;:&quot;17px&quot;,&quot;tl&quot;:&quot;16px&quot;,&quot;tp&quot;:&quot;16px&quot;,&quot;pl&quot;:&quot;15px&quot;,&quot;pp&quot;:&quot;15px&quot;}}' style=\"color:#000000;font-weight:200;text-transform:uppercase;line-height:1;\"><span class=\"vcex-heading-inner wpex-inline-block wpex-clr\">\u00dcber Sufismus<\/span><\/h4><h2 class=\"vcex-heading vcex-module wpex-text-2xl wpex-font-normal wpex-m-auto wpex-max-w-100 vcex-heading-plain wpex-h2 wpex-block vc_custom_1674079884970\" data-wpex-rcss='{&quot;font-size&quot;:{&quot;d&quot;:&quot;27px&quot;,&quot;tl&quot;:&quot;25px&quot;,&quot;tp&quot;:&quot;25px&quot;,&quot;pl&quot;:&quot;23px&quot;,&quot;pp&quot;:&quot;23px&quot;}}' style=\"color:#000000;\"><span class=\"vcex-heading-inner wpex-inline-block wpex-clr\">Sufismus und Islam<\/span><\/h2>[vc_column_text color=&#8220;#000000&#8243; css=&#8220;.vc_custom_1673359179071{margin-right: 16px !important;}&#8220;]Der Sufismus und der Islam sind untrennbar miteinander verbunden. Das Wort Islam bedeutet Ergebenheit und Hingabe an Gott. Islam steht f\u00fcr den angeborenen Pakt des Menschen mit der urspr\u00fcnglich g\u00f6ttlichen Wurzel. Durch Einklang mit der Existenz lernt die Muslim:in sich selbst und damit ihre eigentlichen Bed\u00fcrfnisse kennen, unabh\u00e4ngig von erlernten Traditionen.<\/p>\n<p>Sufismus ist eine Disziplin, ein System der Bildung, welche die Reise zur Selbsterkenntnis f\u00f6rdert. Eine Reise, welche jedem Individuum erm\u00f6glicht, die absolute Wahrheit \u00fcber sich selbst zu entdecken und schlie\u00dflich auch die Wahrheit der Religion.<\/p>\n<blockquote><p>Jedes Individuum ist der Erschaffer seiner eigenen Umgebung.<\/p><\/blockquote>\n<p>&#8211; Prof. Nader Angha, der Sufi Meister der MTO Shahmaghsoudi\u00ae<\/p>\n<p>Der Sufi Meister ist der Lehrer unserer Schule, der die spirituelle Lehre vom vorhergegangenen Meister \u00fcbertragen bekommt und sie seinen Sch\u00fcler:innen weitergibt. In der Praxis ist das Gottesgedenken \u201cZekr\u201d sowie die Konzentrationsform Tamarkoz, aber auch das t\u00e4gliche Gebet und das Fasten Teil unserer Kultur.[\/vc_column_text][\/vc_column][vc_column width=&#8220;1\/2&#8243;][vc_row_inner gap=&#8220;5&#8243; remove_bottom_col_margin=&#8220;true&#8220;][vc_column_inner width=&#8220;1\/2&#8243;]<a href=\"http:\/\/wp12874537.server-he.de\/op18\/globalactivities\/sufi-centers\/\" class=\"vcex-icon-box-link-wrap wpex-inherit-color wpex-no-underline\" target=\"_blank\" rel=\"noopener noreferrer\"><div class=\"vcex-module vcex-icon-box vcex-icon-box-one wpex-relative wpex-flex wpex-shadow-xs wpex-hover-shadow-md wpex-p-0 wpex-text-left wpex-hover-white-text hvr hvr-grow vc_custom_1674916586232\" data-wpex-hover=\"{&quot;background&quot;:&quot;rgba(116,81,166,0.65)&quot;}\" style=\"border-radius:8px;\"><div class=\"vcex-icon-box-symbol wpex-flex-shrink-0 wpex-mr-20\"><img decoding=\"async\" src=\"https:\/\/mto.org\/wp-content\/uploads\/2022\/05\/MTO_SufiIslam.jpg\" alt='' class=\"vcex-icon-box-image wpex-align-middle\" style=\"width:88px;\" \/><\/div><div class=\"vcex-icon-box-text wpex-flex-grow\"><h2 class=\"vcex-icon-box-heading wpex-heading wpex-text-md wpex-mb-10\" style=\"color:#000000;\">Sufi Zentren <span class=\"wpex-badge\" style=\"background-color:#7451a6;\">suficenters.org<\/span><\/h2><div class=\"vcex-icon-box-content wpex-last-mb-0 wpex-clr\" style=\"color:#000000;font-size:11px;\"><p>Es gibt rund 50 MTO Shahmaghsoudi\u00ae-Zentren (<strong>Khaneghah<\/strong>) auf allen Kontinenten, die mehr als eine Million Studenten betreuen und \u00fcber 3 Millionen, die online an unseren Live-Webcast-Sitzungen teilnehmen. Die Lehren der Schule bringen die Botschaft von Wissen, Liebe, Frieden, Ruhe und \u00dcberleben in das Leben der wahrhaft Suchenden.<\/p>\n<\/div><\/div><\/div><\/a><a href=\"https:\/\/mto.org\/globalactivities\/persian-school\/\" class=\"vcex-icon-box-link-wrap wpex-inherit-color wpex-no-underline\" target=\"_blank\" rel=\"noopener noreferrer\"><div class=\"vcex-module vcex-icon-box vcex-icon-box-one wpex-relative wpex-flex wpex-shadow-xs wpex-hover-shadow-md wpex-p-0 wpex-text-left wpex-hover-white-text hvr hvr-grow vc_custom_1674080221147\" data-wpex-hover=\"{&quot;background&quot;:&quot;rgba(52,191,166,0.87)&quot;}\" style=\"border-radius:8px;\"><div class=\"vcex-icon-box-symbol wpex-flex-shrink-0 wpex-mr-20\"><img decoding=\"async\" src=\"https:\/\/mto.org\/wp-content\/uploads\/2022\/07\/MTO_PersianSchool.jpg\" alt='' class=\"vcex-icon-box-image wpex-align-middle\" style=\"width:88px;\" \/><\/div><div class=\"vcex-icon-box-text wpex-flex-grow\"><h2 class=\"vcex-icon-box-heading wpex-heading wpex-text-md wpex-mb-10\" style=\"color:#000000;\">MTO Persian School <span class=\"wpex-badge\" style=\"background-color:#34bfa6;\">mtopersianschool.com<\/span><\/h2><div class=\"vcex-icon-box-content wpex-last-mb-0 wpex-clr\" style=\"color:#000000;font-size:11px;\"><p>Lernen Sie Persisch (Farsi) an der internationalen MTO\u00ae Persischen Schule, einer der gr\u00f6\u00dften internationalen Perisch Sprach Institutionen in Europa, USA und Kanada.<\/p>\n<\/div><\/div><\/div><\/a>[\/vc_column_inner][vc_column_inner width=&#8220;1\/2&#8243;]<a href=\"https:\/\/mto.org\/globalactivities\/tamarkoz\/\" class=\"vcex-icon-box-link-wrap wpex-inherit-color wpex-no-underline\" target=\"_blank\" rel=\"noopener noreferrer\"><div class=\"vcex-module vcex-icon-box vcex-icon-box-one wpex-relative wpex-flex wpex-shadow-xs wpex-hover-shadow-md wpex-p-0 wpex-text-left wpex-hover-white-text hvr hvr-grow vc_custom_1674080118463\" data-wpex-hover=\"{&quot;background&quot;:&quot;#9fc656&quot;}\" style=\"border-radius:8px;\"><div class=\"vcex-icon-box-symbol wpex-flex-shrink-0 wpex-mr-20\"><img decoding=\"async\" src=\"https:\/\/mto.org\/wp-content\/uploads\/2022\/05\/MTO_Tamarkoz.jpg\" alt='' class=\"vcex-icon-box-image wpex-align-middle\" style=\"width:88px;\" \/><\/div><div class=\"vcex-icon-box-text wpex-flex-grow\"><h2 class=\"vcex-icon-box-heading wpex-heading wpex-text-md wpex-mb-10\" style=\"color:#000000;\">Tamarkoz <span class=\"wpex-badge\" style=\"background-color:#000000;\">tamarkoz.org<\/span><\/h2><div class=\"vcex-icon-box-content wpex-last-mb-0 wpex-clr\" style=\"color:#000000;font-size:11px;\"><p>Die Tamarkoz Methode ist einer der praktischen Aspekte des Sufismus. Tamarkoz ist die Kunst und Wissenschaft des Selbsterkenntnisses durch Konzentration und Meditation.<\/p>\n<\/div><\/div><\/div><\/a>[\/vc_column_inner][\/vc_row_inner][\/vc_column][\/vc_row]\n","protected":false},"excerpt":{"rendered":"<p>[vc_row full_width=&#8220;stretch_row&#8220; content_placement=&#8220;top&#8220; column_spacing=&#8220;5&#8243; min_height=&#8220;50vh&#8220; css=&#8220;.vc_custom_1673358878179{padding-top: 16vh !important;padding-bottom: 16vh !important;}&#8220; local_scroll_id=&#8220;youth&#8220; el_id=&#8220;youth&#8220;][vc_column width=&#8220;1\/2&#8243;][vc_column_text color=&#8220;#000000&#8243; css=&#8220;.vc_custom_1673359179071{margin-right: 16px !important;}&#8220;]Der Sufismus und der Islam sind untrennbar miteinander verbunden. Das Wort Islam bedeutet Ergebenheit und Hingabe an Gott. Islam steht f\u00fcr den angeborenen Pakt&hellip;<\/p>\n","protected":false},"author":1,"featured_media":0,"parent":6258,"menu_order":0,"comment_status":"closed","ping_status":"closed","template":"","meta":{"_EventAllDay":false,"_EventTimezone":"","_EventStartDate":"","_EventEndDate":"","_EventStartDateUTC":"","_EventEndDateUTC":"","_EventShowMap":false,"_EventShowMapLink":false,"_EventURL":"","_EventCost":"","_EventCostDescription":"","_EventCurrencySymbol":"","_EventCurrencyCode":"","_EventCurrencyPosition":"","_EventDateTimeSeparator":"","_EventTimeRangeSeparator":"","_EventOrganizerID":[],"_EventVenueID":[],"_OrganizerEmail":"","_OrganizerPhone":"","_OrganizerWebsite":"","_VenueAddress":"","_VenueCity":"","_VenueCountry":"","_VenueProvince":"","_VenueState":"","_VenueZip":"","_VenuePhone":"","_VenueURL":"","_VenueStateProvince":"","_VenueLat":"","_VenueLng":"","_VenueShowMap":false,"_VenueShowMapLink":false,"footnotes":""},"class_list":["post-6266","page","type-page","status-publish","hentry","entry","no-media"],"yoast_head":"<!-- This site is optimized with the Yoast SEO plugin v24.8.1 - https:\/\/yoast.com\/wordpress\/plugins\/seo\/ -->\n<title>Sufismus &amp; Islam - MTO Shahmaghsoudi<\/title>\n<meta name=\"robots\" content=\"index, follow, max-snippet:-1, max-image-preview:large, max-video-preview:-1\" \/>\n<link rel=\"canonical\" href=\"https:\/\/mto.org\/de\/ueber-sufismus\/sufismus-islam\/\" \/>\n<meta property=\"og:locale\" content=\"de_DE\" \/>\n<meta property=\"og:type\" content=\"article\" \/>\n<meta property=\"og:title\" content=\"Sufismus &amp; Islam - MTO Shahmaghsoudi\" \/>\n<meta property=\"og:description\" content=\"[vc_row full_width=&#8220;stretch_row&#8220; content_placement=&#8220;top&#8220; column_spacing=&#8220;5&#8243; min_height=&#8220;50vh&#8220; css=&#8220;.vc_custom_1673358878179{padding-top: 16vh !important;padding-bottom: 16vh !important;}&#8220; local_scroll_id=&#8220;youth&#8220; el_id=&#8220;youth&#8220;][vc_column width=&#8220;1\/2&#8243;][vc_column_text color=&#8220;#000000&#8243; css=&#8220;.vc_custom_1673359179071{margin-right: 16px !important;}&#8220;]Der Sufismus und der Islam sind untrennbar miteinander verbunden. Das Wort Islam bedeutet Ergebenheit und Hingabe an Gott. Islam steht f\u00fcr den angeborenen Pakt&hellip;\" \/>\n<meta property=\"og:url\" content=\"https:\/\/mto.org\/de\/ueber-sufismus\/sufismus-islam\/\" \/>\n<meta property=\"og:site_name\" content=\"MTO Shahmaghsoudi\" \/>\n<meta property=\"article:publisher\" content=\"https:\/\/www.facebook.com\/mtoshahmaghsoudi\" \/>\n<meta name=\"twitter:card\" content=\"summary_large_image\" \/>\n<meta name=\"twitter:site\" content=\"@mtoshahmaghsoud\" \/>\n<meta name=\"twitter:label1\" content=\"Gesch\u00e4tzte Lesezeit\" \/>\n\t<meta name=\"twitter:data1\" content=\"4\u00a0Minuten\" \/>\n<script type=\"application\/ld+json\" class=\"yoast-schema-graph\">{\"@context\":\"https:\/\/schema.org\",\"@graph\":[{\"@type\":\"WebPage\",\"@id\":\"https:\/\/mto.org\/de\/ueber-sufismus\/sufismus-islam\/\",\"url\":\"https:\/\/mto.org\/de\/ueber-sufismus\/sufismus-islam\/\",\"name\":\"Sufismus & Islam - MTO Shahmaghsoudi\",\"isPartOf\":{\"@id\":\"https:\/\/mto.org\/#website\"},\"datePublished\":\"2023-01-10T13:53:09+00:00\",\"breadcrumb\":{\"@id\":\"https:\/\/mto.org\/de\/ueber-sufismus\/sufismus-islam\/#breadcrumb\"},\"inLanguage\":\"de\",\"potentialAction\":[{\"@type\":\"ReadAction\",\"target\":[\"https:\/\/mto.org\/de\/ueber-sufismus\/sufismus-islam\/\"]}]},{\"@type\":\"BreadcrumbList\",\"@id\":\"https:\/\/mto.org\/de\/ueber-sufismus\/sufismus-islam\/#breadcrumb\",\"itemListElement\":[{\"@type\":\"ListItem\",\"position\":1,\"name\":\"Home\",\"item\":\"https:\/\/mto.org\/de\/\"},{\"@type\":\"ListItem\",\"position\":2,\"name\":\"\u00dcber Sufismus\",\"item\":\"https:\/\/mto.org\/de\/ueber-sufismus\/\"},{\"@type\":\"ListItem\",\"position\":3,\"name\":\"Sufismus &#038; Islam\"}]},{\"@type\":\"WebSite\",\"@id\":\"https:\/\/mto.org\/#website\",\"url\":\"https:\/\/mto.org\/\",\"name\":\"MTO Shahmaghsoudi\",\"description\":\"School of Islamic Sufism\",\"publisher\":{\"@id\":\"https:\/\/mto.org\/#organization\"},\"potentialAction\":[{\"@type\":\"SearchAction\",\"target\":{\"@type\":\"EntryPoint\",\"urlTemplate\":\"https:\/\/mto.org\/?s={search_term_string}\"},\"query-input\":{\"@type\":\"PropertyValueSpecification\",\"valueRequired\":true,\"valueName\":\"search_term_string\"}}],\"inLanguage\":\"de\"},{\"@type\":\"Organization\",\"@id\":\"https:\/\/mto.org\/#organization\",\"name\":\"MTO Shahmaghsoudi\",\"url\":\"https:\/\/mto.org\/\",\"logo\":{\"@type\":\"ImageObject\",\"inLanguage\":\"de\",\"@id\":\"https:\/\/mto.org\/#\/schema\/logo\/image\/\",\"url\":\"https:\/\/mto.org\/wp-content\/uploads\/2023\/03\/MTO_LOGO_Header.png\",\"contentUrl\":\"https:\/\/mto.org\/wp-content\/uploads\/2023\/03\/MTO_LOGO_Header.png\",\"width\":200,\"height\":200,\"caption\":\"MTO Shahmaghsoudi\"},\"image\":{\"@id\":\"https:\/\/mto.org\/#\/schema\/logo\/image\/\"},\"sameAs\":[\"https:\/\/www.facebook.com\/mtoshahmaghsoudi\",\"https:\/\/x.com\/mtoshahmaghsoud\",\"https:\/\/www.instagram.com\/mtoshahmaghsoudi\/\"]}]}<\/script>\n<!-- \/ Yoast SEO plugin. -->","yoast_head_json":{"title":"Sufismus & Islam - MTO Shahmaghsoudi","robots":{"index":"index","follow":"follow","max-snippet":"max-snippet:-1","max-image-preview":"max-image-preview:large","max-video-preview":"max-video-preview:-1"},"canonical":"https:\/\/mto.org\/de\/ueber-sufismus\/sufismus-islam\/","og_locale":"de_DE","og_type":"article","og_title":"Sufismus & Islam - MTO Shahmaghsoudi","og_description":"[vc_row full_width=&#8220;stretch_row&#8220; content_placement=&#8220;top&#8220; column_spacing=&#8220;5&#8243; min_height=&#8220;50vh&#8220; css=&#8220;.vc_custom_1673358878179{padding-top: 16vh !important;padding-bottom: 16vh !important;}&#8220; local_scroll_id=&#8220;youth&#8220; el_id=&#8220;youth&#8220;][vc_column width=&#8220;1\/2&#8243;][vc_column_text color=&#8220;#000000&#8243; css=&#8220;.vc_custom_1673359179071{margin-right: 16px !important;}&#8220;]Der Sufismus und der Islam sind untrennbar miteinander verbunden. Das Wort Islam bedeutet Ergebenheit und Hingabe an Gott. Islam steht f\u00fcr den angeborenen Pakt&hellip;","og_url":"https:\/\/mto.org\/de\/ueber-sufismus\/sufismus-islam\/","og_site_name":"MTO Shahmaghsoudi","article_publisher":"https:\/\/www.facebook.com\/mtoshahmaghsoudi","twitter_card":"summary_large_image","twitter_site":"@mtoshahmaghsoud","twitter_misc":{"Gesch\u00e4tzte Lesezeit":"4\u00a0Minuten"},"schema":{"@context":"https:\/\/schema.org","@graph":[{"@type":"WebPage","@id":"https:\/\/mto.org\/de\/ueber-sufismus\/sufismus-islam\/","url":"https:\/\/mto.org\/de\/ueber-sufismus\/sufismus-islam\/","name":"Sufismus & Islam - MTO Shahmaghsoudi","isPartOf":{"@id":"https:\/\/mto.org\/#website"},"datePublished":"2023-01-10T13:53:09+00:00","breadcrumb":{"@id":"https:\/\/mto.org\/de\/ueber-sufismus\/sufismus-islam\/#breadcrumb"},"inLanguage":"de","potentialAction":[{"@type":"ReadAction","target":["https:\/\/mto.org\/de\/ueber-sufismus\/sufismus-islam\/"]}]},{"@type":"BreadcrumbList","@id":"https:\/\/mto.org\/de\/ueber-sufismus\/sufismus-islam\/#breadcrumb","itemListElement":[{"@type":"ListItem","position":1,"name":"Home","item":"https:\/\/mto.org\/de\/"},{"@type":"ListItem","position":2,"name":"\u00dcber Sufismus","item":"https:\/\/mto.org\/de\/ueber-sufismus\/"},{"@type":"ListItem","position":3,"name":"Sufismus &#038; Islam"}]},{"@type":"WebSite","@id":"https:\/\/mto.org\/#website","url":"https:\/\/mto.org\/","name":"MTO Shahmaghsoudi","description":"School of Islamic Sufism","publisher":{"@id":"https:\/\/mto.org\/#organization"},"potentialAction":[{"@type":"SearchAction","target":{"@type":"EntryPoint","urlTemplate":"https:\/\/mto.org\/?s={search_term_string}"},"query-input":{"@type":"PropertyValueSpecification","valueRequired":true,"valueName":"search_term_string"}}],"inLanguage":"de"},{"@type":"Organization","@id":"https:\/\/mto.org\/#organization","name":"MTO Shahmaghsoudi","url":"https:\/\/mto.org\/","logo":{"@type":"ImageObject","inLanguage":"de","@id":"https:\/\/mto.org\/#\/schema\/logo\/image\/","url":"https:\/\/mto.org\/wp-content\/uploads\/2023\/03\/MTO_LOGO_Header.png","contentUrl":"https:\/\/mto.org\/wp-content\/uploads\/2023\/03\/MTO_LOGO_Header.png","width":200,"height":200,"caption":"MTO Shahmaghsoudi"},"image":{"@id":"https:\/\/mto.org\/#\/schema\/logo\/image\/"},"sameAs":["https:\/\/www.facebook.com\/mtoshahmaghsoudi","https:\/\/x.com\/mtoshahmaghsoud","https:\/\/www.instagram.com\/mtoshahmaghsoudi\/"]}]}},"_links":{"self":[{"href":"https:\/\/mto.org\/de\/wp-json\/wp\/v2\/pages\/6266","targetHints":{"allow":["GET"]}}],"collection":[{"href":"https:\/\/mto.org\/de\/wp-json\/wp\/v2\/pages"}],"about":[{"href":"https:\/\/mto.org\/de\/wp-json\/wp\/v2\/types\/page"}],"author":[{"embeddable":true,"href":"https:\/\/mto.org\/de\/wp-json\/wp\/v2\/users\/1"}],"replies":[{"embeddable":true,"href":"https:\/\/mto.org\/de\/wp-json\/wp\/v2\/comments?post=6266"}],"version-history":[{"count":0,"href":"https:\/\/mto.org\/de\/wp-json\/wp\/v2\/pages\/6266\/revisions"}],"up":[{"embeddable":true,"href":"https:\/\/mto.org\/de\/wp-json\/wp\/v2\/pages\/6258"}],"wp:attachment":[{"href":"https:\/\/mto.org\/de\/wp-json\/wp\/v2\/media?parent=6266"}],"curies":[{"name":"wp","href":"https:\/\/api.w.org\/{rel}","templated":true}]}}