{"id":6257,"date":"2022-05-12T21:00:20","date_gmt":"2022-05-12T19:00:20","guid":{"rendered":"https:\/\/mto.org\/ueber-m-t-o\/"},"modified":"2023-05-18T11:26:40","modified_gmt":"2023-05-18T09:26:40","slug":"ueber-m-t-o","status":"publish","type":"page","link":"https:\/\/mto.org\/de\/ueber-m-t-o\/","title":{"rendered":"\u00dcber MTO"},"content":{"rendered":"[vc_row full_width=&#8220;stretch_row&#8220; content_placement=&#8220;middle&#8220; wpex_shape_divider_bottom=&#8220;waves&#8220; wpex_shape_divider_bottom_invert=&#8220;true&#8220; wpex_post_thumbnail_bg=&#8220;true&#8220; min_height=&#8220;40vh&#8220; wpex_shape_divider_bottom_height=&#8220;55&#8243; css=&#8220;.vc_custom_1683120131482{background-position: center !important;background-repeat: no-repeat !important;background-size: cover !important;}&#8220;][vc_column width=&#8220;1\/4&#8243;][\/vc_column][vc_column width=&#8220;1\/2&#8243;][\/vc_column][vc_column width=&#8220;1\/4&#8243;][\/vc_column][\/vc_row][vc_row column_spacing=&#8220;1&#8243; remove_bottom_col_margin=&#8220;true&#8220; css=&#8220;.vc_custom_1673006067852{margin-top: 88px !important;margin-bottom: 88px !important;}&#8220;][vc_column width=&#8220;1\/2&#8243;]<h2 class=\"vcex-heading vcex-module wpex-text-2xl wpex-font-normal wpex-m-auto wpex-max-w-100 vcex-heading-plain wpex-h2 wpex-block wpex-text-left\" data-wpex-rcss='{&quot;font-size&quot;:{&quot;d&quot;:&quot;88px&quot;,&quot;tl&quot;:&quot;80px&quot;,&quot;tp&quot;:&quot;64px&quot;,&quot;pl&quot;:&quot;48px&quot;,&quot;pp&quot;:&quot;44px&quot;}}'><span class=\"vcex-heading-inner wpex-inline-block wpex-clr\">\u00dcber MTO<\/span><\/h2><div class=\"vcex-spacing wpex-w-100 wpex-clear\" style=\"height:16px\"><\/div>[vc_column_text text_align=&#8220;left&#8220; css=&#8220;.vc_custom_1683060236230{padding-right: 8% !important;}&#8220;]MTO Shahmaghsoudi\u00ae &#8211; Schule des islamischen Sufismus\u00ae ist eine internationale Non-Profit-Organisation mit Zentren auf sechs Kontinenten, mit \u00fcber einer Million Mitgliedern und \u00fcber drei Millionen Teilnehmer:innen, die unsere w\u00f6chentlichen Live-Online-Lehrveranstaltungen verfolgen.<\/p>\n<p><strong>Verein, Schule, Kirche oder NGO<\/strong><br \/>\nWir bezeichnen uns in unserem Namen als Schule. Dies geht auf die lange Tradition unserer Lehrer zur\u00fcck. Wir sind Sufis &#8211; und wir sind alle, und zwar unser ganzes Leben lang, Sch\u00fcler:innen des Sufismus. Denn ein Sufi zu sein ist eine Lebensweise und nicht an einen bestimmten Ort gebunden. Wir verstehen uns aber auch als Gemeinschaft, als aktive Kirche, als Ort der Begegnung, der Bildung und des kulturellen Austauschs.[\/vc_column_text][\/vc_column][vc_column width=&#8220;1\/2&#8243; css=&#8220;.vc_custom_1673006041487{margin-top: 80px !important;}&#8220;][vc_video link=&#8220;https:\/\/vimeo.com\/530482055&#8243; css=&#8220;.vc_custom_1673006116143{margin-top: 40px !important;}&#8220;][\/vc_column][\/vc_row][vc_row css=&#8220;.vc_custom_1657103477606{margin-top: 55px !important;}&#8220;][vc_column width=&#8220;1\/4&#8243;]<div class=\"vcex-module vcex-teaser textcenter hvr hvr-grow-shadow vc_custom_1684401920633\"><figure class=\"vcex-teaser-media wpex-mb-20 wpex-image-hover grayscale-invert textcenter\"><a href=\"\/de\/ueber-m-t-o\/was-wir-tun\/\" title=\"Sufi Publications\" class=\"wpex-no-underline\"><img decoding=\"async\" loading=\"lazy\" class=\"wpex-align-middle\" alt=\"MTO-Organisationen\" src=\"https:\/\/mto.org\/wp-content\/uploads\/2022\/07\/MTO_everything.jpg\" width=\"1200\" height=\"675\" \/><\/a><\/figure><div class=\"vcex-teaser-content clr\" style=\"padding-top:14px;padding-right:10px;padding-bottom:14px;padding-left:10px;\"><h2 class=\"vcex-teaser-heading wpex-heading wpex-text-lg\"><a href=\"\/de\/ueber-m-t-o\/was-wir-tun\/\" title=\"Sufi Publications\" class=\"wpex-no-underline\">MTO-Organisationen<\/a><\/h2><div class=\"vcex-teaser-text wpex-mt-10 wpex-last-mb-0 wpex-clr\"><p>MTO ist in vielen verschiedenen Bereichen aktiv. Hier erhalten Sie einen \u00dcberblick \u00fcber unsere verschiedenen Projekte und Aktivit\u00e4ten.<\/p>\n<\/div><\/div><\/div>[\/vc_column][vc_column width=&#8220;1\/4&#8243;]<div class=\"vcex-module vcex-teaser textcenter hvr hvr-grow-shadow vc_custom_1684401874334\"><figure class=\"vcex-teaser-media wpex-mb-20 wpex-image-hover grayscale-invert textcenter\"><a href=\"\/de\/ueber-m-t-o\/wer-wir-sind\/\" title=\"Who we are\" class=\"wpex-no-underline\"><img decoding=\"async\" loading=\"lazy\" class=\"wpex-align-middle\" alt=\"Wer Wir Sind\" src=\"https:\/\/mto.org\/wp-content\/uploads\/2022\/07\/MTO-who.jpg\" width=\"1200\" height=\"675\" \/><\/a><\/figure><div class=\"vcex-teaser-content clr\" style=\"padding-top:14px;padding-right:10px;padding-bottom:14px;padding-left:10px;\"><h2 class=\"vcex-teaser-heading wpex-heading wpex-text-lg\"><a href=\"\/de\/ueber-m-t-o\/wer-wir-sind\/\" title=\"Who we are\" class=\"wpex-no-underline\">Wer wir sind<\/a><\/h2><div class=\"vcex-teaser-text wpex-mt-10 wpex-last-mb-0 wpex-clr\"><p>Wir sind Sch\u00fclerinnen und Sch\u00fcler des Sufismus: in verschiedenen L\u00e4ndern und Rollen, vereint in unserer Suche auf dem Pfad der Selbsterkenntnis.<\/p>\n<\/div><\/div><\/div>[\/vc_column][vc_column width=&#8220;1\/4&#8243;]<div class=\"vcex-module vcex-teaser textcenter hvr hvr-grow-shadow vc_custom_1684401953323\"><figure class=\"vcex-teaser-media wpex-mb-20 wpex-image-hover grayscale-invert textcenter\"><a href=\"\/de\/ueber-sufismus\/\" title=\"\u00dcber Sufismus\" class=\"wpex-no-underline\"><img decoding=\"async\" loading=\"lazy\" class=\"wpex-align-middle\" alt=\"Unser Glaube\" src=\"https:\/\/mto.org\/wp-content\/uploads\/2022\/07\/MTO_History.jpg\" width=\"1200\" height=\"675\" \/><\/a><\/figure><div class=\"vcex-teaser-content clr\" style=\"padding-right:5px;padding-left:5px;\"><h2 class=\"vcex-teaser-heading wpex-heading wpex-text-lg\"><a href=\"\/de\/ueber-sufismus\/\" title=\"\u00dcber Sufismus\" class=\"wpex-no-underline\">Unser Glaube<\/a><\/h2><div class=\"vcex-teaser-text wpex-mt-10 wpex-last-mb-0 wpex-clr\"><p>Der Sufismus ist eine Str\u00f6mung innerhalb Islams, deren Hauptideologie die Erfahrbarkeit Gottes durch Gebet, Fasten, Gottesgedenken und alle anderen islamischen Prinzipien ist.<\/p>\n<\/div><\/div><\/div>[\/vc_column][vc_column width=&#8220;1\/4&#8243;]<div class=\"vcex-module vcex-teaser textcenter hvr hvr-grow-shadow vc_custom_1675890754124\"><figure class=\"vcex-teaser-media wpex-mb-20 wpex-image-hover grayscale-invert textcenter\"><a href=\"\/de\/ueber-m-t-o\/unsere-zukunft-jugend-erde-gemeinschaft\/\" title=\"our-future-youth-earth-community\" class=\"wpex-no-underline\"><img decoding=\"async\" loading=\"lazy\" class=\"wpex-align-middle\" alt=\"Unsere Zukunft\" src=\"https:\/\/mto.org\/wp-content\/uploads\/2022\/07\/MTO_Future.jpg\" width=\"1200\" height=\"675\" \/><\/a><\/figure><div class=\"vcex-teaser-content clr\" style=\"padding-right:10px;padding-left:10px;\"><h2 class=\"vcex-teaser-heading wpex-heading wpex-text-lg\"><a href=\"\/de\/ueber-m-t-o\/unsere-zukunft-jugend-erde-gemeinschaft\/\" title=\"our-future-youth-earth-community\" class=\"wpex-no-underline\">Unsere Zukunft<\/a><\/h2><div class=\"vcex-teaser-text wpex-mt-10 wpex-last-mb-0 wpex-clr\"><p>Soziale Initiativen sind das Herzst\u00fcck unserer Arbeit, und wir legen gro\u00dfen Wert auf Bildung und die Unterst\u00fctzung von Bed\u00fcrftigen.<\/p>\n<\/div><\/div><\/div>[\/vc_column][\/vc_row]\n","protected":false},"excerpt":{"rendered":"<p>[vc_row full_width=&#8220;stretch_row&#8220; content_placement=&#8220;middle&#8220; wpex_shape_divider_bottom=&#8220;waves&#8220; wpex_shape_divider_bottom_invert=&#8220;true&#8220; wpex_post_thumbnail_bg=&#8220;true&#8220; min_height=&#8220;40vh&#8220; wpex_shape_divider_bottom_height=&#8220;55&#8243; css=&#8220;.vc_custom_1683120131482{background-position: center !important;background-repeat: no-repeat !important;background-size: cover !important;}&#8220;][vc_column width=&#8220;1\/4&#8243;][\/vc_column][vc_column width=&#8220;1\/2&#8243;][\/vc_column][vc_column width=&#8220;1\/4&#8243;][\/vc_column][\/vc_row][vc_row column_spacing=&#8220;1&#8243; remove_bottom_col_margin=&#8220;true&#8220; css=&#8220;.vc_custom_1673006067852{margin-top: 88px !important;margin-bottom: 88px !important;}&#8220;][vc_column width=&#8220;1\/2&#8243;][vc_column_text text_align=&#8220;left&#8220; css=&#8220;.vc_custom_1683060236230{padding-right: 8% !important;}&#8220;]MTO Shahmaghsoudi\u00ae &#8211; Schule des islamischen Sufismus\u00ae ist eine internationale Non-Profit-Organisation&hellip;<\/p>\n","protected":false},"author":1,"featured_media":17842,"parent":0,"menu_order":0,"comment_status":"closed","ping_status":"closed","template":"","meta":{"_EventAllDay":false,"_EventTimezone":"","_EventStartDate":"","_EventEndDate":"","_EventStartDateUTC":"","_EventEndDateUTC":"","_EventShowMap":false,"_EventShowMapLink":false,"_EventURL":"","_EventCost":"","_EventCostDescription":"","_EventCurrencySymbol":"","_EventCurrencyCode":"","_EventCurrencyPosition":"","_EventDateTimeSeparator":"","_EventTimeRangeSeparator":"","_EventOrganizerID":[],"_EventVenueID":[],"_OrganizerEmail":"","_OrganizerPhone":"","_OrganizerWebsite":"","_VenueAddress":"","_VenueCity":"","_VenueCountry":"","_VenueProvince":"","_VenueState":"","_VenueZip":"","_VenuePhone":"","_VenueURL":"","_VenueStateProvince":"","_VenueLat":"","_VenueLng":"","_VenueShowMap":false,"_VenueShowMapLink":false,"footnotes":""},"class_list":["post-6257","page","type-page","status-publish","has-post-thumbnail","hentry","entry","has-media"],"yoast_head":"<!-- This site is optimized with the Yoast SEO plugin v24.8.1 - https:\/\/yoast.com\/wordpress\/plugins\/seo\/ -->\n<title>\u00dcber MTO - MTO Shahmaghsoudi<\/title>\n<meta name=\"robots\" content=\"index, follow, max-snippet:-1, max-image-preview:large, max-video-preview:-1\" \/>\n<link rel=\"canonical\" href=\"https:\/\/mto.org\/de\/ueber-m-t-o\/\" \/>\n<meta property=\"og:locale\" content=\"de_DE\" \/>\n<meta property=\"og:type\" content=\"article\" \/>\n<meta property=\"og:title\" content=\"\u00dcber MTO - MTO Shahmaghsoudi\" \/>\n<meta property=\"og:description\" content=\"[vc_row full_width=&#8220;stretch_row&#8220; content_placement=&#8220;middle&#8220; wpex_shape_divider_bottom=&#8220;waves&#8220; wpex_shape_divider_bottom_invert=&#8220;true&#8220; wpex_post_thumbnail_bg=&#8220;true&#8220; min_height=&#8220;40vh&#8220; wpex_shape_divider_bottom_height=&#8220;55&#8243; css=&#8220;.vc_custom_1683120131482{background-position: center !important;background-repeat: no-repeat !important;background-size: cover !important;}&#8220;][vc_column width=&#8220;1\/4&#8243;][\/vc_column][vc_column width=&#8220;1\/2&#8243;][\/vc_column][vc_column width=&#8220;1\/4&#8243;][\/vc_column][\/vc_row][vc_row column_spacing=&#8220;1&#8243; remove_bottom_col_margin=&#8220;true&#8220; css=&#8220;.vc_custom_1673006067852{margin-top: 88px !important;margin-bottom: 88px !important;}&#8220;][vc_column width=&#8220;1\/2&#8243;][vc_column_text text_align=&#8220;left&#8220; css=&#8220;.vc_custom_1683060236230{padding-right: 8% !important;}&#8220;]MTO Shahmaghsoudi\u00ae &#8211; Schule des islamischen Sufismus\u00ae ist eine internationale Non-Profit-Organisation&hellip;\" \/>\n<meta property=\"og:url\" content=\"https:\/\/mto.org\/de\/ueber-m-t-o\/\" \/>\n<meta property=\"og:site_name\" content=\"MTO Shahmaghsoudi\" \/>\n<meta property=\"article:publisher\" content=\"https:\/\/www.facebook.com\/mtoshahmaghsoudi\" \/>\n<meta property=\"article:modified_time\" content=\"2023-05-18T09:26:40+00:00\" \/>\n<meta property=\"og:image\" content=\"https:\/\/mto.org\/wp-content\/uploads\/2023\/05\/MTOLA-36WM.jpg\" \/>\n\t<meta property=\"og:image:width\" content=\"1600\" \/>\n\t<meta property=\"og:image:height\" content=\"900\" \/>\n\t<meta property=\"og:image:type\" content=\"image\/jpeg\" \/>\n<meta name=\"twitter:card\" content=\"summary_large_image\" \/>\n<meta name=\"twitter:site\" content=\"@mtoshahmaghsoud\" \/>\n<meta name=\"twitter:label1\" content=\"Gesch\u00e4tzte Lesezeit\" \/>\n\t<meta name=\"twitter:data1\" content=\"2\u00a0Minuten\" \/>\n<script type=\"application\/ld+json\" class=\"yoast-schema-graph\">{\"@context\":\"https:\/\/schema.org\",\"@graph\":[{\"@type\":\"WebPage\",\"@id\":\"https:\/\/mto.org\/de\/ueber-m-t-o\/\",\"url\":\"https:\/\/mto.org\/de\/ueber-m-t-o\/\",\"name\":\"\u00dcber MTO - MTO Shahmaghsoudi\",\"isPartOf\":{\"@id\":\"https:\/\/mto.org\/#website\"},\"primaryImageOfPage\":{\"@id\":\"https:\/\/mto.org\/de\/ueber-m-t-o\/#primaryimage\"},\"image\":{\"@id\":\"https:\/\/mto.org\/de\/ueber-m-t-o\/#primaryimage\"},\"thumbnailUrl\":\"https:\/\/mto.org\/wp-content\/uploads\/2023\/05\/MTOLA-36WM.jpg\",\"datePublished\":\"2022-05-12T19:00:20+00:00\",\"dateModified\":\"2023-05-18T09:26:40+00:00\",\"breadcrumb\":{\"@id\":\"https:\/\/mto.org\/de\/ueber-m-t-o\/#breadcrumb\"},\"inLanguage\":\"de\",\"potentialAction\":[{\"@type\":\"ReadAction\",\"target\":[\"https:\/\/mto.org\/de\/ueber-m-t-o\/\"]}]},{\"@type\":\"ImageObject\",\"inLanguage\":\"de\",\"@id\":\"https:\/\/mto.org\/de\/ueber-m-t-o\/#primaryimage\",\"url\":\"https:\/\/mto.org\/wp-content\/uploads\/2023\/05\/MTOLA-36WM.jpg\",\"contentUrl\":\"https:\/\/mto.org\/wp-content\/uploads\/2023\/05\/MTOLA-36WM.jpg\",\"width\":1600,\"height\":900},{\"@type\":\"BreadcrumbList\",\"@id\":\"https:\/\/mto.org\/de\/ueber-m-t-o\/#breadcrumb\",\"itemListElement\":[{\"@type\":\"ListItem\",\"position\":1,\"name\":\"Home\",\"item\":\"https:\/\/mto.org\/de\/\"},{\"@type\":\"ListItem\",\"position\":2,\"name\":\"\u00dcber MTO\"}]},{\"@type\":\"WebSite\",\"@id\":\"https:\/\/mto.org\/#website\",\"url\":\"https:\/\/mto.org\/\",\"name\":\"MTO Shahmaghsoudi\",\"description\":\"School of Islamic Sufism\",\"publisher\":{\"@id\":\"https:\/\/mto.org\/#organization\"},\"potentialAction\":[{\"@type\":\"SearchAction\",\"target\":{\"@type\":\"EntryPoint\",\"urlTemplate\":\"https:\/\/mto.org\/?s={search_term_string}\"},\"query-input\":{\"@type\":\"PropertyValueSpecification\",\"valueRequired\":true,\"valueName\":\"search_term_string\"}}],\"inLanguage\":\"de\"},{\"@type\":\"Organization\",\"@id\":\"https:\/\/mto.org\/#organization\",\"name\":\"MTO Shahmaghsoudi\",\"url\":\"https:\/\/mto.org\/\",\"logo\":{\"@type\":\"ImageObject\",\"inLanguage\":\"de\",\"@id\":\"https:\/\/mto.org\/#\/schema\/logo\/image\/\",\"url\":\"https:\/\/mto.org\/wp-content\/uploads\/2023\/03\/MTO_LOGO_Header.png\",\"contentUrl\":\"https:\/\/mto.org\/wp-content\/uploads\/2023\/03\/MTO_LOGO_Header.png\",\"width\":200,\"height\":200,\"caption\":\"MTO Shahmaghsoudi\"},\"image\":{\"@id\":\"https:\/\/mto.org\/#\/schema\/logo\/image\/\"},\"sameAs\":[\"https:\/\/www.facebook.com\/mtoshahmaghsoudi\",\"https:\/\/x.com\/mtoshahmaghsoud\",\"https:\/\/www.instagram.com\/mtoshahmaghsoudi\/\"]}]}<\/script>\n<!-- \/ Yoast SEO plugin. -->","yoast_head_json":{"title":"\u00dcber MTO - MTO Shahmaghsoudi","robots":{"index":"index","follow":"follow","max-snippet":"max-snippet:-1","max-image-preview":"max-image-preview:large","max-video-preview":"max-video-preview:-1"},"canonical":"https:\/\/mto.org\/de\/ueber-m-t-o\/","og_locale":"de_DE","og_type":"article","og_title":"\u00dcber MTO - MTO Shahmaghsoudi","og_description":"[vc_row full_width=&#8220;stretch_row&#8220; content_placement=&#8220;middle&#8220; wpex_shape_divider_bottom=&#8220;waves&#8220; wpex_shape_divider_bottom_invert=&#8220;true&#8220; wpex_post_thumbnail_bg=&#8220;true&#8220; min_height=&#8220;40vh&#8220; wpex_shape_divider_bottom_height=&#8220;55&#8243; css=&#8220;.vc_custom_1683120131482{background-position: center !important;background-repeat: no-repeat !important;background-size: cover !important;}&#8220;][vc_column width=&#8220;1\/4&#8243;][\/vc_column][vc_column width=&#8220;1\/2&#8243;][\/vc_column][vc_column width=&#8220;1\/4&#8243;][\/vc_column][\/vc_row][vc_row column_spacing=&#8220;1&#8243; remove_bottom_col_margin=&#8220;true&#8220; css=&#8220;.vc_custom_1673006067852{margin-top: 88px !important;margin-bottom: 88px !important;}&#8220;][vc_column width=&#8220;1\/2&#8243;][vc_column_text text_align=&#8220;left&#8220; css=&#8220;.vc_custom_1683060236230{padding-right: 8% !important;}&#8220;]MTO Shahmaghsoudi\u00ae &#8211; Schule des islamischen Sufismus\u00ae ist eine internationale Non-Profit-Organisation&hellip;","og_url":"https:\/\/mto.org\/de\/ueber-m-t-o\/","og_site_name":"MTO Shahmaghsoudi","article_publisher":"https:\/\/www.facebook.com\/mtoshahmaghsoudi","article_modified_time":"2023-05-18T09:26:40+00:00","og_image":[{"width":1600,"height":900,"url":"https:\/\/mto.org\/wp-content\/uploads\/2023\/05\/MTOLA-36WM.jpg","type":"image\/jpeg"}],"twitter_card":"summary_large_image","twitter_site":"@mtoshahmaghsoud","twitter_misc":{"Gesch\u00e4tzte Lesezeit":"2\u00a0Minuten"},"schema":{"@context":"https:\/\/schema.org","@graph":[{"@type":"WebPage","@id":"https:\/\/mto.org\/de\/ueber-m-t-o\/","url":"https:\/\/mto.org\/de\/ueber-m-t-o\/","name":"\u00dcber MTO - MTO Shahmaghsoudi","isPartOf":{"@id":"https:\/\/mto.org\/#website"},"primaryImageOfPage":{"@id":"https:\/\/mto.org\/de\/ueber-m-t-o\/#primaryimage"},"image":{"@id":"https:\/\/mto.org\/de\/ueber-m-t-o\/#primaryimage"},"thumbnailUrl":"https:\/\/mto.org\/wp-content\/uploads\/2023\/05\/MTOLA-36WM.jpg","datePublished":"2022-05-12T19:00:20+00:00","dateModified":"2023-05-18T09:26:40+00:00","breadcrumb":{"@id":"https:\/\/mto.org\/de\/ueber-m-t-o\/#breadcrumb"},"inLanguage":"de","potentialAction":[{"@type":"ReadAction","target":["https:\/\/mto.org\/de\/ueber-m-t-o\/"]}]},{"@type":"ImageObject","inLanguage":"de","@id":"https:\/\/mto.org\/de\/ueber-m-t-o\/#primaryimage","url":"https:\/\/mto.org\/wp-content\/uploads\/2023\/05\/MTOLA-36WM.jpg","contentUrl":"https:\/\/mto.org\/wp-content\/uploads\/2023\/05\/MTOLA-36WM.jpg","width":1600,"height":900},{"@type":"BreadcrumbList","@id":"https:\/\/mto.org\/de\/ueber-m-t-o\/#breadcrumb","itemListElement":[{"@type":"ListItem","position":1,"name":"Home","item":"https:\/\/mto.org\/de\/"},{"@type":"ListItem","position":2,"name":"\u00dcber MTO"}]},{"@type":"WebSite","@id":"https:\/\/mto.org\/#website","url":"https:\/\/mto.org\/","name":"MTO Shahmaghsoudi","description":"School of Islamic Sufism","publisher":{"@id":"https:\/\/mto.org\/#organization"},"potentialAction":[{"@type":"SearchAction","target":{"@type":"EntryPoint","urlTemplate":"https:\/\/mto.org\/?s={search_term_string}"},"query-input":{"@type":"PropertyValueSpecification","valueRequired":true,"valueName":"search_term_string"}}],"inLanguage":"de"},{"@type":"Organization","@id":"https:\/\/mto.org\/#organization","name":"MTO Shahmaghsoudi","url":"https:\/\/mto.org\/","logo":{"@type":"ImageObject","inLanguage":"de","@id":"https:\/\/mto.org\/#\/schema\/logo\/image\/","url":"https:\/\/mto.org\/wp-content\/uploads\/2023\/03\/MTO_LOGO_Header.png","contentUrl":"https:\/\/mto.org\/wp-content\/uploads\/2023\/03\/MTO_LOGO_Header.png","width":200,"height":200,"caption":"MTO Shahmaghsoudi"},"image":{"@id":"https:\/\/mto.org\/#\/schema\/logo\/image\/"},"sameAs":["https:\/\/www.facebook.com\/mtoshahmaghsoudi","https:\/\/x.com\/mtoshahmaghsoud","https:\/\/www.instagram.com\/mtoshahmaghsoudi\/"]}]}},"_links":{"self":[{"href":"https:\/\/mto.org\/de\/wp-json\/wp\/v2\/pages\/6257","targetHints":{"allow":["GET"]}}],"collection":[{"href":"https:\/\/mto.org\/de\/wp-json\/wp\/v2\/pages"}],"about":[{"href":"https:\/\/mto.org\/de\/wp-json\/wp\/v2\/types\/page"}],"author":[{"embeddable":true,"href":"https:\/\/mto.org\/de\/wp-json\/wp\/v2\/users\/1"}],"replies":[{"embeddable":true,"href":"https:\/\/mto.org\/de\/wp-json\/wp\/v2\/comments?post=6257"}],"version-history":[{"count":7,"href":"https:\/\/mto.org\/de\/wp-json\/wp\/v2\/pages\/6257\/revisions"}],"predecessor-version":[{"id":19287,"href":"https:\/\/mto.org\/de\/wp-json\/wp\/v2\/pages\/6257\/revisions\/19287"}],"wp:featuredmedia":[{"embeddable":true,"href":"https:\/\/mto.org\/de\/wp-json\/wp\/v2\/media\/17842"}],"wp:attachment":[{"href":"https:\/\/mto.org\/de\/wp-json\/wp\/v2\/media?parent=6257"}],"curies":[{"name":"wp","href":"https:\/\/api.w.org\/{rel}","templated":true}]}}