{"id":26100,"date":"2020-10-10T12:27:24","date_gmt":"2020-10-10T10:27:24","guid":{"rendered":"https:\/\/mto.org\/sufismus-die-umwelt\/"},"modified":"2025-08-10T19:51:21","modified_gmt":"2025-08-10T17:51:21","slug":"sufismus-die-umwelt","status":"publish","type":"page","link":"https:\/\/mto.org\/de\/sufismus-die-umwelt\/","title":{"rendered":"Sufismus &amp; Die Umwelt"},"content":{"rendered":"[vc_row full_width=&#8220;stretch_row&#8220; content_placement=&#8220;middle&#8220; remove_bottom_col_margin=&#8220;true&#8220; css=&#8220;.vc_custom_1750755169004{padding-top: 8px !important;padding-bottom: 4px !important;}&#8220;][vc_column]<div class=\"vcex-module vcex-divider vcex-divider-solid wpex-my-10 wpex-max-w-100 wpex-mx-auto wpex-block wpex-h-0 wpex-border-b wpex-border-solid wpex-border-gray-200\" style=\"border-color:#9fc656;\"><\/div>[vc_row_inner content_placement=&#8220;middle&#8220; css=&#8220;.vc_custom_1750755747912{margin-top: 8px !important;margin-bottom: 8px !important;}&#8220;][vc_column_inner width=&#8220;1\/4&#8243;]<div class=\"vcex-heading vcex-module wpex-text-2xl wpex-font-normal wpex-m-auto wpex-max-w-100 vcex-heading-plain wpex-block wpex-text-center\" data-wpex-rcss='{&quot;font-size&quot;:{&quot;d&quot;:&quot;16px&quot;,&quot;tl&quot;:&quot;14px&quot;,&quot;tp&quot;:&quot;14px&quot;,&quot;pl&quot;:&quot;14px&quot;,&quot;pp&quot;:&quot;12px&quot;}}' style=\"color:#000000;font-family:Chivo;letter-spacing:0px;font-weight:400;text-transform:uppercase;\"><a href=\"\/de\/globalactivities\/nachhaltigkeit\/\" title=\"Home\" class=\"wpex-no-underline wpex-inherit-color\"\"><span class=\"vcex-heading-inner wpex-inline-block wpex-clr\">Nachhaltigkeit Home<\/span><\/a><\/div>[\/vc_column_inner][vc_column_inner width=&#8220;1\/4&#8243;]<div class=\"vcex-heading vcex-module wpex-text-2xl wpex-font-normal wpex-m-auto wpex-max-w-100 vcex-heading-plain wpex-block wpex-text-center\" data-wpex-rcss='{&quot;font-size&quot;:{&quot;d&quot;:&quot;16px&quot;,&quot;tl&quot;:&quot;14px&quot;,&quot;tp&quot;:&quot;14px&quot;,&quot;pl&quot;:&quot;14px&quot;,&quot;pp&quot;:&quot;12px&quot;}}' style=\"color:#000000;font-family:Chivo;letter-spacing:0px;font-weight:400;text-transform:uppercase;\"><a href=\"\/de\/sufismus-die-umwelt\/\" title=\"Umwelt\" class=\"wpex-no-underline wpex-inherit-color\"\"><span class=\"vcex-heading-inner wpex-inline-block wpex-clr\">Sufismus &amp; Umwelt<\/span><\/a><\/div>[\/vc_column_inner][vc_column_inner width=&#8220;1\/4&#8243;]<div class=\"vcex-heading vcex-module wpex-text-2xl wpex-font-normal wpex-m-auto wpex-max-w-100 vcex-heading-plain wpex-block wpex-text-center\" data-wpex-rcss='{&quot;font-size&quot;:{&quot;d&quot;:&quot;16px&quot;,&quot;tl&quot;:&quot;14px&quot;,&quot;tp&quot;:&quot;14px&quot;,&quot;pl&quot;:&quot;14px&quot;,&quot;pp&quot;:&quot;12px&quot;}}' style=\"color:#000000;font-family:Chivo;letter-spacing:0px;font-weight:400;text-transform:uppercase;\"><a href=\"\/de\/ziele-und-erfolge-der-nachhaltigkeit\/\" title=\"Nachhaltigkeit\" class=\"wpex-no-underline wpex-inherit-color\"\"><span class=\"vcex-heading-inner wpex-inline-block wpex-clr\">Unsere Ziele f\u00fcr Nachhaltigkeit<\/span><\/a><\/div>[\/vc_column_inner][vc_column_inner width=&#8220;1\/4&#8243;]<div class=\"vcex-heading vcex-module wpex-text-2xl wpex-font-normal wpex-m-auto wpex-max-w-100 vcex-heading-plain wpex-block wpex-text-center\" data-wpex-rcss='{&quot;font-size&quot;:{&quot;d&quot;:&quot;16px&quot;,&quot;tl&quot;:&quot;14px&quot;,&quot;tp&quot;:&quot;14px&quot;,&quot;pl&quot;:&quot;14px&quot;,&quot;pp&quot;:&quot;12px&quot;}}' style=\"color:#000000;font-family:Chivo;letter-spacing:0px;font-weight:400;text-transform:uppercase;\"><a href=\"\/de\/unsere-aktivitaeten\/\" title=\"Events\" class=\"wpex-no-underline wpex-inherit-color\"\"><span class=\"vcex-heading-inner wpex-inline-block wpex-clr\">Unsere Aktivit\u00e4ten<\/span><\/a><\/div>[\/vc_column_inner][\/vc_row_inner][\/vc_column][\/vc_row][vc_row css=&#8220;.vc_custom_1714990515321{margin-top: 88px !important;}&#8220;][vc_column width=&#8220;2\/3&#8243; css=&#8220;.vc_custom_1716370756230{border-left-width: 8px !important;padding-left: 10px !important;border-left-color: #9fc656 !important;border-left-style: solid !important;}&#8220;]<h1 class=\"vcex-heading vcex-module wpex-text-2xl wpex-font-normal wpex-m-auto wpex-max-w-100 vcex-heading-plain wpex-h1 wpex-block vc_custom_1714990534559\" style=\"font-weight:700;\"><span class=\"vcex-heading-inner wpex-inline-block wpex-clr\">Sufismus &amp; Die Umwelt<\/span><\/h1>[vc_column_text]Die Lehren des Sufismus bieten Wege und Methoden f\u00fcr Menschen, den inneren Frieden und spirituelle Geborgenheit suchen.<br \/>\nEin zentrales Prinzip dabei ist das Verst\u00e4ndnis und die Bewahrung eines grundlegenden Gesetzes der Existenz: das Gleichgewicht.<\/p>\n<p>Gleichgewicht umfasst alles \u2013 sowohl den einzelnen Menschen als auch das harmonische Miteinander in der Gemeinschaft. Es wird symbolisch durch die Worte \u201eAlif Lam Mim\u201c im Heiligen Koran (Sure al-Baqara 2:1) dargestellt. Dieser Vers steht f\u00fcr das Gleichgewicht, das im weltlichen wie auch im spirituellen Leben notwendig und pr\u00e4sent ist. Ob durch das Gebet oder Tamarkoz\u00ae \u2013 eine Methode der Selbsterkenntnis, die auf Konzentration und Meditation basiert \u2013 beide Praktiken nehmen einen zentralen Platz in den Lehren des Sufismus ein. Die gleiche Aufmerksamkeit und Liebe, die diesen spirituellen Aspekten gewidmet wird, gilt auch anderen Lebensbereichen \u2013 insbesondere dem bewussten Umgang mit der Umwelt.<\/p>\n<p>MTO\u00ae und seine Sch\u00fclerinnen und Sch\u00fcler setzen sich aktiv f\u00fcr den Umweltschutz ein. Dazu geh\u00f6rt unter anderem das Ziel, Abfall zu reduzieren. In MTO-Zentren weltweit wird gro\u00dfen Wert daraufgelegt, wiederverwendbare Materialien zu nutzen \u2013 sowohl beim Bau von Geb\u00e4uden als auch im t\u00e4glichen Gebrauch. Selbst scheinbar kleine Ma\u00dfnahmen, wie der bewusste Umgang mit Wasser- und Energie, dienen dem langfristigen Schutz der Umwelt.<\/p>\n<p><span style=\"font-weight: 400;\">Diese allt\u00e4glichen Praktiken erinnern uns daran, dass die Ressourcen unserer Erde begrenzt sind und mit Bedacht genutzt werden m\u00fcssen. Ein verantwortungsvoller Umgang mit unserem Planeten ist eine Form der Dankbarkeit \u2013 und ein Beitrag zum Wohlstand zuk\u00fcnftiger Generationen.<\/span><\/p>\n<p>Ein weiteres zentrales Prinzip im Sufismus ist die kontinuierliche Reinigung und Weiterbildung des Selbst,. Das Ziel ist es, das in jedem Individuum innewohnende Potenzial vollst\u00e4ndig zu entfalten.<br \/>\nDer Sufi-Meister Professor Nader Angha veranschaulicht dies durch die Analogie des gepflanzten Samens: Jeder Samen tr\u00e4gt bereits das Wissen in sich, das er zum Wachsen und Erbl\u00fchen braucht. Doch es ist der G\u00e4rtner, der die passenden Bedingungen schaffen muss \u2013 etwa durch die Wahl des richtigen Standorts, Pflege und das Erkennen m\u00f6glicher Krankheiten. Ziel ist es nicht den nat\u00fcrlichen Prozess zu st\u00f6ren oder etwas K\u00fcnstliches zu schaffen, sondern ihn zu unterst\u00fctzen, damit der Samen sein volles Potenzial entfalten kann.<\/p>\n<p>So ist es auch mit der Erde: Unser Planet verf\u00fcgt bereits \u00fcber alles Wissen und alle Ressourcen, um den nat\u00fcrlichen Kreislauf des Lebens aufrechtzuerhalten. Doch menschliche Eingriffe st\u00f6ren oft dieses nat\u00fcrliche Gleichgewicht \u2013 was zu einem Ungleichgewicht des gesamten \u00d6kosystems f\u00fchren kann.<\/p>\n<p>Deshalb ist es unsere gemeinsame Aufgabe, aktiv zum Schutz unseres Planeten beizutragen \u2013 damit er heute und in Zukunft ein Ort des Lebens und Entwicklung bleibt.[\/vc_column_text][\/vc_column][vc_column width=&#8220;1\/3&#8243;]<figure class=\"vcex-image vcex-module wpex-clr  wpb_animate_when_almost_visible wpb_fadeInRightBig fadeInRightBig\"><div class=\"vcex-image-inner wpex-inline-block wpex-relative wpex-image-hover shrink\"><img decoding=\"async\" loading=\"lazy\" class=\"wpex-align-middle wpex-shadow-md\" src=\"https:\/\/mto.org\/wp-content\/uploads\/2024\/06\/Dallas_2017_PPT_HD_4-1-scaled-1.jpg\" alt=\"\" width=\"2560\" height=\"1441\" \/><\/div><\/figure>[\/vc_column][\/vc_row][vc_row full_width=&#8220;stretch_row&#8220; content_placement=&#8220;middle&#8220; wpex_bg_overlay=&#8220;color&#8220; wpex_bg_overlay_color=&#8220;#9fc656&#8243; wpex_bg_overlay_opacity=&#8220;90%&#8220; min_height=&#8220;40vh&#8220; css=&#8220;.vc_custom_1752656113715{margin-top: 40px !important;margin-bottom: 40px !important;background-image: url(https:\/\/mto.org\/wp-content\/uploads\/2022\/05\/Dallas_2017_PPT_HD_1-scaled-1.jpg?id=26033) !important;background-position: center !important;background-repeat: no-repeat !important;background-size: cover !important;}&#8220;][vc_column width=&#8220;1\/2&#8243;]<h4 class=\"vcex-heading vcex-module wpex-text-2xl wpex-font-normal wpex-m-auto wpex-max-w-100 vcex-heading-plain wpex-h4 wpex-block\" data-wpex-rcss='{&quot;font-size&quot;:{&quot;d&quot;:&quot;17px&quot;,&quot;tl&quot;:&quot;16px&quot;,&quot;tp&quot;:&quot;16px&quot;,&quot;pl&quot;:&quot;15px&quot;,&quot;pp&quot;:&quot;15px&quot;}}' style=\"color:#ffffff;font-weight:200;text-transform:uppercase;\"><span class=\"vcex-heading-inner wpex-inline-block wpex-clr\">Community Support<\/span><\/h4><h1 class=\"vcex-heading vcex-module wpex-text-2xl wpex-font-normal wpex-m-auto wpex-max-w-100 vcex-heading-plain wpex-h1 wpex-block vc_custom_1754848232942\" style=\"color:#ffffff;font-weight:700;\"><span class=\"vcex-heading-inner wpex-inline-block wpex-clr\">Machen Sie mit \u2013 unterst\u00fctzen Sie<\/span><\/h1>[vc_column_text color=&#8220;#ffffff&#8220; css=&#8220;.vc_custom_1754848263048{margin-bottom: 8px !important;}&#8220;]umweltbewusste Wohlt\u00e4tigkeitsprojekte und Initiativen f\u00fcr eine nachhaltige Zukunft und den Wohlstand unseres Planeten.[\/vc_column_text][\/vc_column][vc_column width=&#8220;1\/2&#8243;]<div class=\"vcex-module wpex-social-btns vcex-social-btns textcenter wpex-last-mr-0\" style=\"font-size:15px;\"><a  href=\"\/contact\/\" class=\"wpex-social-btn wpex-social-btn-no-style wpex-mb-5 wpex-mr-5 wpex-has-custom-color wpex-email\" style=\"color:#ffffff;\" data-wpex-hover=\"{&quot;color&quot;:&quot;accent-alt&quot;}\"><span class=\"ticon ticon-envelope\" aria-hidden=\"true\"><\/span><span class=\"screen-reader-text\">Email<\/span><\/a><a  href=\"https:\/\/www.facebook.com\/mtoshahmaghsoudi\" class=\"wpex-social-btn wpex-social-btn-no-style wpex-mb-5 wpex-mr-5 wpex-has-custom-color wpex-facebook\" style=\"color:#ffffff;\" data-wpex-hover=\"{&quot;color&quot;:&quot;accent-alt&quot;}\"><span class=\"ticon ticon-facebook\" aria-hidden=\"true\"><\/span><span class=\"screen-reader-text\">Facebook<\/span><\/a><a  href=\"https:\/\/www.instagram.com\/mtoshahmaghsoudi\" class=\"wpex-social-btn wpex-social-btn-no-style wpex-mb-5 wpex-mr-5 wpex-has-custom-color wpex-instagram\" style=\"color:#ffffff;\" data-wpex-hover=\"{&quot;color&quot;:&quot;accent-alt&quot;}\"><span class=\"ticon ticon-instagram\" aria-hidden=\"true\"><\/span><span class=\"screen-reader-text\">Instagram<\/span><\/a><a  href=\"https:\/\/www.linkedin.com\/company\/mtoshahmaghsoudi\/\" class=\"wpex-social-btn wpex-social-btn-no-style wpex-mb-5 wpex-mr-5 wpex-has-custom-color wpex-linkedin\" style=\"color:#ffffff;\" data-wpex-hover=\"{&quot;color&quot;:&quot;accent-alt&quot;}\"><span class=\"ticon ticon-linkedin\" aria-hidden=\"true\"><\/span><span class=\"screen-reader-text\">Linkedin<\/span><\/a><a  href=\"https:\/\/twitter.com\/mtoshahmaghsoud\" class=\"wpex-social-btn wpex-social-btn-no-style wpex-mb-5 wpex-mr-5 wpex-has-custom-color wpex-x-twitter\" style=\"color:#ffffff;\" data-wpex-hover=\"{&quot;color&quot;:&quot;accent-alt&quot;}\"><span class=\"\" aria-hidden=\"true\"><\/span><span class=\"screen-reader-text\">X-twitter<\/span><\/a><a  href=\"https:\/\/vimeo.com\/user103184170\" class=\"wpex-social-btn wpex-social-btn-no-style wpex-mb-5 wpex-mr-5 wpex-has-custom-color wpex-vimeo\" style=\"color:#ffffff;\" data-wpex-hover=\"{&quot;color&quot;:&quot;accent-alt&quot;}\"><span class=\"ticon ticon-vimeo\" aria-hidden=\"true\"><\/span><span class=\"screen-reader-text\">Vimeo<\/span><\/a><\/div>[\/vc_column][\/vc_row]\n","protected":false},"excerpt":{"rendered":"<p>[vc_row full_width=&#8220;stretch_row&#8220; content_placement=&#8220;middle&#8220; remove_bottom_col_margin=&#8220;true&#8220; css=&#8220;.vc_custom_1750755169004{padding-top: 8px !important;padding-bottom: 4px !important;}&#8220;][vc_column][vc_row_inner content_placement=&#8220;middle&#8220; css=&#8220;.vc_custom_1750755747912{margin-top: 8px !important;margin-bottom: 8px !important;}&#8220;][vc_column_inner width=&#8220;1\/4&#8243;][\/vc_column_inner][vc_column_inner width=&#8220;1\/4&#8243;][\/vc_column_inner][vc_column_inner width=&#8220;1\/4&#8243;][\/vc_column_inner][vc_column_inner width=&#8220;1\/4&#8243;][\/vc_column_inner][\/vc_row_inner][\/vc_column][\/vc_row][vc_row css=&#8220;.vc_custom_1714990515321{margin-top: 88px !important;}&#8220;][vc_column width=&#8220;2\/3&#8243; css=&#8220;.vc_custom_1716370756230{border-left-width: 8px !important;padding-left: 10px !important;border-left-color: #9fc656 !important;border-left-style: solid !important;}&#8220;][vc_column_text]Die Lehren des Sufismus bieten Wege und Methoden f\u00fcr&hellip;<\/p>\n","protected":false},"author":1,"featured_media":0,"parent":0,"menu_order":0,"comment_status":"closed","ping_status":"closed","template":"","meta":{"_EventAllDay":false,"_EventTimezone":"","_EventStartDate":"","_EventEndDate":"","_EventStartDateUTC":"","_EventEndDateUTC":"","_EventShowMap":false,"_EventShowMapLink":false,"_EventURL":"","_EventCost":"","_EventCostDescription":"","_EventCurrencySymbol":"","_EventCurrencyCode":"","_EventCurrencyPosition":"","_EventDateTimeSeparator":"","_EventTimeRangeSeparator":"","_EventOrganizerID":[],"_EventVenueID":[],"_OrganizerEmail":"","_OrganizerPhone":"","_OrganizerWebsite":"","_VenueAddress":"","_VenueCity":"","_VenueCountry":"","_VenueProvince":"","_VenueState":"","_VenueZip":"","_VenuePhone":"","_VenueURL":"","_VenueStateProvince":"","_VenueLat":"","_VenueLng":"","_VenueShowMap":false,"_VenueShowMapLink":false,"footnotes":""},"class_list":["post-26100","page","type-page","status-publish","hentry","entry","no-media"],"yoast_head":"<!-- This site is optimized with the Yoast SEO plugin v24.8.1 - https:\/\/yoast.com\/wordpress\/plugins\/seo\/ -->\n<title>Sufismus &amp; Die Umwelt - MTO Shahmaghsoudi<\/title>\n<meta name=\"robots\" content=\"index, follow, max-snippet:-1, max-image-preview:large, max-video-preview:-1\" \/>\n<link rel=\"canonical\" href=\"https:\/\/mto.org\/de\/sufismus-die-umwelt\/\" \/>\n<meta property=\"og:locale\" content=\"de_DE\" \/>\n<meta property=\"og:type\" content=\"article\" \/>\n<meta property=\"og:title\" content=\"Sufismus &amp; Die Umwelt - MTO Shahmaghsoudi\" \/>\n<meta property=\"og:description\" content=\"[vc_row full_width=&#8220;stretch_row&#8220; content_placement=&#8220;middle&#8220; remove_bottom_col_margin=&#8220;true&#8220; css=&#8220;.vc_custom_1750755169004{padding-top: 8px !important;padding-bottom: 4px !important;}&#8220;][vc_column][vc_row_inner content_placement=&#8220;middle&#8220; css=&#8220;.vc_custom_1750755747912{margin-top: 8px !important;margin-bottom: 8px !important;}&#8220;][vc_column_inner width=&#8220;1\/4&#8243;][\/vc_column_inner][vc_column_inner width=&#8220;1\/4&#8243;][\/vc_column_inner][vc_column_inner width=&#8220;1\/4&#8243;][\/vc_column_inner][vc_column_inner width=&#8220;1\/4&#8243;][\/vc_column_inner][\/vc_row_inner][\/vc_column][\/vc_row][vc_row css=&#8220;.vc_custom_1714990515321{margin-top: 88px !important;}&#8220;][vc_column width=&#8220;2\/3&#8243; css=&#8220;.vc_custom_1716370756230{border-left-width: 8px !important;padding-left: 10px !important;border-left-color: #9fc656 !important;border-left-style: solid !important;}&#8220;][vc_column_text]Die Lehren des Sufismus bieten Wege und Methoden f\u00fcr&hellip;\" \/>\n<meta property=\"og:url\" content=\"https:\/\/mto.org\/de\/sufismus-die-umwelt\/\" \/>\n<meta property=\"og:site_name\" content=\"MTO Shahmaghsoudi\" \/>\n<meta property=\"article:publisher\" content=\"https:\/\/www.facebook.com\/mtoshahmaghsoudi\" \/>\n<meta property=\"article:modified_time\" content=\"2025-08-10T17:51:21+00:00\" \/>\n<meta name=\"twitter:card\" content=\"summary_large_image\" \/>\n<meta name=\"twitter:site\" content=\"@mtoshahmaghsoud\" \/>\n<meta name=\"twitter:label1\" content=\"Gesch\u00e4tzte Lesezeit\" \/>\n\t<meta name=\"twitter:data1\" content=\"4\u00a0Minuten\" \/>\n<script type=\"application\/ld+json\" class=\"yoast-schema-graph\">{\"@context\":\"https:\/\/schema.org\",\"@graph\":[{\"@type\":\"WebPage\",\"@id\":\"https:\/\/mto.org\/de\/sufismus-die-umwelt\/\",\"url\":\"https:\/\/mto.org\/de\/sufismus-die-umwelt\/\",\"name\":\"Sufismus &amp; Die Umwelt - MTO Shahmaghsoudi\",\"isPartOf\":{\"@id\":\"https:\/\/mto.org\/#website\"},\"datePublished\":\"2020-10-10T10:27:24+00:00\",\"dateModified\":\"2025-08-10T17:51:21+00:00\",\"breadcrumb\":{\"@id\":\"https:\/\/mto.org\/de\/sufismus-die-umwelt\/#breadcrumb\"},\"inLanguage\":\"de\",\"potentialAction\":[{\"@type\":\"ReadAction\",\"target\":[\"https:\/\/mto.org\/de\/sufismus-die-umwelt\/\"]}]},{\"@type\":\"BreadcrumbList\",\"@id\":\"https:\/\/mto.org\/de\/sufismus-die-umwelt\/#breadcrumb\",\"itemListElement\":[{\"@type\":\"ListItem\",\"position\":1,\"name\":\"Home\",\"item\":\"https:\/\/mto.org\/de\/\"},{\"@type\":\"ListItem\",\"position\":2,\"name\":\"Sufismus &amp; Die Umwelt\"}]},{\"@type\":\"WebSite\",\"@id\":\"https:\/\/mto.org\/#website\",\"url\":\"https:\/\/mto.org\/\",\"name\":\"MTO Shahmaghsoudi\",\"description\":\"School of Islamic Sufism\",\"publisher\":{\"@id\":\"https:\/\/mto.org\/#organization\"},\"potentialAction\":[{\"@type\":\"SearchAction\",\"target\":{\"@type\":\"EntryPoint\",\"urlTemplate\":\"https:\/\/mto.org\/?s={search_term_string}\"},\"query-input\":{\"@type\":\"PropertyValueSpecification\",\"valueRequired\":true,\"valueName\":\"search_term_string\"}}],\"inLanguage\":\"de\"},{\"@type\":\"Organization\",\"@id\":\"https:\/\/mto.org\/#organization\",\"name\":\"MTO Shahmaghsoudi\",\"url\":\"https:\/\/mto.org\/\",\"logo\":{\"@type\":\"ImageObject\",\"inLanguage\":\"de\",\"@id\":\"https:\/\/mto.org\/#\/schema\/logo\/image\/\",\"url\":\"https:\/\/mto.org\/wp-content\/uploads\/2023\/03\/MTO_LOGO_Header.png\",\"contentUrl\":\"https:\/\/mto.org\/wp-content\/uploads\/2023\/03\/MTO_LOGO_Header.png\",\"width\":200,\"height\":200,\"caption\":\"MTO Shahmaghsoudi\"},\"image\":{\"@id\":\"https:\/\/mto.org\/#\/schema\/logo\/image\/\"},\"sameAs\":[\"https:\/\/www.facebook.com\/mtoshahmaghsoudi\",\"https:\/\/x.com\/mtoshahmaghsoud\",\"https:\/\/www.instagram.com\/mtoshahmaghsoudi\/\"]}]}<\/script>\n<!-- \/ Yoast SEO plugin. -->","yoast_head_json":{"title":"Sufismus &amp; Die Umwelt - MTO Shahmaghsoudi","robots":{"index":"index","follow":"follow","max-snippet":"max-snippet:-1","max-image-preview":"max-image-preview:large","max-video-preview":"max-video-preview:-1"},"canonical":"https:\/\/mto.org\/de\/sufismus-die-umwelt\/","og_locale":"de_DE","og_type":"article","og_title":"Sufismus &amp; Die Umwelt - MTO Shahmaghsoudi","og_description":"[vc_row full_width=&#8220;stretch_row&#8220; content_placement=&#8220;middle&#8220; remove_bottom_col_margin=&#8220;true&#8220; css=&#8220;.vc_custom_1750755169004{padding-top: 8px !important;padding-bottom: 4px !important;}&#8220;][vc_column][vc_row_inner content_placement=&#8220;middle&#8220; css=&#8220;.vc_custom_1750755747912{margin-top: 8px !important;margin-bottom: 8px !important;}&#8220;][vc_column_inner width=&#8220;1\/4&#8243;][\/vc_column_inner][vc_column_inner width=&#8220;1\/4&#8243;][\/vc_column_inner][vc_column_inner width=&#8220;1\/4&#8243;][\/vc_column_inner][vc_column_inner width=&#8220;1\/4&#8243;][\/vc_column_inner][\/vc_row_inner][\/vc_column][\/vc_row][vc_row css=&#8220;.vc_custom_1714990515321{margin-top: 88px !important;}&#8220;][vc_column width=&#8220;2\/3&#8243; css=&#8220;.vc_custom_1716370756230{border-left-width: 8px !important;padding-left: 10px !important;border-left-color: #9fc656 !important;border-left-style: solid !important;}&#8220;][vc_column_text]Die Lehren des Sufismus bieten Wege und Methoden f\u00fcr&hellip;","og_url":"https:\/\/mto.org\/de\/sufismus-die-umwelt\/","og_site_name":"MTO Shahmaghsoudi","article_publisher":"https:\/\/www.facebook.com\/mtoshahmaghsoudi","article_modified_time":"2025-08-10T17:51:21+00:00","twitter_card":"summary_large_image","twitter_site":"@mtoshahmaghsoud","twitter_misc":{"Gesch\u00e4tzte Lesezeit":"4\u00a0Minuten"},"schema":{"@context":"https:\/\/schema.org","@graph":[{"@type":"WebPage","@id":"https:\/\/mto.org\/de\/sufismus-die-umwelt\/","url":"https:\/\/mto.org\/de\/sufismus-die-umwelt\/","name":"Sufismus &amp; Die Umwelt - MTO Shahmaghsoudi","isPartOf":{"@id":"https:\/\/mto.org\/#website"},"datePublished":"2020-10-10T10:27:24+00:00","dateModified":"2025-08-10T17:51:21+00:00","breadcrumb":{"@id":"https:\/\/mto.org\/de\/sufismus-die-umwelt\/#breadcrumb"},"inLanguage":"de","potentialAction":[{"@type":"ReadAction","target":["https:\/\/mto.org\/de\/sufismus-die-umwelt\/"]}]},{"@type":"BreadcrumbList","@id":"https:\/\/mto.org\/de\/sufismus-die-umwelt\/#breadcrumb","itemListElement":[{"@type":"ListItem","position":1,"name":"Home","item":"https:\/\/mto.org\/de\/"},{"@type":"ListItem","position":2,"name":"Sufismus &amp; Die Umwelt"}]},{"@type":"WebSite","@id":"https:\/\/mto.org\/#website","url":"https:\/\/mto.org\/","name":"MTO Shahmaghsoudi","description":"School of Islamic Sufism","publisher":{"@id":"https:\/\/mto.org\/#organization"},"potentialAction":[{"@type":"SearchAction","target":{"@type":"EntryPoint","urlTemplate":"https:\/\/mto.org\/?s={search_term_string}"},"query-input":{"@type":"PropertyValueSpecification","valueRequired":true,"valueName":"search_term_string"}}],"inLanguage":"de"},{"@type":"Organization","@id":"https:\/\/mto.org\/#organization","name":"MTO Shahmaghsoudi","url":"https:\/\/mto.org\/","logo":{"@type":"ImageObject","inLanguage":"de","@id":"https:\/\/mto.org\/#\/schema\/logo\/image\/","url":"https:\/\/mto.org\/wp-content\/uploads\/2023\/03\/MTO_LOGO_Header.png","contentUrl":"https:\/\/mto.org\/wp-content\/uploads\/2023\/03\/MTO_LOGO_Header.png","width":200,"height":200,"caption":"MTO Shahmaghsoudi"},"image":{"@id":"https:\/\/mto.org\/#\/schema\/logo\/image\/"},"sameAs":["https:\/\/www.facebook.com\/mtoshahmaghsoudi","https:\/\/x.com\/mtoshahmaghsoud","https:\/\/www.instagram.com\/mtoshahmaghsoudi\/"]}]}},"_links":{"self":[{"href":"https:\/\/mto.org\/de\/wp-json\/wp\/v2\/pages\/26100","targetHints":{"allow":["GET"]}}],"collection":[{"href":"https:\/\/mto.org\/de\/wp-json\/wp\/v2\/pages"}],"about":[{"href":"https:\/\/mto.org\/de\/wp-json\/wp\/v2\/types\/page"}],"author":[{"embeddable":true,"href":"https:\/\/mto.org\/de\/wp-json\/wp\/v2\/users\/1"}],"replies":[{"embeddable":true,"href":"https:\/\/mto.org\/de\/wp-json\/wp\/v2\/comments?post=26100"}],"version-history":[{"count":9,"href":"https:\/\/mto.org\/de\/wp-json\/wp\/v2\/pages\/26100\/revisions"}],"predecessor-version":[{"id":26161,"href":"https:\/\/mto.org\/de\/wp-json\/wp\/v2\/pages\/26100\/revisions\/26161"}],"wp:attachment":[{"href":"https:\/\/mto.org\/de\/wp-json\/wp\/v2\/media?parent=26100"}],"curies":[{"name":"wp","href":"https:\/\/api.w.org\/{rel}","templated":true}]}}