{"id":10462,"date":"2022-09-22T15:51:23","date_gmt":"2022-09-22T13:51:23","guid":{"rendered":"https:\/\/mto.org\/404-2\/"},"modified":"2023-05-08T11:35:47","modified_gmt":"2023-05-08T09:35:47","slug":"404-de","status":"publish","type":"page","link":"https:\/\/mto.org\/de\/404-de\/","title":{"rendered":"404"},"content":{"rendered":"[vc_row content_placement=&#8220;middle&#8220; column_spacing=&#8220;5&#8243; min_height=&#8220;45vh&#8220; css=&#8220;.vc_custom_1678808738541{padding-top: 8vh !important;padding-bottom: 8vh !important;background-image: url(https:\/\/mto.org\/wp-content\/uploads\/2022\/09\/MTO_404.png?id=2912) !important;background-position: center !important;background-repeat: no-repeat !important;background-size: cover !important;border-radius: 15px !important;}&#8220;][vc_column width=&#8220;1\/2&#8243; css=&#8220;.vc_custom_1678809029131{padding-right: 40px !important;padding-left: 40px !important;}&#8220;]<h1 class=\"vcex-heading vcex-module wpex-text-2xl wpex-font-normal wpex-m-auto wpex-max-w-100 vcex-heading-plain wpex-h1 wpex-block\" data-wpex-rcss='{&quot;font-size&quot;:{&quot;d&quot;:&quot;120px&quot;,&quot;tl&quot;:&quot;100px&quot;,&quot;tp&quot;:&quot;80px&quot;,&quot;pl&quot;:&quot;60px&quot;,&quot;pp&quot;:&quot;40px&quot;}}' style=\"color:#ffffff;\"><span class=\"vcex-heading-inner wpex-inline-block wpex-clr\">404<\/span><\/h1><h2 class=\"vcex-heading vcex-module wpex-text-2xl wpex-font-normal wpex-m-auto wpex-max-w-100 vcex-heading-plain wpex-h2 wpex-block\" style=\"color:#ffffff;\"><span class=\"vcex-heading-inner wpex-inline-block wpex-clr\">Entschuldigung, dieser Link ist irgendwo verloren gegangen.<\/span><\/h2><div class=\"vcex-spacing wpex-w-100 wpex-clear\" style=\"height:20px\"><\/div>[vc_column_text]Benutzen Sie bitte die Links unten, die Suchfunktion oder das Men\u00fc, um zum gew\u00fcnschten Ort zur\u00fcckzukehren. Vielen Dank.[\/vc_column_text]<div class=\"vcex-spacing wpex-w-100 wpex-clear\" style=\"height:20px\"><\/div><div class=\"vcex-module vcex-searchbar wpex-relative wpex-max-w-100 wpex-text-lg wpex-clr vcex-fullwidth-mobile wpex-mb-15\"><form method=\"get\" class=\"vcex-searchbar-form\" action=\"https:\/\/mto.org\/de\/\" style=\"font-size:13px;\"><label><span class=\"screen-reader-text\">Wonach suchen Sie?<\/span><input type=\"search\" class=\"vcex-searchbar-input\" name=\"s\" placeholder=\"Wonach suchen Sie?\" style=\"border-color:#000000;border-width:2px;padding-top:8px;padding-bottom:8px;\" \/><\/label><button class=\"vcex-searchbar-button\" style=\"font-size:13px;text-transform:uppercase;border-radius:4px;\">Suche<\/button><\/form><\/div><div class=\"vcex-spacing wpex-w-100 wpex-clear\" style=\"height:20px\"><\/div>[\/vc_column][vc_column width=&#8220;1\/2&#8243;][\/vc_column][\/vc_row][vc_row css=&#8220;.vc_custom_1678808748889{margin-top: 80px !important;margin-bottom: 80px !important;}&#8220;][vc_column width=&#8220;1\/2&#8243;]<h3 class=\"vcex-heading vcex-module wpex-text-2xl wpex-font-normal wpex-m-auto wpex-max-w-100 vcex-heading-plain wpex-h3 wpex-block wpex-rounded-sm vc_custom_1678808972121 transition-all\" data-wpex-rcss='{&quot;font-size&quot;:{&quot;d&quot;:&quot;17px&quot;,&quot;tl&quot;:&quot;16px&quot;,&quot;tp&quot;:&quot;16px&quot;,&quot;pl&quot;:&quot;15px&quot;,&quot;pp&quot;:&quot;15px&quot;}}' data-wpex-hover=\"{&quot;color&quot;:&quot;#ffffff&quot;,&quot;background&quot;:&quot;#000000&quot;}\" style=\"color:#000000;\"><a href=\"https:\/\/mto.org\/de\/\" title=\"Startseite\" class=\"wpex-no-underline wpex-inherit-color wpex-block\"\"><span class=\"vcex-heading-inner wpex-inline-block wpex-clr\"><span class=\"vcex-icon-wrap wpex-mr-15\" style=\"color:#000000;\"><span class=\"fas fa-home\" aria-hidden=\"true\"><\/span><\/span>Startseite<\/span><\/a><\/h3><h3 class=\"vcex-heading vcex-module wpex-text-2xl wpex-font-normal wpex-m-auto wpex-max-w-100 vcex-heading-plain wpex-h3 wpex-block vc_custom_1678808957206 transition-all\" data-wpex-rcss='{&quot;font-size&quot;:{&quot;d&quot;:&quot;17px&quot;,&quot;tl&quot;:&quot;16px&quot;,&quot;tp&quot;:&quot;16px&quot;,&quot;pl&quot;:&quot;15px&quot;,&quot;pp&quot;:&quot;15px&quot;}}' data-wpex-hover=\"{&quot;color&quot;:&quot;#ffffff&quot;,&quot;background&quot;:&quot;#000000&quot;}\" style=\"color:#000000;\"><a href=\"https:\/\/mto.org\/de\/kontakte\/\" title=\"News & Events\" class=\"wpex-no-underline wpex-inherit-color wpex-block\"\"><span class=\"vcex-heading-inner wpex-inline-block wpex-clr\"><span class=\"vcex-icon-wrap wpex-mr-15\" style=\"color:#000000;\"><span class=\"fas fa-envelope\" aria-hidden=\"true\"><\/span><\/span>Kontakt<\/span><\/a><\/h3>[\/vc_column][vc_column width=&#8220;1\/2&#8243;]<h3 class=\"vcex-heading vcex-module wpex-text-2xl wpex-font-normal wpex-m-auto wpex-max-w-100 vcex-heading-plain wpex-h3 wpex-block vc_custom_1678808979391 transition-all\" data-wpex-hover=\"{&quot;color&quot;:&quot;#ffffff&quot;,&quot;background&quot;:&quot;rgba(242,168,29,0.92)&quot;}\"><a href=\"\/de\/nachrichten-und-geschichten\/\" title=\"Nachrichten\" class=\"wpex-no-underline wpex-inherit-color wpex-block\"\"><span class=\"vcex-heading-inner wpex-inline-block wpex-clr\"><span class=\"vcex-icon-wrap wpex-mr-15\" style=\"color:#f2a81d;\"><span class=\"far fa-newspaper\" aria-hidden=\"true\"><\/span><\/span>Alle Nachrichten <span class=\"wpex-badge\">Blog<\/span><\/span><\/a><\/h3><h3 class=\"vcex-heading vcex-module wpex-text-2xl wpex-font-normal wpex-m-auto wpex-max-w-100 vcex-heading-plain wpex-h3 wpex-block vc_custom_1678808993408 transition-all\" data-wpex-hover=\"{&quot;color&quot;:&quot;#ffffff&quot;,&quot;background&quot;:&quot;rgba(52,191,166,0.95)&quot;}\"><a href=\"\/de\/presseraum\/\" title=\"Press Room\" class=\"wpex-no-underline wpex-inherit-color wpex-block\"\"><span class=\"vcex-heading-inner wpex-inline-block wpex-clr\"><span class=\"vcex-icon-wrap wpex-mr-15\" style=\"color:#34bfa6;\"><span class=\"far fa-address-card\" aria-hidden=\"true\"><\/span><\/span>Presseraum <span class=\"wpex-badge\">Medien &amp; Kontakte<\/span><\/span><\/a><\/h3>[\/vc_column][\/vc_row]\n","protected":false},"excerpt":{"rendered":"<p>[vc_row content_placement=&#8220;middle&#8220; column_spacing=&#8220;5&#8243; min_height=&#8220;45vh&#8220; css=&#8220;.vc_custom_1678808738541{padding-top: 8vh !important;padding-bottom: 8vh !important;background-image: url(https:\/\/mto.org\/wp-content\/uploads\/2022\/09\/MTO_404.png?id=2912) !important;background-position: center !important;background-repeat: no-repeat !important;background-size: cover !important;border-radius: 15px !important;}&#8220;][vc_column width=&#8220;1\/2&#8243; css=&#8220;.vc_custom_1678809029131{padding-right: 40px !important;padding-left: 40px !important;}&#8220;][vc_column_text]Benutzen Sie bitte die Links unten, die Suchfunktion oder das Men\u00fc, um zum gew\u00fcnschten Ort zur\u00fcckzukehren.&hellip;<\/p>\n","protected":false},"author":1,"featured_media":0,"parent":0,"menu_order":0,"comment_status":"closed","ping_status":"closed","template":"","meta":{"_EventAllDay":false,"_EventTimezone":"","_EventStartDate":"","_EventEndDate":"","_EventStartDateUTC":"","_EventEndDateUTC":"","_EventShowMap":false,"_EventShowMapLink":false,"_EventURL":"","_EventCost":"","_EventCostDescription":"","_EventCurrencySymbol":"","_EventCurrencyCode":"","_EventCurrencyPosition":"","_EventDateTimeSeparator":"","_EventTimeRangeSeparator":"","_EventOrganizerID":[],"_EventVenueID":[],"_OrganizerEmail":"","_OrganizerPhone":"","_OrganizerWebsite":"","_VenueAddress":"","_VenueCity":"","_VenueCountry":"","_VenueProvince":"","_VenueState":"","_VenueZip":"","_VenuePhone":"","_VenueURL":"","_VenueStateProvince":"","_VenueLat":"","_VenueLng":"","_VenueShowMap":false,"_VenueShowMapLink":false,"footnotes":""},"class_list":["post-10462","page","type-page","status-publish","hentry","entry","no-media"],"yoast_head":"<!-- This site is optimized with the Yoast SEO plugin v24.8.1 - https:\/\/yoast.com\/wordpress\/plugins\/seo\/ -->\n<title>404 - MTO Shahmaghsoudi<\/title>\n<meta name=\"robots\" content=\"index, follow, max-snippet:-1, max-image-preview:large, max-video-preview:-1\" \/>\n<link rel=\"canonical\" href=\"https:\/\/mto.org\/de\/404-de\/\" \/>\n<meta property=\"og:locale\" content=\"de_DE\" \/>\n<meta property=\"og:type\" content=\"article\" \/>\n<meta property=\"og:title\" content=\"404 - MTO Shahmaghsoudi\" \/>\n<meta property=\"og:description\" content=\"[vc_row content_placement=&#8220;middle&#8220; column_spacing=&#8220;5&#8243; min_height=&#8220;45vh&#8220; css=&#8220;.vc_custom_1678808738541{padding-top: 8vh !important;padding-bottom: 8vh !important;background-image: url(https:\/\/mto.org\/wp-content\/uploads\/2022\/09\/MTO_404.png?id=2912) !important;background-position: center !important;background-repeat: no-repeat !important;background-size: cover !important;border-radius: 15px !important;}&#8220;][vc_column width=&#8220;1\/2&#8243; css=&#8220;.vc_custom_1678809029131{padding-right: 40px !important;padding-left: 40px !important;}&#8220;][vc_column_text]Benutzen Sie bitte die Links unten, die Suchfunktion oder das Men\u00fc, um zum gew\u00fcnschten Ort zur\u00fcckzukehren.&hellip;\" \/>\n<meta property=\"og:url\" content=\"https:\/\/mto.org\/de\/404-de\/\" \/>\n<meta property=\"og:site_name\" content=\"MTO Shahmaghsoudi\" \/>\n<meta property=\"article:publisher\" content=\"https:\/\/www.facebook.com\/mtoshahmaghsoudi\" \/>\n<meta property=\"article:modified_time\" content=\"2023-05-08T09:35:47+00:00\" \/>\n<meta name=\"twitter:card\" content=\"summary_large_image\" \/>\n<meta name=\"twitter:site\" content=\"@mtoshahmaghsoud\" \/>\n<meta name=\"twitter:label1\" content=\"Gesch\u00e4tzte Lesezeit\" \/>\n\t<meta name=\"twitter:data1\" content=\"2\u00a0Minuten\" \/>\n<script type=\"application\/ld+json\" class=\"yoast-schema-graph\">{\"@context\":\"https:\/\/schema.org\",\"@graph\":[{\"@type\":\"WebPage\",\"@id\":\"https:\/\/mto.org\/de\/404-de\/\",\"url\":\"https:\/\/mto.org\/de\/404-de\/\",\"name\":\"404 - MTO Shahmaghsoudi\",\"isPartOf\":{\"@id\":\"https:\/\/mto.org\/#website\"},\"datePublished\":\"2022-09-22T13:51:23+00:00\",\"dateModified\":\"2023-05-08T09:35:47+00:00\",\"breadcrumb\":{\"@id\":\"https:\/\/mto.org\/de\/404-de\/#breadcrumb\"},\"inLanguage\":\"de\",\"potentialAction\":[{\"@type\":\"ReadAction\",\"target\":[\"https:\/\/mto.org\/de\/404-de\/\"]}]},{\"@type\":\"BreadcrumbList\",\"@id\":\"https:\/\/mto.org\/de\/404-de\/#breadcrumb\",\"itemListElement\":[{\"@type\":\"ListItem\",\"position\":1,\"name\":\"Home\",\"item\":\"https:\/\/mto.org\/de\/\"},{\"@type\":\"ListItem\",\"position\":2,\"name\":\"404\"}]},{\"@type\":\"WebSite\",\"@id\":\"https:\/\/mto.org\/#website\",\"url\":\"https:\/\/mto.org\/\",\"name\":\"MTO Shahmaghsoudi\",\"description\":\"School of Islamic Sufism\",\"publisher\":{\"@id\":\"https:\/\/mto.org\/#organization\"},\"potentialAction\":[{\"@type\":\"SearchAction\",\"target\":{\"@type\":\"EntryPoint\",\"urlTemplate\":\"https:\/\/mto.org\/?s={search_term_string}\"},\"query-input\":{\"@type\":\"PropertyValueSpecification\",\"valueRequired\":true,\"valueName\":\"search_term_string\"}}],\"inLanguage\":\"de\"},{\"@type\":\"Organization\",\"@id\":\"https:\/\/mto.org\/#organization\",\"name\":\"MTO Shahmaghsoudi\",\"url\":\"https:\/\/mto.org\/\",\"logo\":{\"@type\":\"ImageObject\",\"inLanguage\":\"de\",\"@id\":\"https:\/\/mto.org\/#\/schema\/logo\/image\/\",\"url\":\"https:\/\/mto.org\/wp-content\/uploads\/2023\/03\/MTO_LOGO_Header.png\",\"contentUrl\":\"https:\/\/mto.org\/wp-content\/uploads\/2023\/03\/MTO_LOGO_Header.png\",\"width\":200,\"height\":200,\"caption\":\"MTO Shahmaghsoudi\"},\"image\":{\"@id\":\"https:\/\/mto.org\/#\/schema\/logo\/image\/\"},\"sameAs\":[\"https:\/\/www.facebook.com\/mtoshahmaghsoudi\",\"https:\/\/x.com\/mtoshahmaghsoud\",\"https:\/\/www.instagram.com\/mtoshahmaghsoudi\/\"]}]}<\/script>\n<!-- \/ Yoast SEO plugin. -->","yoast_head_json":{"title":"404 - MTO Shahmaghsoudi","robots":{"index":"index","follow":"follow","max-snippet":"max-snippet:-1","max-image-preview":"max-image-preview:large","max-video-preview":"max-video-preview:-1"},"canonical":"https:\/\/mto.org\/de\/404-de\/","og_locale":"de_DE","og_type":"article","og_title":"404 - MTO Shahmaghsoudi","og_description":"[vc_row content_placement=&#8220;middle&#8220; column_spacing=&#8220;5&#8243; min_height=&#8220;45vh&#8220; css=&#8220;.vc_custom_1678808738541{padding-top: 8vh !important;padding-bottom: 8vh !important;background-image: url(https:\/\/mto.org\/wp-content\/uploads\/2022\/09\/MTO_404.png?id=2912) !important;background-position: center !important;background-repeat: no-repeat !important;background-size: cover !important;border-radius: 15px !important;}&#8220;][vc_column width=&#8220;1\/2&#8243; css=&#8220;.vc_custom_1678809029131{padding-right: 40px !important;padding-left: 40px !important;}&#8220;][vc_column_text]Benutzen Sie bitte die Links unten, die Suchfunktion oder das Men\u00fc, um zum gew\u00fcnschten Ort zur\u00fcckzukehren.&hellip;","og_url":"https:\/\/mto.org\/de\/404-de\/","og_site_name":"MTO Shahmaghsoudi","article_publisher":"https:\/\/www.facebook.com\/mtoshahmaghsoudi","article_modified_time":"2023-05-08T09:35:47+00:00","twitter_card":"summary_large_image","twitter_site":"@mtoshahmaghsoud","twitter_misc":{"Gesch\u00e4tzte Lesezeit":"2\u00a0Minuten"},"schema":{"@context":"https:\/\/schema.org","@graph":[{"@type":"WebPage","@id":"https:\/\/mto.org\/de\/404-de\/","url":"https:\/\/mto.org\/de\/404-de\/","name":"404 - MTO Shahmaghsoudi","isPartOf":{"@id":"https:\/\/mto.org\/#website"},"datePublished":"2022-09-22T13:51:23+00:00","dateModified":"2023-05-08T09:35:47+00:00","breadcrumb":{"@id":"https:\/\/mto.org\/de\/404-de\/#breadcrumb"},"inLanguage":"de","potentialAction":[{"@type":"ReadAction","target":["https:\/\/mto.org\/de\/404-de\/"]}]},{"@type":"BreadcrumbList","@id":"https:\/\/mto.org\/de\/404-de\/#breadcrumb","itemListElement":[{"@type":"ListItem","position":1,"name":"Home","item":"https:\/\/mto.org\/de\/"},{"@type":"ListItem","position":2,"name":"404"}]},{"@type":"WebSite","@id":"https:\/\/mto.org\/#website","url":"https:\/\/mto.org\/","name":"MTO Shahmaghsoudi","description":"School of Islamic Sufism","publisher":{"@id":"https:\/\/mto.org\/#organization"},"potentialAction":[{"@type":"SearchAction","target":{"@type":"EntryPoint","urlTemplate":"https:\/\/mto.org\/?s={search_term_string}"},"query-input":{"@type":"PropertyValueSpecification","valueRequired":true,"valueName":"search_term_string"}}],"inLanguage":"de"},{"@type":"Organization","@id":"https:\/\/mto.org\/#organization","name":"MTO Shahmaghsoudi","url":"https:\/\/mto.org\/","logo":{"@type":"ImageObject","inLanguage":"de","@id":"https:\/\/mto.org\/#\/schema\/logo\/image\/","url":"https:\/\/mto.org\/wp-content\/uploads\/2023\/03\/MTO_LOGO_Header.png","contentUrl":"https:\/\/mto.org\/wp-content\/uploads\/2023\/03\/MTO_LOGO_Header.png","width":200,"height":200,"caption":"MTO Shahmaghsoudi"},"image":{"@id":"https:\/\/mto.org\/#\/schema\/logo\/image\/"},"sameAs":["https:\/\/www.facebook.com\/mtoshahmaghsoudi","https:\/\/x.com\/mtoshahmaghsoud","https:\/\/www.instagram.com\/mtoshahmaghsoudi\/"]}]}},"_links":{"self":[{"href":"https:\/\/mto.org\/de\/wp-json\/wp\/v2\/pages\/10462","targetHints":{"allow":["GET"]}}],"collection":[{"href":"https:\/\/mto.org\/de\/wp-json\/wp\/v2\/pages"}],"about":[{"href":"https:\/\/mto.org\/de\/wp-json\/wp\/v2\/types\/page"}],"author":[{"embeddable":true,"href":"https:\/\/mto.org\/de\/wp-json\/wp\/v2\/users\/1"}],"replies":[{"embeddable":true,"href":"https:\/\/mto.org\/de\/wp-json\/wp\/v2\/comments?post=10462"}],"version-history":[{"count":10,"href":"https:\/\/mto.org\/de\/wp-json\/wp\/v2\/pages\/10462\/revisions"}],"predecessor-version":[{"id":18674,"href":"https:\/\/mto.org\/de\/wp-json\/wp\/v2\/pages\/10462\/revisions\/18674"}],"wp:attachment":[{"href":"https:\/\/mto.org\/de\/wp-json\/wp\/v2\/media?parent=10462"}],"curies":[{"name":"wp","href":"https:\/\/api.w.org\/{rel}","templated":true}]}}